{"id":1153,"date":"2022-07-16T16:48:41","date_gmt":"2022-07-16T16:48:41","guid":{"rendered":"https:\/\/life-platform.com\/?page_id=1153"},"modified":"2022-07-16T16:48:41","modified_gmt":"2022-07-16T16:48:41","slug":"login","status":"publish","type":"page","link":"https:\/\/life-platform.com\/de\/login\/","title":{"rendered":"Login"},"content":{"rendered":"<form class=\"woocommerce-form woocommerce-form-login login\" method=\"post\" >\r\n\r\n\t\r\n\t\t<h2>Bei Ihrem Konto anmelden<\/h2>\r\n\t<div class=\"register-here-wrapper\">\r\n\r\n\t\t<p class=\"register-text\">Sie haben noch kein Konto? \t\t\t\t\t\t\t<a href=\"https:\/\/life-platform.com\/de\/\/register\">Mitglied werden<\/a>\r\n\t\t\t\t\t<\/p>\r\n\t<\/div>\r\n\t<div class=\"register-info-wrapper\">\r\n\t\t<h4 class=\"register-info-title\">ChronoShield Longevity Club<\/h4>\r\n\t\t<p class=\"register-info-title\">Ein exklusiver Club f\u00fcr Menschen, die ihre Gesundheit als oberste Priorit\u00e4t ansehen.<\/p>\r\n\t<\/div>\r\n\t<div class=\"form-inputs-wrapper\">\r\n\t\t<div class=\"form-row form-row-first\">\r\n\t\t\t<label for=\"username\">E-Mail Adresse&nbsp;<span class=\"required\">*<\/span><\/label>\r\n\t\t\t<input type=\"text\" class=\"input-text\" name=\"username\" id=\"username\" autocomplete=\"username\" placeholder=\"Ihre E-Mail Adresse\" \/>\r\n\t\t<\/div>\r\n\t\t<div class=\"form-row form-row-last\">\r\n\t\t\t<div class=\"form-row-one-row\">\r\n\t\t\t\t<label for=\"password\">Passwort&nbsp;<span class=\"required\">*<\/span><\/label>\r\n\t\t\t\t<a href=\"https:\/\/life-platform.com\/de\/my-account\/lost-password\/\">Passwort vergessen?<\/a>\r\n\t\t\t<\/div>\r\n\t\t\t<input class=\"input-text\" type=\"password\" name=\"password\" id=\"password\" autocomplete=\"current-password\" placeholder=\"Ihr Passwort\" \/>\r\n\t\t<\/div>\r\n\r\n\t\t<p class=\"form-row rememberme\">\r\n\t\t\t<span class=\"woocommerce-form__label woocommerce-form__label-for-checkbox woocommerce-form-login__rememberme\">\r\n\t\t\t\t<input class=\"woocommerce-form__input woocommerce-form__input-checkbox\" name=\"rememberme\" type=\"checkbox\" id=\"rememberme\" value=\"forever\" \/>\r\n\t\t\t\t<label for=\"rememberme\">Angemeldet bleiben<\/span>\r\n\t\t\t<\/label>\r\n\t\t\t<input type=\"hidden\" id=\"woocommerce-login-nonce\" name=\"woocommerce-login-nonce\" value=\"083fba341f\" \/><input type=\"hidden\" name=\"_wp_http_referer\" value=\"\/de\/wp-json\/wp\/v2\/pages\/1153\" \/>\t\t\t<input type=\"hidden\" name=\"redirect\" value=\"https:\/\/life-platform.com\/de\/\" \/>\r\n\t\t<\/p>\r\n\r\n\t\t<div class=\"button-wrapper\">\r\n\t\t\t<button type=\"submit\" class=\"woocommerce-button button woocommerce-form-login__submit\" name=\"login\" value=\"Anmelden\">Anmelden<\/button>\r\n\r\n\t\t<\/div>\r\n\t<\/div>\r\n\t<div class=\"clear\"><\/div>\r\n\r\n\t\r\n\r\n\r\n\r\n\t<div class=\"clear\"><\/div>\r\n\r\n\t\r\n\t<div class=\"trigger-container\">\r\n\t\t<p class=\"not-trigger\">Brauchen Sie Hilfe?<\/p>\r\n\t\t<div class=\"contact-form-trigger\">\r\n\t\t\t<p>Kontakt<\/p>\r\n\t\t<\/div>\r\n\t<\/div>\r\n\r\n<\/form>\r\n<div class=\"contact-wrapper\">\r\n        <div class=\"contact-inner\">\r\n            <div class=\"contact-inner-top\">\r\n                <h3>Kontakt<\/h3>\r\n                <svg class=\"form-close\" width=\"32\" height=\"32\" fill=\"none\" xmlns=\"http:\/\/www.w3.org\/2000\/svg\">\r\n                    <path d=\"m16.001 14.115 6.6-6.6L24.486 9.4l-6.6 6.6 6.6 6.6-1.885 1.885-6.6-6.6-6.6 6.6L7.516 22.6l6.6-6.6-6.6-6.6L9.4 7.515l6.6 6.6Z\" fill=\"#A17B39\" \/>\r\n                <\/svg>\r\n            <\/div>\r\n                                                                                    \r\n                <div class=\"contact-text\">\r\n                    Wir w\u00fcrden uns freuen, von Ihnen zu h\u00f6ren. Wenn Sie uns lieber anrufen m\u00f6chten, hier ist unsere Telefonnummer <a href=\"tel:+385916192209\">+385 91 619 2209<\/a>.                <\/div>\r\n                        <div role=\"form\" class=\"wpcf7\" id=\"wpcf7-f1185-o1\" lang=\"de-DE\" dir=\"ltr\">\n<div class=\"screen-reader-response\"><p role=\"status\" aria-live=\"polite\" aria-atomic=\"true\"><\/p> <ul><\/ul><\/div>\n<form action=\"\/de\/wp-json\/wp\/v2\/pages\/1153#wpcf7-f1185-o1\" method=\"post\" class=\"wpcf7-form init\" novalidate=\"novalidate\" data-status=\"init\">\n<div style=\"display: none;\">\n<input type=\"hidden\" name=\"_wpcf7\" value=\"1185\" \/>\n<input type=\"hidden\" name=\"_wpcf7_version\" value=\"5.6.4\" \/>\n<input type=\"hidden\" name=\"_wpcf7_locale\" value=\"de_DE\" \/>\n<input type=\"hidden\" name=\"_wpcf7_unit_tag\" value=\"wpcf7-f1185-o1\" \/>\n<input type=\"hidden\" name=\"_wpcf7_container_post\" value=\"0\" \/>\n<input type=\"hidden\" name=\"_wpcf7_posted_data_hash\" value=\"\" \/>\n<\/div>\n<div class=\"name-email-wrapper\">\n<div class=\"name-wrapper\"><label> Voller Name<br \/>\n    <span class=\"wpcf7-form-control-wrap\" data-name=\"your-name\"><input type=\"text\" name=\"your-name\" value=\"\" size=\"40\" class=\"wpcf7-form-control wpcf7-text wpcf7-validates-as-required\" aria-required=\"true\" aria-invalid=\"false\" placeholder=\"Ihr voller Name\" \/><\/span> <\/label><\/div>\n<div class=\"email-wrapper\"><label> Email Adresse<br \/>\n    <span class=\"wpcf7-form-control-wrap\" data-name=\"your-email\"><input type=\"email\" name=\"your-email\" value=\"\" size=\"40\" class=\"wpcf7-form-control wpcf7-text wpcf7-email wpcf7-validates-as-required wpcf7-validates-as-email\" aria-required=\"true\" aria-invalid=\"false\" placeholder=\"Ihre Email Adresse\" \/><\/span> <\/label>\n<\/div>\n<\/div>\n<div class=\"message-wrapper\"><label> Ihre Nachricht<br \/>\n    <span class=\"wpcf7-form-control-wrap\" data-name=\"your-message\"><textarea name=\"your-message\" cols=\"40\" rows=\"10\" class=\"wpcf7-form-control wpcf7-textarea\" aria-invalid=\"false\" placeholder=\"Geben Sie Ihre Nachricht ein...\"><\/textarea><\/span> <\/label><\/div>\n<div class=\"submit-wrapper\"><input type=\"submit\" value=\"Nachricht senden\" class=\"wpcf7-form-control has-spinner wpcf7-submit\" \/><\/div>\n<div class=\"wpcf7-response-output\" aria-hidden=\"true\"><\/div><\/form><\/div>        <\/div>\r\n    <\/div>\r\n\n","protected":false},"excerpt":{"rendered":"","protected":false},"author":1,"featured_media":0,"parent":0,"menu_order":0,"comment_status":"closed","ping_status":"closed","template":"","meta":{"arc_restricted_post":false},"yoast_head":"<!-- This site is optimized with the Yoast SEO plugin v19.10 - https:\/\/yoast.com\/wordpress\/plugins\/seo\/ -->\n<title>Login - ChronoShield<\/title>\n<meta name=\"robots\" content=\"index, follow, max-snippet:-1, max-image-preview:large, max-video-preview:-1\" \/>\n<link rel=\"canonical\" href=\"https:\/\/life-platform.com\/de\/login\/\" \/>\n<meta property=\"og:locale\" content=\"de_DE\" \/>\n<meta property=\"og:type\" content=\"article\" \/>\n<meta property=\"og:title\" content=\"Login - ChronoShield\" \/>\n<meta property=\"og:url\" content=\"https:\/\/life-platform.com\/de\/login\/\" \/>\n<meta property=\"og:site_name\" content=\"ChronoShield\" \/>\n<meta name=\"twitter:card\" content=\"summary_large_image\" \/>\n<script type=\"application\/ld+json\" class=\"yoast-schema-graph\">{\"@context\":\"https:\/\/schema.org\",\"@graph\":[{\"@type\":\"WebPage\",\"@id\":\"https:\/\/life-platform.com\/de\/login\/\",\"url\":\"https:\/\/life-platform.com\/de\/login\/\",\"name\":\"Login - ChronoShield\",\"isPartOf\":{\"@id\":\"https:\/\/life-platform.com\/#website\"},\"datePublished\":\"2022-07-16T16:48:41+00:00\",\"dateModified\":\"2022-07-16T16:48:41+00:00\",\"breadcrumb\":{\"@id\":\"https:\/\/life-platform.com\/de\/login\/#breadcrumb\"},\"inLanguage\":\"de-DE\",\"potentialAction\":[{\"@type\":\"ReadAction\",\"target\":[\"https:\/\/life-platform.com\/de\/login\/\"]}]},{\"@type\":\"BreadcrumbList\",\"@id\":\"https:\/\/life-platform.com\/de\/login\/#breadcrumb\",\"itemListElement\":[{\"@type\":\"ListItem\",\"position\":1,\"name\":\"Home\",\"item\":\"https:\/\/life-platform.com\/de\/\"},{\"@type\":\"ListItem\",\"position\":2,\"name\":\"Login\"}]},{\"@type\":\"WebSite\",\"@id\":\"https:\/\/life-platform.com\/#website\",\"url\":\"https:\/\/life-platform.com\/\",\"name\":\"ChronoShield\",\"description\":\"\",\"publisher\":{\"@id\":\"https:\/\/life-platform.com\/#organization\"},\"potentialAction\":[{\"@type\":\"SearchAction\",\"target\":{\"@type\":\"EntryPoint\",\"urlTemplate\":\"https:\/\/life-platform.com\/?s={search_term_string}\"},\"query-input\":\"required name=search_term_string\"}],\"inLanguage\":\"de-DE\"},{\"@type\":\"Organization\",\"@id\":\"https:\/\/life-platform.com\/#organization\",\"name\":\"Chronoshield\",\"url\":\"https:\/\/life-platform.com\/\",\"logo\":{\"@type\":\"ImageObject\",\"inLanguage\":\"de-DE\",\"@id\":\"https:\/\/life-platform.com\/#\/schema\/logo\/image\/\",\"url\":\"https:\/\/life-platform.com\/wp-content\/uploads\/2022\/07\/logo.png\",\"contentUrl\":\"https:\/\/life-platform.com\/wp-content\/uploads\/2022\/07\/logo.png\",\"width\":345,\"height\":64,\"caption\":\"Chronoshield\"},\"image\":{\"@id\":\"https:\/\/life-platform.com\/#\/schema\/logo\/image\/\"}}]}<\/script>\n<!-- \/ Yoast SEO plugin. -->","yoast_head_json":{"title":"Login - ChronoShield","robots":{"index":"index","follow":"follow","max-snippet":"max-snippet:-1","max-image-preview":"max-image-preview:large","max-video-preview":"max-video-preview:-1"},"canonical":"https:\/\/life-platform.com\/de\/login\/","og_locale":"de_DE","og_type":"article","og_title":"Login - ChronoShield","og_url":"https:\/\/life-platform.com\/de\/login\/","og_site_name":"ChronoShield","twitter_card":"summary_large_image","schema":{"@context":"https:\/\/schema.org","@graph":[{"@type":"WebPage","@id":"https:\/\/life-platform.com\/de\/login\/","url":"https:\/\/life-platform.com\/de\/login\/","name":"Login - ChronoShield","isPartOf":{"@id":"https:\/\/life-platform.com\/#website"},"datePublished":"2022-07-16T16:48:41+00:00","dateModified":"2022-07-16T16:48:41+00:00","breadcrumb":{"@id":"https:\/\/life-platform.com\/de\/login\/#breadcrumb"},"inLanguage":"de-DE","potentialAction":[{"@type":"ReadAction","target":["https:\/\/life-platform.com\/de\/login\/"]}]},{"@type":"BreadcrumbList","@id":"https:\/\/life-platform.com\/de\/login\/#breadcrumb","itemListElement":[{"@type":"ListItem","position":1,"name":"Home","item":"https:\/\/life-platform.com\/de\/"},{"@type":"ListItem","position":2,"name":"Login"}]},{"@type":"WebSite","@id":"https:\/\/life-platform.com\/#website","url":"https:\/\/life-platform.com\/","name":"ChronoShield","description":"","publisher":{"@id":"https:\/\/life-platform.com\/#organization"},"potentialAction":[{"@type":"SearchAction","target":{"@type":"EntryPoint","urlTemplate":"https:\/\/life-platform.com\/?s={search_term_string}"},"query-input":"required name=search_term_string"}],"inLanguage":"de-DE"},{"@type":"Organization","@id":"https:\/\/life-platform.com\/#organization","name":"Chronoshield","url":"https:\/\/life-platform.com\/","logo":{"@type":"ImageObject","inLanguage":"de-DE","@id":"https:\/\/life-platform.com\/#\/schema\/logo\/image\/","url":"https:\/\/life-platform.com\/wp-content\/uploads\/2022\/07\/logo.png","contentUrl":"https:\/\/life-platform.com\/wp-content\/uploads\/2022\/07\/logo.png","width":345,"height":64,"caption":"Chronoshield"},"image":{"@id":"https:\/\/life-platform.com\/#\/schema\/logo\/image\/"}}]}},"_links":{"self":[{"href":"https:\/\/life-platform.com\/de\/wp-json\/wp\/v2\/pages\/1153"}],"collection":[{"href":"https:\/\/life-platform.com\/de\/wp-json\/wp\/v2\/pages"}],"about":[{"href":"https:\/\/life-platform.com\/de\/wp-json\/wp\/v2\/types\/page"}],"author":[{"embeddable":true,"href":"https:\/\/life-platform.com\/de\/wp-json\/wp\/v2\/users\/1"}],"replies":[{"embeddable":true,"href":"https:\/\/life-platform.com\/de\/wp-json\/wp\/v2\/comments?post=1153"}],"version-history":[{"count":1,"href":"https:\/\/life-platform.com\/de\/wp-json\/wp\/v2\/pages\/1153\/revisions"}],"predecessor-version":[{"id":1154,"href":"https:\/\/life-platform.com\/de\/wp-json\/wp\/v2\/pages\/1153\/revisions\/1154"}],"wp:attachment":[{"href":"https:\/\/life-platform.com\/de\/wp-json\/wp\/v2\/media?parent=1153"}],"curies":[{"name":"wp","href":"https:\/\/api.w.org\/{rel}","templated":true}]}}