{"id":1161,"date":"2022-07-16T16:49:37","date_gmt":"2022-07-16T16:49:37","guid":{"rendered":"https:\/\/life-platform.com\/?page_id=1161"},"modified":"2022-10-28T18:22:08","modified_gmt":"2022-10-28T18:22:08","slug":"privacy-policy","status":"publish","type":"page","link":"https:\/\/life-platform.com\/de\/privacy-policy\/","title":{"rendered":"Datenschutz"},"content":{"rendered":"\r\n<p><\/p>\r\n<p><\/p>\r\n<p>Diese Datenschutzrichtlinie informiert Sie \u00fcber die Verarbeitung der Daten, die wir beim Besuch unserer Website erfassen. Bei der Erhebung und Verarbeitung dieser Daten handeln wir als f\u00fcr die Verarbeitung Verantwortlicher im Sinne der Allgemeinen Datenschutzverordnung.<\/p>\r\n<p>&nbsp;<\/p>\r\n<p>&nbsp;<\/p>\r\n<h4>Allgemeine Informationen<\/h4>\r\n<p><br \/>Verantwortlich f\u00fcr die Verarbeitung der personenbezogenen Daten ist das Unternehmen Bosotina d.o.o., Lovretska ulica 10, 21 000 SPLIT, OIB: 33815044566.<\/p>\r\n<p><br \/>Kontaktinformationen, \u00fcber die alle Informationen \u00fcber die Verarbeitung und Verwendung personenbezogener Daten eingeholt werden k\u00f6nnen, sind:<\/p>\r\n<p>&nbsp;<\/p>\r\n<ul>\r\n<li>per E-Mail: info@chrono-shield.com<\/li>\r\n<li>oder wenn Sie uns per Post kontaktieren m\u00f6chten, k\u00f6nnen Sie dies tun unter:<br \/>Bosotina d.o.o.<br \/>Lovretska ulica 10,<br \/>21 000 SPLIT<\/li>\r\n<\/ul>\r\n<p>&nbsp;<\/p>\r\n<p>&nbsp;<\/p>\r\n<h4>Verarbeitung von personenbezogenen Daten<\/h4>\r\n<p><br \/>Bosotina d.o.o. (im Folgenden: BOSOTINA) ist sich bewusst, dass Ihre Privatsph\u00e4re f\u00fcr Sie wichtig ist. Wir respektieren Ihre Privatsph\u00e4re und sch\u00fctzen Ihre pers\u00f6nlichen Daten. Dazu k\u00f6nnen alle Informationen geh\u00f6ren, die zu Ihnen als Person f\u00fchren k\u00f6nnen. BOSOTINA verarbeitet die personenbezogenen Daten, die Sie uns bei der Registrierung im Webshop, durch Bewertungen unserer Dienstleistungen und verwandter Produkte oder durch Anfragen auf einem der vorgesehenen Kontaktkan\u00e4le anvertraut haben.<\/p>\r\n<p>&nbsp;<\/p>\r\n<h4>Webshop<\/h4>\r\n<p>&nbsp;<\/p>\r\n<p>F\u00fcr die Durchf\u00fchrung des Kaufvertrags und die Lieferung von chrono shield supplement k\u00f6nnen wir die folgenden personenbezogenen Daten erfassen:<\/p>\r\n<p>&nbsp;<\/p>\r\n<ul>\r\n<li>Vorname und Nachname<\/li>\r\n<li>Adresse<\/li>\r\n<li>Staat<\/li>\r\n<li>Telefon-Nummer<\/li>\r\n<li>E-mail<\/li>\r\n<\/ul>\r\n<p>&nbsp;<\/p>\r\n<p>&nbsp;<\/p>\r\n<h4>Zahlungsinformationen<\/h4>\r\n<p>&nbsp;<\/p>\r\n<p>Die Rechtsgrundlage f\u00fcr die Verarbeitung der \u00fcber den Webshop erhobenen personenbezogenen Daten ist die Erf\u00fcllung des Vertrags, an dem der Befragte beteiligt ist (Artikel 6 Absatz 1 Buchstabe b der Allgemeinen Datenschutzverordnung).<\/p>\r\n<p>&nbsp;<\/p>\r\n<h4>Bewertungen<\/h4>\r\n<p><br \/>BOSOTINA verwendet verschiedene Methoden, um Informationen \u00fcber die Zufriedenheit der Kunden mit der Nutzung ihrer Dienstleistungen zu sammeln. Eine der wichtigsten Methoden zu diesem Zweck ist die direkte Erhebung Ihrer Meinung \u00fcber die Produkte und Dienstleistungen, die Sie als unser Kunde nutzen. Um unsere Dienstleistungen zu verbessern oder Beschwerden zu kl\u00e4ren, k\u00f6nnen wir die folgenden Informationen sammeln:<\/p>\r\n<p>&nbsp;<\/p>\r\n<ul>\r\n<li>Vorname und Nachname<\/li>\r\n<li>E-mail<\/li>\r\n<\/ul>\r\n<p>&nbsp;<\/p>\r\n<p>Die Rechtsgrundlage f\u00fcr die Verarbeitung personenbezogener Daten ist unser berechtigtes Interesse (Artikel 6 Absatz 1 Buchstabe f) der Datenschutzgrundverordnung), die Kundenzufriedenheit zu \u00fcberwachen, um unsere Produkte und Dienstleistungen zu verbessern und anzupassen.<br \/>Wir k\u00f6nnen bestimmte Bewertungen auf unseren Websites oder in sozialen Netzwerken ver\u00f6ffentlichen, wobei die personenbezogenen Daten des Nutzers nicht sichtbar sind.<\/p>\r\n<p>&nbsp;<\/p>\r\n<p>&nbsp;<\/p>\r\n<h4>Kontaktformulare<\/h4>\r\n<p><br \/>Um mehr \u00fcber unsere Dienstleistungen zu erfahren, k\u00f6nnen Sie uns \u00fcber die auf unserer Website verf\u00fcgbaren Formulare kontaktieren. In diesem Fall werden wir auch Ihre pers\u00f6nlichen Daten erfassen, wie z. B.:<\/p>\r\n<p>&nbsp;<\/p>\r\n<ul>\r\n<li>Vorname und Nachname<\/li>\r\n<li>Adresse<\/li>\r\n<li>Das Unternehmen, f\u00fcr das Sie arbeiten<\/li>\r\n<li>E-mail<\/li>\r\n<li>Telefon-Nummer<\/li>\r\n<\/ul>\r\n<p><br \/>Rechtsgrundlage f\u00fcr die Verarbeitung personenbezogener Daten ist unser berechtigtes Interesse (Art. 6 Abs. 1 lit. f) DSGVO), Ihre Anfragen zu beantworten und Ihnen die notwendigen Informationen \u00fcber unsere Dienstleistungen zur Verf\u00fcgung zu stellen.<\/p>\r\n<p><br \/>Es kann sein, dass wir uns nach Erhalt Ihrer Anfrage mehrmals per E-Mail oder Telefon mit Ihnen in Verbindung setzen, um sicherzustellen, dass Sie die gew\u00fcnschten Informationen erhalten haben, d. h. dass Sie mit der erhaltenen Antwort zufrieden sind.<\/p>\r\n<p><br \/>Wir werden Ihre Daten, die wir durch die Anfrage\/Bewertung\/Beschwerde auf unserer Website erhalten haben, solange aufbewahren, wie wir miteinander kommunizieren, um Antworten zu geben, d.h. um Informationen \u00fcber unsere Dienstleistungen und damit verbundene Produkte zu liefern. Nach Ablauf von 60 Monaten nach der letzten Kommunikation werden wir alle Ihre Daten l\u00f6schen. Dies ber\u00fchrt nicht Ihr Recht, jederzeit im Voraus zu verlangen, dass wir Ihre personenbezogenen Daten aus unseren Unterlagen l\u00f6schen.<\/p>\r\n<p>&nbsp;<\/p>\r\n<p>&nbsp;<\/p>\r\n<h4>Zweck, Art der Verarbeitung und Speicherung der personenbezogenen Daten<\/h4>\r\n<p><br \/>Alle personenbezogenen Daten werden ausschlie\u00dflich f\u00fcr die Zwecke verwendet, f\u00fcr die sie erhoben wurden und f\u00fcr die es eine g\u00fcltige Rechtsgrundlage gibt, und werden Dritten in keiner Weise zur Verf\u00fcgung gestellt, au\u00dfer f\u00fcr den gesetzlich vorgeschriebenen Zweck.<\/p>\r\n<p><br \/>In Ausnahmef\u00e4llen, wenn dies zur Erbringung einer bestimmten Dienstleistung erforderlich ist, k\u00f6nnen die Daten unseren Lieferanten zur Verf\u00fcgung gestellt werden (z.B. f\u00fcr die Lieferung), die dann als Ausf\u00fchrende der Verarbeitung fungieren. In jedem Fall wird BOSOTINA d.o.o. einen angemessenen Schutz Ihrer Daten durch den Abschluss von Datenverarbeitungsvertr\u00e4gen mit den genannten Unternehmen und Personen sicherstellen.<\/p>\r\n<p><br \/>Nach Wegfall des Zwecks, zu dem die Daten erhoben wurden, oder nach Ablauf der Einwilligungsfrist oder Beendigung des Vertragsverh\u00e4ltnisses, sp\u00e4testens jedoch nach Ablauf aller gesetzlichen Verpflichtungen zur Speicherung personenbezogener Daten, werden wir die erhobenen personenbezogenen Daten l\u00f6schen oder anonymisieren.<\/p>\r\n<p><br \/>Automatisierte individuelle Entscheidungsfindung und Daten\u00fcbermittlung au\u00dferhalb der EU<\/p>\r\n<p><br \/>Sie haben das Recht, keiner ausschlie\u00dflich auf einer automatisierten Verarbeitung &#8211; einschlie\u00dflich Profiling &#8211; beruhenden Entscheidung unterworfen zu werden, die rechtliche Folgen f\u00fcr Sie hat oder Sie erheblich beeintr\u00e4chtigt.<\/p>\r\n<p><br \/>Wir verwenden derzeit keine automatisierte individuelle Entscheidungsfindung auf unseren eigenen Websites oder bei den von uns angebotenen Dienstleistungen.<\/p>\r\n<p><br \/>Wir \u00fcbermitteln Ihre Daten nicht au\u00dferhalb der Europ\u00e4ischen Union, d. h. in L\u00e4nder, die gem\u00e4\u00df der Allgemeinen Datenschutzverordnung als &#8222;Drittl\u00e4nder&#8220; gelten.<\/p>\r\n<p>&nbsp;<\/p>\r\n<p>&nbsp;<\/p>\r\n<h4>Verwendung von Cookies<\/h4>\r\n<p><br \/>Wenn Sie unsere Website besuchen, um mehr \u00fcber uns und unsere Produkte zu erfahren oder die von uns auf der Website bereitgestellten Informationen anzusehen, verwenden wir Cookies, um das optimale Funktionieren der Website zu gew\u00e4hrleisten, n\u00fctzliche Informationen \u00fcber die Besucher zu sammeln, die es uns erm\u00f6glichen, unsere Dienstleistungen weiter zu verbessern und die Benutzererfahrung im Allgemeinen zu verbessern.<br \/>Cookies k\u00f6nnen von BOSOTINA d.o.o. oder von Dritten, wie z.B. einem Werbetreibenden, in Ihrem Browser installiert werden.<br \/>F\u00fcr weitere Informationen \u00fcber die Verwendung von Cookies empfehlen wir Ihnen einen Blick in unsere Cookie-Richtlinie.<\/p>\r\n<p>&nbsp;<\/p>\r\n<p>&nbsp;<\/p>\r\n<h4>Ihre Rechte in Bezug auf personenbezogene Daten<\/h4>\r\n<p><br \/>Sie haben jederzeit die folgenden Rechte:<\/p>\r\n<p>&nbsp;<\/p>\r\n<ul>\r\n<li>das Recht, von uns Auskunft dar\u00fcber zu verlangen, dass wir Ihre personenbezogenen Daten verarbeiten (einschlie\u00dflich des Rechts, eine Kopie dieser Daten zu erhalten), sowie das Recht, diese Daten zu berichtigen, falls die angegebenen Daten unrichtig sind.<\/li>\r\n<li>Ihre Einwilligung jederzeit zu widerrufen, wenn wir Ihre personenbezogenen Daten auf der Grundlage einer Einwilligung als Rechtsgrundlage f\u00fcr die Verarbeitung verarbeiten. Bitte beachten Sie, dass der Widerruf der Einwilligung die Rechtm\u00e4\u00dfigkeit der Verarbeitung von Daten auf der Grundlage der Einwilligung vor deren Widerruf nicht ber\u00fchrt.<\/li>\r\n<li>das Recht, Daten an einen anderen f\u00fcr die Verarbeitung Verantwortlichen zu \u00fcbermitteln, sofern dies technisch machbar ist;<\/li>\r\n<li>das Recht, uns aufzufordern, die Verwendung Ihrer Daten f\u00fcr einen bestimmten Zeitraum einzustellen, wenn Sie der Meinung sind, dass wir sie nicht gesetzeskonform verarbeiten.<\/li>\r\n<li>das Recht, von uns die L\u00f6schung Ihrer Daten zu verlangen, wenn wir sie auf der Grundlage Ihrer Einwilligung oder auf der Grundlage eines berechtigten Interesses als Rechtsgrundlage f\u00fcr die Verarbeitung oder in jedem anderen gesetzlich vorgesehenen Fall verarbeiten.<\/li>\r\n<li>das Recht auf Widerspruch gegen die Verarbeitung personenbezogener Daten.<\/li>\r\n<\/ul>\r\n<p>&nbsp;<\/p>\r\n<p>Wenn Sie eines der oben genannten Rechte aus\u00fcben m\u00f6chten, k\u00f6nnen Sie uns unter den oben genannten Kontaktdaten kontaktieren.<\/p>\r\n<p><br \/>Wenn Sie eines der oben genannten Rechte unverh\u00e4ltnism\u00e4\u00dfig oft und mit der offensichtlichen Absicht des Missbrauchs in Anspruch nehmen, beh\u00e4lt sich BOSOTINA d.o.o. das Recht vor, Ihnen eine angemessene Geb\u00fchr f\u00fcr die Bearbeitung der Anfrage zu berechnen oder Ihre Anfrage abzulehnen.<\/p>\r\n<p>&nbsp;<\/p>\r\n<p>&nbsp;<\/p>\r\n<h4>Das Recht, bei der Agentur f\u00fcr den Schutz personenbezogener Daten Widerspruch einzulegen<\/h4>\r\n<p><br \/>Wenn Sie sich \u00fcber die Art und Weise beschweren m\u00f6chten, wie wir Ihre Daten verwenden, empfehlen wir Ihnen, sich zun\u00e4chst mit uns in Verbindung zu setzen, um die Angelegenheit zu kl\u00e4ren. Sie k\u00f6nnen sich aber auch an die Datenschutzbeh\u00f6rde unter der folgenden E-Mail-Adresse wenden: azop@azop.hr<\/p>\r\n<p>&nbsp;<\/p>\r\n<p>&nbsp;<\/p>\r\n<h4>Agentur f\u00fcr den Schutz personenbezogener Daten<\/h4>\r\n<p><br \/>Selska cesta 136<\/p>\r\n<p>HR \u2013 10000 ZAGREB<\/p>\r\n<p><br \/>Wir \u00fcberpr\u00fcfen regelm\u00e4\u00dfig, wie sich unsere Dienstleistungen und die Verwendung personenbezogener Daten entwickeln, und aktualisieren diese Regeln regelm\u00e4\u00dfig. Wenn wir Ihre personenbezogenen Daten in einer Weise verwenden wollen, die vorher nicht bekannt war, werden wir Sie kontaktieren, um Ihnen Informationen zukommen zu lassen und Sie gegebenenfalls um Ihre Zustimmung zu bitten. Wir empfehlen Ihnen, diese Regeln regelm\u00e4\u00dfig zu lesen, damit Sie aktuelle Informationen dar\u00fcber erhalten, wie wir Ihre Daten verarbeiten.<\/p>\r\n<p>&nbsp;<\/p>\r\n<p>&nbsp;<\/p>\r\n<p>Datum der letzten Aktualisierung der vorliegenden Regeln: 30.06.2021.<\/p>\r\n<p><\/p>\r\n<p><\/p>\r\n","protected":false},"excerpt":{"rendered":"","protected":false},"author":1,"featured_media":0,"parent":0,"menu_order":0,"comment_status":"closed","ping_status":"open","template":"views\/template-custom.blade.php","meta":{"arc_restricted_post":false},"yoast_head":"<!-- This site is optimized with the Yoast SEO plugin v19.10 - https:\/\/yoast.com\/wordpress\/plugins\/seo\/ -->\n<title>Datenschutz - ChronoShield<\/title>\n<meta name=\"robots\" content=\"index, follow, max-snippet:-1, max-image-preview:large, max-video-preview:-1\" \/>\n<link rel=\"canonical\" href=\"https:\/\/life-platform.com\/de\/privacy-policy\/\" \/>\n<meta property=\"og:locale\" content=\"de_DE\" \/>\n<meta property=\"og:type\" content=\"article\" \/>\n<meta property=\"og:title\" content=\"Datenschutz - ChronoShield\" \/>\n<meta property=\"og:url\" content=\"https:\/\/life-platform.com\/de\/privacy-policy\/\" \/>\n<meta property=\"og:site_name\" content=\"ChronoShield\" \/>\n<meta property=\"article:modified_time\" content=\"2022-10-28T18:22:08+00:00\" \/>\n<meta name=\"twitter:card\" content=\"summary_large_image\" \/>\n<meta name=\"twitter:label1\" content=\"Gesch\u00e4tzte Lesezeit\" \/>\n\t<meta name=\"twitter:data1\" content=\"7 Minuten\" \/>\n<script type=\"application\/ld+json\" class=\"yoast-schema-graph\">{\"@context\":\"https:\/\/schema.org\",\"@graph\":[{\"@type\":\"WebPage\",\"@id\":\"https:\/\/life-platform.com\/de\/privacy-policy\/\",\"url\":\"https:\/\/life-platform.com\/de\/privacy-policy\/\",\"name\":\"Datenschutz - ChronoShield\",\"isPartOf\":{\"@id\":\"https:\/\/life-platform.com\/#website\"},\"datePublished\":\"2022-07-16T16:49:37+00:00\",\"dateModified\":\"2022-10-28T18:22:08+00:00\",\"breadcrumb\":{\"@id\":\"https:\/\/life-platform.com\/de\/privacy-policy\/#breadcrumb\"},\"inLanguage\":\"de-DE\",\"potentialAction\":[{\"@type\":\"ReadAction\",\"target\":[\"https:\/\/life-platform.com\/de\/privacy-policy\/\"]}]},{\"@type\":\"BreadcrumbList\",\"@id\":\"https:\/\/life-platform.com\/de\/privacy-policy\/#breadcrumb\",\"itemListElement\":[{\"@type\":\"ListItem\",\"position\":1,\"name\":\"Home\",\"item\":\"https:\/\/life-platform.com\/de\/\"},{\"@type\":\"ListItem\",\"position\":2,\"name\":\"Datenschutz\"}]},{\"@type\":\"WebSite\",\"@id\":\"https:\/\/life-platform.com\/#website\",\"url\":\"https:\/\/life-platform.com\/\",\"name\":\"ChronoShield\",\"description\":\"\",\"publisher\":{\"@id\":\"https:\/\/life-platform.com\/#organization\"},\"potentialAction\":[{\"@type\":\"SearchAction\",\"target\":{\"@type\":\"EntryPoint\",\"urlTemplate\":\"https:\/\/life-platform.com\/?s={search_term_string}\"},\"query-input\":\"required name=search_term_string\"}],\"inLanguage\":\"de-DE\"},{\"@type\":\"Organization\",\"@id\":\"https:\/\/life-platform.com\/#organization\",\"name\":\"Chronoshield\",\"url\":\"https:\/\/life-platform.com\/\",\"logo\":{\"@type\":\"ImageObject\",\"inLanguage\":\"de-DE\",\"@id\":\"https:\/\/life-platform.com\/#\/schema\/logo\/image\/\",\"url\":\"https:\/\/life-platform.com\/wp-content\/uploads\/2022\/07\/logo.png\",\"contentUrl\":\"https:\/\/life-platform.com\/wp-content\/uploads\/2022\/07\/logo.png\",\"width\":345,\"height\":64,\"caption\":\"Chronoshield\"},\"image\":{\"@id\":\"https:\/\/life-platform.com\/#\/schema\/logo\/image\/\"}}]}<\/script>\n<!-- \/ Yoast SEO plugin. -->","yoast_head_json":{"title":"Datenschutz - ChronoShield","robots":{"index":"index","follow":"follow","max-snippet":"max-snippet:-1","max-image-preview":"max-image-preview:large","max-video-preview":"max-video-preview:-1"},"canonical":"https:\/\/life-platform.com\/de\/privacy-policy\/","og_locale":"de_DE","og_type":"article","og_title":"Datenschutz - ChronoShield","og_url":"https:\/\/life-platform.com\/de\/privacy-policy\/","og_site_name":"ChronoShield","article_modified_time":"2022-10-28T18:22:08+00:00","twitter_card":"summary_large_image","twitter_misc":{"Gesch\u00e4tzte Lesezeit":"7 Minuten"},"schema":{"@context":"https:\/\/schema.org","@graph":[{"@type":"WebPage","@id":"https:\/\/life-platform.com\/de\/privacy-policy\/","url":"https:\/\/life-platform.com\/de\/privacy-policy\/","name":"Datenschutz - ChronoShield","isPartOf":{"@id":"https:\/\/life-platform.com\/#website"},"datePublished":"2022-07-16T16:49:37+00:00","dateModified":"2022-10-28T18:22:08+00:00","breadcrumb":{"@id":"https:\/\/life-platform.com\/de\/privacy-policy\/#breadcrumb"},"inLanguage":"de-DE","potentialAction":[{"@type":"ReadAction","target":["https:\/\/life-platform.com\/de\/privacy-policy\/"]}]},{"@type":"BreadcrumbList","@id":"https:\/\/life-platform.com\/de\/privacy-policy\/#breadcrumb","itemListElement":[{"@type":"ListItem","position":1,"name":"Home","item":"https:\/\/life-platform.com\/de\/"},{"@type":"ListItem","position":2,"name":"Datenschutz"}]},{"@type":"WebSite","@id":"https:\/\/life-platform.com\/#website","url":"https:\/\/life-platform.com\/","name":"ChronoShield","description":"","publisher":{"@id":"https:\/\/life-platform.com\/#organization"},"potentialAction":[{"@type":"SearchAction","target":{"@type":"EntryPoint","urlTemplate":"https:\/\/life-platform.com\/?s={search_term_string}"},"query-input":"required name=search_term_string"}],"inLanguage":"de-DE"},{"@type":"Organization","@id":"https:\/\/life-platform.com\/#organization","name":"Chronoshield","url":"https:\/\/life-platform.com\/","logo":{"@type":"ImageObject","inLanguage":"de-DE","@id":"https:\/\/life-platform.com\/#\/schema\/logo\/image\/","url":"https:\/\/life-platform.com\/wp-content\/uploads\/2022\/07\/logo.png","contentUrl":"https:\/\/life-platform.com\/wp-content\/uploads\/2022\/07\/logo.png","width":345,"height":64,"caption":"Chronoshield"},"image":{"@id":"https:\/\/life-platform.com\/#\/schema\/logo\/image\/"}}]}},"_links":{"self":[{"href":"https:\/\/life-platform.com\/de\/wp-json\/wp\/v2\/pages\/1161"}],"collection":[{"href":"https:\/\/life-platform.com\/de\/wp-json\/wp\/v2\/pages"}],"about":[{"href":"https:\/\/life-platform.com\/de\/wp-json\/wp\/v2\/types\/page"}],"author":[{"embeddable":true,"href":"https:\/\/life-platform.com\/de\/wp-json\/wp\/v2\/users\/1"}],"replies":[{"embeddable":true,"href":"https:\/\/life-platform.com\/de\/wp-json\/wp\/v2\/comments?post=1161"}],"version-history":[{"count":4,"href":"https:\/\/life-platform.com\/de\/wp-json\/wp\/v2\/pages\/1161\/revisions"}],"predecessor-version":[{"id":1494,"href":"https:\/\/life-platform.com\/de\/wp-json\/wp\/v2\/pages\/1161\/revisions\/1494"}],"wp:attachment":[{"href":"https:\/\/life-platform.com\/de\/wp-json\/wp\/v2\/media?parent=1161"}],"curies":[{"name":"wp","href":"https:\/\/api.w.org\/{rel}","templated":true}]}}