{"id":1181,"date":"2022-07-16T16:52:14","date_gmt":"2022-07-16T16:52:14","guid":{"rendered":"https:\/\/life-platform.com\/?page_id=1181"},"modified":"2022-10-28T23:17:24","modified_gmt":"2022-10-28T23:17:24","slug":"terms-conditions","status":"publish","type":"page","link":"https:\/\/life-platform.com\/de\/terms-conditions\/","title":{"rendered":"Bedingungen &#038; Konditionen"},"content":{"rendered":"<p><strong>1. Bedingungen f\u00fcr die Nutzung<\/strong><\/p>\n<p>&nbsp;<\/p>\n<p>Die CHRONOSHIELD-Website (www.chrono-shield.com) ist eine Website f\u00fcr Mitgliedschaftsdienste. Jeder, der eine Chronoshield-Mitgliedschaft erwirbt, erh\u00e4lt das Chronoshield Anti-Aging Supplement (&#8222;Produkt&#8220;) f\u00fcr die Anzahl der erworbenen Monate. Dieses Produkt wird nicht verkauft und ist auf dieser Website au\u00dferhalb der Mitgliedschaft nicht zum Kauf erh\u00e4ltlich.<\/p>\n<p>&nbsp;<\/p>\n<p>Die Website von CHRONOSHIELD (www.chrono-shield.com) kann f\u00fcr den privaten Gebrauch kostenlos genutzt werden. Mit der Nutzung des Online-Shops www.chrono-shield.com (&#8222;Online-Shop&#8220;) erkl\u00e4ren Sie sich mit den vorliegenden Allgemeinen Gesch\u00e4ftsbedingungen (&#8222;AGB&#8220;) einverstanden.<\/p>\n<p>&nbsp;<\/p>\n<p>Bitte lesen Sie diese Allgemeinen Gesch\u00e4ftsbedingungen sorgf\u00e4ltig durch, bevor Sie die Website oder den Online-Shop nutzen oder eine Mitgliedschaft bei Bosotina d.o.o. elektronisch erwerben. Wenn Sie unsere Website besuchen, um sich \u00fcber unsere Mitgliedschaft zu informieren, oder wenn Sie \u00fcber den Online-Shop auf Kunden unserer Mitgliedschaft zugreifen oder unsere Mitgliedschaft auf elektronischem Wege erwerben, wird davon ausgegangen, dass Sie diese Allgemeinen Gesch\u00e4ftsbedingungen gelesen und akzeptiert haben. Falls Sie mit diesen Allgemeinen Gesch\u00e4ftsbedingungen nicht einverstanden sind, nutzen Sie bitte unsere Website nicht, um eine Mitgliedschaft zu erwerben oder sich dar\u00fcber zu informieren oder unsere Mitgliedschaft elektronisch zu bestellen.<\/p>\n<p>&nbsp;<\/p>\n<p>Diese Allgemeinen Gesch\u00e4ftsbedingungen haben auch die Wirkung eines vorvertraglichen Hinweises im Sinne von Artikel 57, Absatz 1 des Verbraucherschutzgesetzes (Amtsblatt 41\/14, 110\/15, 14\/19).<\/p>\n<p>&nbsp;<\/p>\n<p>&nbsp;<\/p>\n<p><strong>2. Bedingungen f\u00fcr den Kauf<\/strong><\/p>\n<p>&nbsp;<\/p>\n<p>Wenn Sie im Online-Shop von Bosotina d.o.o. einkaufen, wird davon ausgegangen, dass Sie mit diesen Allgemeinen Gesch\u00e4ftsbedingungen und den g\u00fcltigen Mitgliedspreisen, die auf www.chrono-shield.com ver\u00f6ffentlicht sind, vertraut sind und dass Sie diese akzeptieren. Bosotina d.o.o. ist nicht verantwortlich f\u00fcr eventuelle Streitigkeiten, die entstehen k\u00f6nnten, weil Sie die Allgemeinen Gesch\u00e4ftsbedingungen nicht gelesen haben.<\/p>\n<p>&nbsp;<\/p>\n<p>Der Lieferant der bestellten Produkte ist:<\/p>\n<p>Bosotina d.o.o.<\/p>\n<p>Lovretska ulica 10<\/p>\n<p>21 000 SPLIT<\/p>\n<p>OIB: 33815044566<\/p>\n<p>&nbsp;<\/p>\n<p>Unsere Kontaktinformationen finden Sie unter dem Men\u00fcpunkt Kontakt.<\/p>\n<p>&nbsp;<\/p>\n<p>Bosotina d.o.o. erm\u00f6glicht seinen Kunden den Erwerb einer Mitgliedschaft im Online-Shop. Als Kunde im Sinne dieser Allgemeinen Gesch\u00e4ftsbedingungen gilt jede Person, die elektronisch eine Mitgliedschaft von mindestens 3 Monaten erwirbt und im Falle eines Kaufs \u00fcber den Online-Shop die erforderlichen Angaben in das Anmeldeformular eintr\u00e4gt. Alle Preise sind in Kuna (kn) einschlie\u00dflich Mehrwertsteuer angegeben.<\/p>\n<p>&nbsp;<\/p>\n<p>&nbsp;<\/p>\n<p><strong>3. Kauf der Mitgliedschaft<\/strong><\/p>\n<p>&nbsp;<\/p>\n<p>Die Mitgliedschaft wird \u00fcber den Online-Store verkauft. Der Kauf einer Mitgliedschaft \u00fcber den Online-Shop beginnt mit der Auswahl der Option In den Warenkorb, wodurch das ausgew\u00e4hlte Mitgliedschaftspaket automatisch im Warenkorb gespeichert wird. Es ist m\u00f6glich, die im Warenkorb gespeicherte Mitgliedschaft als registrierter Benutzer zu erwerben, nachdem die Kundendaten (Rechnungsdaten) und die Lieferadresse eingegeben wurden, die automatisch im Warenkorb erscheinen, indem die Option In den Warenkorb gew\u00e4hlt wird.<\/p>\n<p>&nbsp;<\/p>\n<p>Die Mitgliedschaft gilt in dem Moment als erworben, in dem der Kunde den gesamten Bestellvorgang abgeschlossen hat. Sie erhalten eine Best\u00e4tigung \u00fcber den Eingang der Mitgliedschaftsbestellung an die E-Mail-Adresse, die Sie als Mitglied registriert haben. Die Auftragsbest\u00e4tigung enth\u00e4lt die von Ihnen bestellte Mitgliedschaft und den Gesamtpreis der Bestellung sowie einen Link zu diesen Allgemeinen Gesch\u00e4ftsbedingungen, was bedeutet, dass Bosotina d.o.o. die Verpflichtung erf\u00fcllt hat, den Vertrag an den K\u00e4ufer zu liefern. Sollten Sie diese Best\u00e4tigung nicht erhalten, \u00fcberpr\u00fcfen Sie bitte, ob sich die bestellte Mitgliedschaft nach der Registrierung in Ihrem Warenkorb befindet. Wenn der Warenkorb leer ist, kontaktieren Sie uns bitte auf eine der im Men\u00fc Kontakt aufgef\u00fchrten Arten.<\/p>\n<p>&nbsp;<\/p>\n<p>&nbsp;<\/p>\n<p><strong>4. Zahlung<\/strong><\/p>\n<p>&nbsp;<\/p>\n<p>Der K\u00e4ufer bezahlt die Mitgliedschaft zu dem in der Auftragsbest\u00e4tigung angegebenen Preis.<\/p>\n<p>&nbsp;<\/p>\n<p>Der Kunde bezahlt die bestellte Mitgliedschaft auf eine der folgenden Arten:<\/p>\n<p>&nbsp;<\/p>\n<ul>\n<li>Debitkarte<\/li>\n<li>per Kreditkarte<\/li>\n<li>durch direkte Bankeinzahlung<\/li>\n<\/ul>\n<p>&nbsp;<\/p>\n<p>Alle Preise sind in HRK angegeben und werden in HRK bezahlt.<\/p>\n<p>&nbsp;<\/p>\n<p>&nbsp;<\/p>\n<p><strong>5. Anfragen und Beschwerden<\/strong><\/p>\n<p>&nbsp;<\/p>\n<p>Falls Sie eine Anfrage oder Beschwerde bez\u00fcglich des Kaufs der Mitgliedschaft auf elektronischem Wege (Online-Shop) haben, senden Sie diese bitte an info@chrono-shield.com. Bosotina d.o.o. wird Ihre Anfrage oder Beschwerde so schnell wie m\u00f6glich beantworten und alle angemessenen Ma\u00dfnahmen ergreifen, um die Gr\u00fcnde, aus denen die Beschwerde gesendet wurde, zu beseitigen.<\/p>\n<p>&nbsp;<\/p>\n<p>&nbsp;<\/p>\n<p><strong>6. Einseitige Beendigung des Vertrags<\/strong><\/p>\n<p>&nbsp;<\/p>\n<p>Der K\u00e4ufer hat das Recht, innerhalb von 14 Tagen ab dem Datum des Erwerbs der Mitgliedschaft den Vertrag \u00fcber den Erwerb der Mitgliedschaft \u00fcber den Online-Shop einseitig und ohne Angabe von Gr\u00fcnden zu k\u00fcndigen (&#8222;einseitige K\u00fcndigung&#8220;). Nach Ablauf der genannten Frist verliert der K\u00e4ufer das Recht zur einseitigen K\u00fcndigung des Vertrages.<\/p>\n<p>&nbsp;<\/p>\n<p>Der K\u00e4ufer muss Bosotina d.o.o. \u00fcber die Nutzung des Rechts auf einseitige Vertragsbeendigung vor Ablauf der Frist f\u00fcr die einseitige Vertragsbeendigung durch eine eindeutige schriftliche Erkl\u00e4rung informieren, die per Einschreiben an die Adresse des Hauptsitzes von Bosotina d.o.o. oder per E-Mail an info@chrono-shield.com gesendet wird, unter Angabe von Name, Adresse, Kontakttelefonnummer oder E-Mail-Adresse, Datum der Bestellung und des Namens, f\u00fcr den der Kunde das Recht auf einseitige Vertragsbeendigung nutzt.<\/p>\n<p>&nbsp;<\/p>\n<p>Bosotina d.o.o. wird den Eingang der K\u00fcndigungserkl\u00e4rung unverz\u00fcglich an die vom Kunden in der Erkl\u00e4rung \u00fcber die einseitige Beendigung des Vertrages angegebene E-Mail-Adresse oder, falls der Kunde diese in der Erkl\u00e4rung \u00fcber die einseitige Beendigung nicht angegeben hat, an die bei der Bestellung der Mitgliedschaft angegebene E-Mail-Adresse des Kunden zustellen.<\/p>\n<p>&nbsp;<\/p>\n<p>Im Falle einer einseitigen Beendigung des Vertrags sind die Parteien nicht verpflichtet, ihre Verpflichtungen aus dem beendeten Kaufvertrag zu erf\u00fcllen, d. h. sie sind verpflichtet, einander alles zur\u00fcckzugeben, was sie aufgrund des vom K\u00e4ufer einseitig beendeten Vertrags erhalten haben.<\/p>\n<p>&nbsp;<\/p>\n<p>Der Kunde muss das\/die kostenlose(n), unge\u00f6ffnete(n) chronoshield-Produkt(e), das\/die er im Rahmen der Mitgliedschaft erhalten hat, unverz\u00fcglich zur\u00fccksenden, sp\u00e4testens jedoch innerhalb von 14 Tagen nach der in diesen Allgemeinen Gesch\u00e4ftsbedingungen vorgesehenen K\u00fcndigung. Der K\u00e4ufer tr\u00e4gt die unmittelbaren Kosten der R\u00fccksendung des Produkts an die Adresse des Hauptsitzes von Bosotina d.o.o. Es wird davon ausgegangen, dass der K\u00e4ufer die Verpflichtung zur fristgerechten R\u00fccksendung des Produkts erf\u00fcllt hat, wenn er das Produkt vor Ablauf der vorgenannten Frist an die Adresse des Hauptsitzes von Bosotina d.o.o. sendet und den Nachweis \u00fcber die Sendung des Produkts an den Hauptsitz von Bosotina d. o.o. per E-Mail an info@chrono-shield.com sendet oder wenn Sie das Produkt an die Adresse des Hauptsitzes von Bosotina d.o.o. liefern. Der Kunde ist f\u00fcr jede Beeintr\u00e4chtigung des Produkts verantwortlich, die sich aus der Behandlung des Produkts ergibt, die nicht notwendig war, um die Art, die Eigenschaften und die Funktionalit\u00e4t des Produkts zu bestimmen.<\/p>\n<p>&nbsp;<\/p>\n<p>Bosotina d.o.o. erstattet den Mitgliedsbeitrag nach der R\u00fccksendung der Produkte, d.h. nachdem der K\u00e4ufer info@chrono-shield.com den Nachweis erbracht hat, dass die Produkte an die Adresse des Hauptsitzes von Bosotina d.o.o. geschickt wurden, wenn der Nachweis vor dem Erhalt der Produkte erbracht wird.<\/p>\n<p>&nbsp;<\/p>\n<p>Wenn das unge\u00f6ffnete Produkt defekt, stark besch\u00e4digt oder ohne Teile und Dokumentation zur\u00fcckgeschickt wird und wenn es nicht innerhalb von 8 Tagen nachgeliefert wird, wird davon ausgegangen, dass der K\u00e4ufer seiner Verpflichtung zur R\u00fcckgabe des Produkts nicht nachgekommen ist und Bosotina d.o.o. ist nicht verpflichtet, eine vollst\u00e4ndige R\u00fcckerstattung vorzunehmen. Es wird eine teilweise R\u00fcckerstattung gew\u00e4hrt.<\/p>\n<p>&nbsp;<\/p>\n<p>Bosotina d.o.o. erstattet keine zus\u00e4tzlichen Kosten, die dadurch entstehen, dass der Kunde ausdr\u00fccklich eine andere Transportart als die Standardtransportart f\u00fcr elektronisch erworbene Produkte w\u00e4hlt.<\/p>\n<p>&nbsp;<\/p>\n<p>Bosotina d.o.o. wird die Zahlung mit demselben Zahlungsmittel erstatten, das der K\u00e4ufer bei der Zahlung verwendet hat, es sei denn, der K\u00e4ufer stimmt ausdr\u00fccklich einem anderen Zahlungsmittel zu und ist nicht verpflichtet, zus\u00e4tzliche Kosten f\u00fcr eine solche R\u00fcckerstattung zu zahlen.<\/p>\n<p>&nbsp;<\/p>\n<p>Der K\u00e4ufer ist nicht berechtigt, den Vertrag einseitig zu k\u00fcndigen, wenn:<\/p>\n<p>&nbsp;<\/p>\n<p>Bosotina d.o.o. den Vertrag vollst\u00e4ndig erf\u00fcllt hat und die Erf\u00fcllung mit der ausdr\u00fccklichen vorherigen Zustimmung des Kunden und mit der Best\u00e4tigung, dass ihm bekannt ist, dass er das Recht auf einseitige Vertragsaufl\u00f6sung verliert, wenn der Vertrag vollst\u00e4ndig erf\u00fcllt wurde, begonnen hat<\/p>\n<p>&nbsp;<\/p>\n<p>Gegenstand des Vertrages \u00fcber Dienstleistungen, deren Preis von Ver\u00e4nderungen auf dem Finanzmarkt abh\u00e4ngt, die sich dem Einfluss von Bosotina d.o.o. entziehen und die w\u00e4hrend der Dauer des Rechts des K\u00e4ufers auf einseitige Vertragsaufl\u00f6sung auftreten k\u00f6nnen<\/p>\n<p>&nbsp;<\/p>\n<p>die versiegelte Ware, die aus Gr\u00fcnden des Gesundheitsschutzes oder der Hygiene nicht zur R\u00fcckgabe geeignet ist und die nach der Lieferung entsiegelt wurde<\/p>\n<p>&nbsp;<\/p>\n<p>einer der Gr\u00fcnde, aus denen das Recht des K\u00e4ufers zur einseitigen K\u00fcndigung nach dem Konsumentenschutzgesetz ausgeschlossen ist, erf\u00fcllt ist.<\/p>\n<p>&nbsp;<\/p>\n<p><strong>8. Beilegung von Streitigkeiten<\/strong><\/p>\n<p>&nbsp;<\/p>\n<p>Im Falle von Streitigkeiten, die sich aus dem Erwerb der Mitgliedschaft \u00fcber den Online-Shop oder auf elektronischem Wege ergeben, kann ein Antrag beim Ehrengericht der Kroatischen Wirtschaftskammer oder ein Antrag auf Schlichtung bei den Schlichtungsstellen gem\u00e4\u00df den Verfahrensregeln dieser Einrichtungen gestellt werden.<\/p>\n<p>&nbsp;<\/p>\n<p>&nbsp;<\/p>\n<p><strong>9. Schutz von personenbezogenen Daten<\/strong><\/p>\n<p>&nbsp;<\/p>\n<p>Bosotina d.o.o. verpflichtet sich, die Privatsph\u00e4re und die Vertraulichkeit der pers\u00f6nlichen Daten seiner Kunden und Nutzer der Website, einschlie\u00dflich des Online-Shops, zu sch\u00fctzen. Bosotina d.o.o. als Verantwortlicher f\u00fcr die Datenverarbeitung sammelt nur die personenbezogenen Daten, die der Kunde\/Nutzer selbst angibt und die notwendig sind, um den Zweck zu erreichen, f\u00fcr den sie angegeben wurden. Die gesammelten personenbezogenen Daten werden f\u00fcr den Verkauf von Mitgliedschaften \u00fcber den Online-Shop oder auf elektronischem Wege, die Lieferung kostenloser Produkte, die Beantwortung von Kunden-\/Nutzeranfragen, die Kontaktaufnahme mit Kunden\/Nutzern und die Verbesserung unserer Dienstleistungen sowie f\u00fcr andere \u00e4hnliche Zwecke verwendet. Mit der \u00dcbermittlung Ihrer Daten erkl\u00e4ren Sie Ihr Einverst\u00e4ndnis zu deren Erhebung, Verarbeitung, Nutzung und, wenn ein angemessenes Datenschutzniveau gew\u00e4hrleistet ist, Weitergabe zu dem Zweck, zu dem sie uns zur Verf\u00fcgung gestellt wurden, sowie zu den nationalen Vorschriften.<\/p>\n<p>&nbsp;<\/p>\n<p>Alle gesammelten pers\u00f6nlichen Daten werden streng aufbewahrt und sind nur f\u00fcr Mitarbeiter und Gesch\u00e4ftspartner zug\u00e4nglich, die diese Daten f\u00fcr die oben genannten Zwecke ben\u00f6tigen. Alle Mitarbeiter und Gesch\u00e4ftspartner sind f\u00fcr die Einhaltung der Grunds\u00e4tze des Schutzes der Privatsph\u00e4re und der Vertraulichkeit personenbezogener Daten verantwortlich.<\/p>\n<p>&nbsp;<\/p>\n<p>Wenn Sie uns Ihre Daten zur Verf\u00fcgung gestellt haben, haben Sie das Recht, auf diese Daten zuzugreifen und sie zu berichtigen, sowie andere Rechte, die in der allgemeinen Datenschutzverordnung vorgesehen sind. Weitere Informationen \u00fcber die Rechte und die Art und Weise, wie Bosotina d.o.o. Ihre Daten verarbeitet, finden Sie in der Datenschutzrichtlinie f\u00fcr Besucher der Website von Bosotina d.o.o.<\/p>\n<p>&nbsp;<\/p>\n<p>&nbsp;<\/p>\n<p><strong>10. Anmeldung<\/strong><\/p>\n<p>&nbsp;<\/p>\n<p>Die Registrierung im Online-Shop und der Kauf einer Mitgliedschaft ist nur m\u00f6glich, wenn Sie einen Antrag auf Mitgliedschaft stellen und die Genehmigung erhalten. Um sich im Online-Shop zu registrieren und dort einzukaufen, m\u00fcssen Sie mindestens 18 Jahre alt und gesch\u00e4ftsf\u00e4hig sein. Der Kunde ist f\u00fcr die Richtigkeit und Vollst\u00e4ndigkeit der in das Anmeldeformular eingegebenen Daten verantwortlich. Wenn Sie die bei der Registrierung eingegebenen Daten \u00e4ndern, sind Sie verpflichtet, Ihr Konto zu aktualisieren und uns die \u00c4nderungen mitzuteilen.<\/p>\n<p>&nbsp;<\/p>\n<p>&nbsp;<\/p>\n<p><strong>11. Sicherheit<\/strong><\/p>\n<p>&nbsp;<\/p>\n<p>Wenn Sie sich im Online-Shop registrieren, m\u00fcssen Sie einen Benutzernamen und ein Passwort erstellen, die Sie behalten und nicht an andere Personen weitergeben. Sie sind f\u00fcr alle Handlungen und Bestellungen, die unter Ihrem Passwort get\u00e4tigt werden, verantwortlich. Wenn Sie wissen oder vermuten, dass eine andere Person Ihr Passwort verwendet, m\u00fcssen Sie uns dies mitteilen.<\/p>\n<p>&nbsp;<\/p>\n<p>&nbsp;<\/p>\n<p><strong>12. \u00c4nderungen<\/strong><\/p>\n<p>&nbsp;<\/p>\n<p>Bosotina d.o.o. beh\u00e4lt sich das Recht vor, diese Allgemeinen Gesch\u00e4ftsbedingungen zu \u00e4ndern. Wir werden alle registrierten Nutzer \u00fcber die \u00c4nderung der Allgemeinen Gesch\u00e4ftsbedingungen \u00fcber die E-Mail-Adressen informieren, die sie bei der Registrierung angegeben haben. Wenn Sie mit diesen Allgemeinen Gesch\u00e4ftsbedingungen nicht einverstanden sind und diese nicht akzeptieren, kontaktieren Sie uns bitte per E-Mail und nutzen Sie in der Zwischenzeit nicht die Dienste des CHRONOSHIELD Online Shops oder die M\u00f6glichkeit, unsere Produkte per E-Mail zu bestellen.<\/p>\n<p>&nbsp;<\/p>\n<p>&nbsp;<\/p>\n<p><strong>13. Verf\u00fcgbarkeit von Chronoshield internet shop<\/strong><\/p>\n<p>&nbsp;<\/p>\n<p>Bosotina d.o.o. ist bestrebt, Ihnen den bestm\u00f6glichen Service zu bieten, aber wir k\u00f6nnen nicht garantieren, dass er Ihren Bed\u00fcrfnissen entspricht. Dar\u00fcber hinaus kann Bosotina d.o.o. nicht garantieren, dass der Dienst ohne m\u00f6gliche Fehler durchgef\u00fchrt wird. Sollte ein Fehler auftreten, melden Sie ihn bitte per E-Mail an info@chrono-shield.com, damit wir ihn so schnell wie m\u00f6glich beheben k\u00f6nnen. Der Zugang zum CHRONOSHIELD Online Store kann aufgrund von technischen Arbeiten manchmal nicht verf\u00fcgbar sein.<\/p>\n<p>&nbsp;<\/p>\n<p>&nbsp;<\/p>\n<p><strong>14. Links<\/strong><\/p>\n<p>&nbsp;<\/p>\n<p>Wenn einer der Links auf der Website chrono-shield.com Sie zu einer anderen Website f\u00fchrt, hat Bosotina d.o.o. keine Kontrolle \u00fcber den Inhalt dieser Website und wir sind nicht verantwortlich f\u00fcr deren Inhalt.<\/p>\n","protected":false},"excerpt":{"rendered":"<p>1. Bedingungen f\u00fcr die Nutzung &nbsp; Die CHRONOSHIELD-Website (www.chrono-shield.com) ist eine Website f\u00fcr Mitgliedschaftsdienste. Jeder, der eine Chronoshield-Mitgliedschaft erwirbt, erh\u00e4lt das Chronoshield Anti-Aging Supplement (&#8222;Produkt&#8220;) f\u00fcr die Anzahl der erworbenen Monate. Dieses Produkt wird nicht verkauft und ist auf dieser Website au\u00dferhalb der Mitgliedschaft nicht zum Kauf erh\u00e4ltlich. &nbsp; Die Website von CHRONOSHIELD (www.chrono-shield.com) kann &hellip; <a href=\"https:\/\/life-platform.com\/de\/terms-conditions\/\">Continued<\/a><\/p>\n","protected":false},"author":1,"featured_media":0,"parent":0,"menu_order":0,"comment_status":"closed","ping_status":"closed","template":"views\/template-custom.blade.php","meta":{"arc_restricted_post":false},"yoast_head":"<!-- This site is optimized with the Yoast SEO plugin v19.10 - https:\/\/yoast.com\/wordpress\/plugins\/seo\/ -->\n<title>Bedingungen &amp; Konditionen - ChronoShield<\/title>\n<meta name=\"robots\" content=\"index, follow, max-snippet:-1, max-image-preview:large, max-video-preview:-1\" \/>\n<link rel=\"canonical\" href=\"https:\/\/life-platform.com\/de\/terms-conditions\/\" \/>\n<meta property=\"og:locale\" content=\"de_DE\" \/>\n<meta property=\"og:type\" content=\"article\" \/>\n<meta property=\"og:title\" content=\"Bedingungen &amp; Konditionen - ChronoShield\" \/>\n<meta property=\"og:description\" content=\"1. Bedingungen f\u00fcr die Nutzung &nbsp; Die CHRONOSHIELD-Website (www.chrono-shield.com) ist eine Website f\u00fcr Mitgliedschaftsdienste. Jeder, der eine Chronoshield-Mitgliedschaft erwirbt, erh\u00e4lt das Chronoshield Anti-Aging Supplement (&#8222;Produkt&#8220;) f\u00fcr die Anzahl der erworbenen Monate. Dieses Produkt wird nicht verkauft und ist auf dieser Website au\u00dferhalb der Mitgliedschaft nicht zum Kauf erh\u00e4ltlich. &nbsp; Die Website von CHRONOSHIELD (www.chrono-shield.com) kann &hellip; Continued\" \/>\n<meta property=\"og:url\" content=\"https:\/\/life-platform.com\/de\/terms-conditions\/\" \/>\n<meta property=\"og:site_name\" content=\"ChronoShield\" \/>\n<meta property=\"article:modified_time\" content=\"2022-10-28T23:17:24+00:00\" \/>\n<meta name=\"twitter:card\" content=\"summary_large_image\" \/>\n<meta name=\"twitter:label1\" content=\"Gesch\u00e4tzte Lesezeit\" \/>\n\t<meta name=\"twitter:data1\" content=\"11 Minuten\" \/>\n<script type=\"application\/ld+json\" class=\"yoast-schema-graph\">{\"@context\":\"https:\/\/schema.org\",\"@graph\":[{\"@type\":\"WebPage\",\"@id\":\"https:\/\/life-platform.com\/de\/terms-conditions\/\",\"url\":\"https:\/\/life-platform.com\/de\/terms-conditions\/\",\"name\":\"Bedingungen & Konditionen - ChronoShield\",\"isPartOf\":{\"@id\":\"https:\/\/life-platform.com\/#website\"},\"datePublished\":\"2022-07-16T16:52:14+00:00\",\"dateModified\":\"2022-10-28T23:17:24+00:00\",\"breadcrumb\":{\"@id\":\"https:\/\/life-platform.com\/de\/terms-conditions\/#breadcrumb\"},\"inLanguage\":\"de-DE\",\"potentialAction\":[{\"@type\":\"ReadAction\",\"target\":[\"https:\/\/life-platform.com\/de\/terms-conditions\/\"]}]},{\"@type\":\"BreadcrumbList\",\"@id\":\"https:\/\/life-platform.com\/de\/terms-conditions\/#breadcrumb\",\"itemListElement\":[{\"@type\":\"ListItem\",\"position\":1,\"name\":\"Home\",\"item\":\"https:\/\/life-platform.com\/de\/\"},{\"@type\":\"ListItem\",\"position\":2,\"name\":\"Bedingungen &#038; Konditionen\"}]},{\"@type\":\"WebSite\",\"@id\":\"https:\/\/life-platform.com\/#website\",\"url\":\"https:\/\/life-platform.com\/\",\"name\":\"ChronoShield\",\"description\":\"\",\"publisher\":{\"@id\":\"https:\/\/life-platform.com\/#organization\"},\"potentialAction\":[{\"@type\":\"SearchAction\",\"target\":{\"@type\":\"EntryPoint\",\"urlTemplate\":\"https:\/\/life-platform.com\/?s={search_term_string}\"},\"query-input\":\"required name=search_term_string\"}],\"inLanguage\":\"de-DE\"},{\"@type\":\"Organization\",\"@id\":\"https:\/\/life-platform.com\/#organization\",\"name\":\"Chronoshield\",\"url\":\"https:\/\/life-platform.com\/\",\"logo\":{\"@type\":\"ImageObject\",\"inLanguage\":\"de-DE\",\"@id\":\"https:\/\/life-platform.com\/#\/schema\/logo\/image\/\",\"url\":\"https:\/\/life-platform.com\/wp-content\/uploads\/2022\/07\/logo.png\",\"contentUrl\":\"https:\/\/life-platform.com\/wp-content\/uploads\/2022\/07\/logo.png\",\"width\":345,\"height\":64,\"caption\":\"Chronoshield\"},\"image\":{\"@id\":\"https:\/\/life-platform.com\/#\/schema\/logo\/image\/\"}}]}<\/script>\n<!-- \/ Yoast SEO plugin. -->","yoast_head_json":{"title":"Bedingungen & Konditionen - ChronoShield","robots":{"index":"index","follow":"follow","max-snippet":"max-snippet:-1","max-image-preview":"max-image-preview:large","max-video-preview":"max-video-preview:-1"},"canonical":"https:\/\/life-platform.com\/de\/terms-conditions\/","og_locale":"de_DE","og_type":"article","og_title":"Bedingungen & Konditionen - ChronoShield","og_description":"1. Bedingungen f\u00fcr die Nutzung &nbsp; Die CHRONOSHIELD-Website (www.chrono-shield.com) ist eine Website f\u00fcr Mitgliedschaftsdienste. Jeder, der eine Chronoshield-Mitgliedschaft erwirbt, erh\u00e4lt das Chronoshield Anti-Aging Supplement (&#8222;Produkt&#8220;) f\u00fcr die Anzahl der erworbenen Monate. Dieses Produkt wird nicht verkauft und ist auf dieser Website au\u00dferhalb der Mitgliedschaft nicht zum Kauf erh\u00e4ltlich. &nbsp; Die Website von CHRONOSHIELD (www.chrono-shield.com) kann &hellip; Continued","og_url":"https:\/\/life-platform.com\/de\/terms-conditions\/","og_site_name":"ChronoShield","article_modified_time":"2022-10-28T23:17:24+00:00","twitter_card":"summary_large_image","twitter_misc":{"Gesch\u00e4tzte Lesezeit":"11 Minuten"},"schema":{"@context":"https:\/\/schema.org","@graph":[{"@type":"WebPage","@id":"https:\/\/life-platform.com\/de\/terms-conditions\/","url":"https:\/\/life-platform.com\/de\/terms-conditions\/","name":"Bedingungen & Konditionen - ChronoShield","isPartOf":{"@id":"https:\/\/life-platform.com\/#website"},"datePublished":"2022-07-16T16:52:14+00:00","dateModified":"2022-10-28T23:17:24+00:00","breadcrumb":{"@id":"https:\/\/life-platform.com\/de\/terms-conditions\/#breadcrumb"},"inLanguage":"de-DE","potentialAction":[{"@type":"ReadAction","target":["https:\/\/life-platform.com\/de\/terms-conditions\/"]}]},{"@type":"BreadcrumbList","@id":"https:\/\/life-platform.com\/de\/terms-conditions\/#breadcrumb","itemListElement":[{"@type":"ListItem","position":1,"name":"Home","item":"https:\/\/life-platform.com\/de\/"},{"@type":"ListItem","position":2,"name":"Bedingungen &#038; Konditionen"}]},{"@type":"WebSite","@id":"https:\/\/life-platform.com\/#website","url":"https:\/\/life-platform.com\/","name":"ChronoShield","description":"","publisher":{"@id":"https:\/\/life-platform.com\/#organization"},"potentialAction":[{"@type":"SearchAction","target":{"@type":"EntryPoint","urlTemplate":"https:\/\/life-platform.com\/?s={search_term_string}"},"query-input":"required name=search_term_string"}],"inLanguage":"de-DE"},{"@type":"Organization","@id":"https:\/\/life-platform.com\/#organization","name":"Chronoshield","url":"https:\/\/life-platform.com\/","logo":{"@type":"ImageObject","inLanguage":"de-DE","@id":"https:\/\/life-platform.com\/#\/schema\/logo\/image\/","url":"https:\/\/life-platform.com\/wp-content\/uploads\/2022\/07\/logo.png","contentUrl":"https:\/\/life-platform.com\/wp-content\/uploads\/2022\/07\/logo.png","width":345,"height":64,"caption":"Chronoshield"},"image":{"@id":"https:\/\/life-platform.com\/#\/schema\/logo\/image\/"}}]}},"_links":{"self":[{"href":"https:\/\/life-platform.com\/de\/wp-json\/wp\/v2\/pages\/1181"}],"collection":[{"href":"https:\/\/life-platform.com\/de\/wp-json\/wp\/v2\/pages"}],"about":[{"href":"https:\/\/life-platform.com\/de\/wp-json\/wp\/v2\/types\/page"}],"author":[{"embeddable":true,"href":"https:\/\/life-platform.com\/de\/wp-json\/wp\/v2\/users\/1"}],"replies":[{"embeddable":true,"href":"https:\/\/life-platform.com\/de\/wp-json\/wp\/v2\/comments?post=1181"}],"version-history":[{"count":4,"href":"https:\/\/life-platform.com\/de\/wp-json\/wp\/v2\/pages\/1181\/revisions"}],"predecessor-version":[{"id":1505,"href":"https:\/\/life-platform.com\/de\/wp-json\/wp\/v2\/pages\/1181\/revisions\/1505"}],"wp:attachment":[{"href":"https:\/\/life-platform.com\/de\/wp-json\/wp\/v2\/media?parent=1181"}],"curies":[{"name":"wp","href":"https:\/\/api.w.org\/{rel}","templated":true}]}}