{"id":1159,"date":"2022-07-16T16:49:23","date_gmt":"2022-07-16T16:49:23","guid":{"rendered":"https:\/\/life-platform.com\/?page_id=1159"},"modified":"2022-10-28T18:14:48","modified_gmt":"2022-10-28T18:14:48","slug":"privacy-policy","status":"publish","type":"page","link":"https:\/\/life-platform.com\/fr\/privacy-policy\/","title":{"rendered":"Politique de confidentialit\u00e9"},"content":{"rendered":"\r\n<p><\/p>\r\n<p>La pr\u00e9sente politique de confidentialit\u00e9 vous informe sur le traitement des donn\u00e9es que nous collectons lorsque vous visitez notre site web. Dans le cadre de la collecte et du traitement de ces donn\u00e9es, nous agissons en tant que responsable du traitement au sens d\u00e9fini par le r\u00e8glement g\u00e9n\u00e9ral sur la protection des donn\u00e9es.<\/p>\r\n<p>&nbsp;<\/p>\r\n<p>&nbsp;<\/p>\r\n<h4>Informations g\u00e9n\u00e9rales<\/h4>\r\n<p><br \/>La soci\u00e9t\u00e9 Bosotina d.o.o., Lovretska ulica 10, 21 000 SPLIT, OIB : 33815044566 est responsable du traitement des donn\u00e9es personnelles.<\/p>\r\n<p><br \/>Les coordonn\u00e9es par lesquelles toutes les informations concernant le traitement et l&rsquo;utilisation des donn\u00e9es personnelles peuvent \u00eatre obtenues sont les suivantes :<\/p>\r\n<p>&nbsp;<\/p>\r\n<ul>\r\n<li>par courriel : info@chrono-shield.com<\/li>\r\n<li>ou si vous souhaitez nous contacter par courrier, vous pouvez le faire \u00e0 l&rsquo;adresse suivante :<br \/>Bosotina d.o.o.<br \/>Lovretska ulica 10,<br \/>21 000 SPLIT<\/li>\r\n<\/ul>\r\n<p>&nbsp;<\/p>\r\n<p>&nbsp;<\/p>\r\n<h4>Traitement des donn\u00e9es \u00e0 caract\u00e8re personnel<\/h4>\r\n<p><br \/>Bosotina d.o.o. (ci-apr\u00e8s : BOSOTINA) comprend que votre vie priv\u00e9e est importante pour vous. Nous respectons votre vie priv\u00e9e et prot\u00e9geons vos informations personnelles. Il peut s&rsquo;agir de toute information qui peut mener \u00e0 vous en tant qu&rsquo;individu. BOSOTINA traite les donn\u00e9es personnelles que vous nous avez confi\u00e9es lors de votre enregistrement dans la boutique en ligne, par le biais de commentaires sur nos services et produits connexes, ou en faisant des demandes sur l&rsquo;un des canaux de contact pr\u00e9vus.<\/p>\r\n<p>&nbsp;<\/p>\r\n<h4>Boutique en ligne<\/h4>\r\n<p>&nbsp;<\/p>\r\n<p>Pour la r\u00e9alisation du contrat de vente et la livraison du suppl\u00e9ment chrono shield, nous pouvons collecter les donn\u00e9es personnelles suivantes :<\/p>\r\n<p>&nbsp;<\/p>\r\n<ul>\r\n<li>Nom et pr\u00e9nom<\/li>\r\n<li>Adresse<\/li>\r\n<li>\u00c9tat<\/li>\r\n<li>Num\u00e9ro de t\u00e9l\u00e9phone<\/li>\r\n<li>E-mail<\/li>\r\n<\/ul>\r\n<p>&nbsp;<\/p>\r\n<p>&nbsp;<\/p>\r\n<h4>Informations sur le paiement<\/h4>\r\n<p>&nbsp;<\/p>\r\n<p>La base juridique du traitement des donn\u00e9es personnelles collect\u00e9es par le biais de la boutique en ligne est l&rsquo;ex\u00e9cution du contrat auquel le r\u00e9pondant est partie (article 6, paragraphe 1, point b) du r\u00e8glement g\u00e9n\u00e9ral sur les donn\u00e9es de protection).<\/p>\r\n<p>&nbsp;<\/p>\r\n<h4>Critiques<\/h4>\r\n<p><br \/>BOSOTINA utilise diff\u00e9rentes m\u00e9thodes pour recueillir des informations sur la satisfaction des clients quant \u00e0 l&rsquo;utilisation de ses services. L&rsquo;une des m\u00e9thodes les plus importantes \u00e0 cette fin est de recueillir directement votre opinion sur les produits et services que vous utilisez en tant que client. Pour am\u00e9liorer nos services ou r\u00e9soudre les plaintes, nous pouvons recueillir les informations suivantes :<\/p>\r\n<p>&nbsp;<\/p>\r\n<ul>\r\n<li>Nom et pr\u00e9nom<\/li>\r\n<li>E-mail<\/li>\r\n<\/ul>\r\n<p>&nbsp;<\/p>\r\n<p>La base juridique du traitement des donn\u00e9es personnelles est notre int\u00e9r\u00eat l\u00e9gitime (article 6, paragraphe 1, point f) du r\u00e8glement g\u00e9n\u00e9ral sur la protection des donn\u00e9es) pour suivre la satisfaction des clients afin d&rsquo;am\u00e9liorer et d&rsquo;adapter nos produits et services.<br \/>Nous pouvons publier certaines critiques sur nos sites web ou sur les r\u00e9seaux sociaux, les donn\u00e9es personnelles de l&rsquo;utilisateur n&rsquo;\u00e9tant pas visibles.<\/p>\r\n<p>&nbsp;<\/p>\r\n<p>&nbsp;<\/p>\r\n<h4>Formulaires de contact<\/h4>\r\n<p><br \/>Pour en savoir plus sur nos services, vous pouvez nous contacter via les formulaires disponibles sur notre site web. Dans ce cas, nous collecterons \u00e9galement vos informations personnelles telles que :<\/p>\r\n<p>&nbsp;<\/p>\r\n<ul>\r\n<li>Nom et pr\u00e9nom<\/li>\r\n<li>Adresse<\/li>\r\n<li>L&rsquo;entreprise pour laquelle vous travaillez<\/li>\r\n<li>E-mail<\/li>\r\n<li>Num\u00e9ro de t\u00e9l\u00e9phone<\/li>\r\n<\/ul>\r\n<p><br \/>La base juridique du traitement des donn\u00e9es \u00e0 caract\u00e8re personnel est notre int\u00e9r\u00eat l\u00e9gitime (article 6, paragraphe 1, point f) du r\u00e8glement g\u00e9n\u00e9ral sur la protection des donn\u00e9es) pour r\u00e9pondre \u00e0 vos demandes et vous fournir les informations n\u00e9cessaires sur nos services.<\/p>\r\n<p><br \/>Il se peut que nous vous contactions plusieurs fois par courriel ou par t\u00e9l\u00e9phone apr\u00e8s avoir re\u00e7u votre demande pour nous assurer que vous avez re\u00e7u les informations dont vous avez besoin, c&rsquo;est-\u00e0-dire que vous \u00eates satisfait de la r\u00e9ponse re\u00e7ue.<\/p>\r\n<p><br \/>Nous conserverons vos donn\u00e9es re\u00e7ues par le biais de la demande\/r\u00e9vision\/plainte sur notre site web pendant que nous communiquerons entre nous concernant la fourniture de r\u00e9ponses, c&rsquo;est-\u00e0-dire la fourniture d&rsquo;informations sur nos services et produits connexes. Apr\u00e8s 60 mois \u00e0 compter de la derni\u00e8re communication, nous supprimerons toutes vos donn\u00e9es. Cela n&rsquo;affecte pas votre droit de demander \u00e0 tout moment et \u00e0 l&rsquo;avance que nous supprimions vos informations personnelles de nos dossiers.<\/p>\r\n<p>&nbsp;<\/p>\r\n<p>&nbsp;<\/p>\r\n<h4>Objectif, m\u00e9thode de traitement et stockage des donn\u00e9es personnelles<\/h4>\r\n<p><br \/>Toutes les donn\u00e9es personnelles sont utilis\u00e9es exclusivement aux fins pour lesquelles elles ont \u00e9t\u00e9 collect\u00e9es et pour lesquelles il existe une base juridique valable et ne seront en aucun cas mises \u00e0 la disposition de tiers, sauf aux fins prescrites par la loi.<\/p>\r\n<p><br \/>Exceptionnellement, lorsque cela est n\u00e9cessaire pour fournir un service particulier, les donn\u00e9es peuvent \u00eatre mises \u00e0 la disposition de nos fournisseurs (par exemple, pour la livraison) qui agissent alors en tant qu&rsquo;ex\u00e9cutants du traitement. Dans ce cas, BOSOTINA d.o.o. assurera une protection ad\u00e9quate de vos donn\u00e9es en concluant des accords de traitement des donn\u00e9es avec les soci\u00e9t\u00e9s et personnes mentionn\u00e9es.<\/p>\r\n<p><br \/>\u00c0 la fin de la finalit\u00e9 pour laquelle les donn\u00e9es ont \u00e9t\u00e9 collect\u00e9es ou \u00e0 l&rsquo;expiration de la p\u00e9riode de consentement ou \u00e0 la fin de la relation contractuelle et au plus tard \u00e0 l&rsquo;expiration de toutes les obligations l\u00e9gales li\u00e9es au stockage des donn\u00e9es personnelles, nous supprimerons ou anonymiserons les donn\u00e9es personnelles collect\u00e9es.<\/p>\r\n<p><br \/>Prise de d\u00e9cision individuelle automatis\u00e9e et transmission de donn\u00e9es en dehors de l&rsquo;UE<\/p>\r\n<p><br \/>Vous avez le droit de ne pas faire l&rsquo;objet d&rsquo;une d\u00e9cision fond\u00e9e uniquement sur un traitement automatis\u00e9, y compris le profilage, qui produit des effets juridiques sur vous ou vous affecte de mani\u00e8re significative.<\/p>\r\n<p><br \/>Nous n&rsquo;utilisons pas actuellement la prise de d\u00e9cision individuelle automatis\u00e9e sur les sites web dont nous sommes propri\u00e9taires ou dans le cadre des services que nous fournissons.<\/p>\r\n<p><br \/>Nous ne transf\u00e9rons pas vos donn\u00e9es en dehors de l&rsquo;Union europ\u00e9enne, c&rsquo;est-\u00e0-dire vers des pays consid\u00e9r\u00e9s comme des  &raquo; pays tiers  &raquo; selon le R\u00e8glement g\u00e9n\u00e9ral sur la protection des donn\u00e9es.<\/p>\r\n<p>&nbsp;<\/p>\r\n<p>&nbsp;<\/p>\r\n<h4>Utilisation des cookies<\/h4>\r\n<p><br \/>Lorsque vous visitez notre site web pour en savoir plus sur nous et nos produits, ou pour consulter les informations que nous mettons sur le site, nous utilisons des cookies pour assurer le fonctionnement optimal du site, collecter des informations utiles sur les visiteurs qui nous permettront d&rsquo;am\u00e9liorer encore nos services et am\u00e9liorer l&rsquo;exp\u00e9rience utilisateur en g\u00e9n\u00e9ral.<br \/>Les cookies peuvent \u00eatre install\u00e9s sur votre navigateur par BOSOTINA d.o.o. ou par un tiers, tel qu&rsquo;un annonceur.<br \/>Pour plus d&rsquo;informations sur la mani\u00e8re et l&rsquo;utilisation des cookies, nous vous sugg\u00e9rons de consulter notre politique en mati\u00e8re de cookies.<\/p>\r\n<p>&nbsp;<\/p>\r\n<p>&nbsp;<\/p>\r\n<h4>Vos droits en mati\u00e8re de donn\u00e9es personnelles<\/h4>\r\n<p><br \/>Vous disposez \u00e0 tout moment des droits suivants :<\/p>\r\n<p>&nbsp;<\/p>\r\n<ul>\r\n<li>le droit de nous demander des informations sur le traitement de vos donn\u00e9es personnelles (y compris d&rsquo;obtenir une copie de ces donn\u00e9es) ainsi que de les corriger si les donn\u00e9es indiqu\u00e9es sont incorrectes.<\/li>\r\n<li>retirer le consentement \u00e0 tout moment si nous traitons vos donn\u00e9es personnelles sur la base du consentement comme base juridique du traitement. Veuillez noter que le retrait du consentement n&rsquo;affecte pas la l\u00e9galit\u00e9 du traitement des donn\u00e9es bas\u00e9 sur le consentement avant son retrait.<\/li>\r\n<li>le droit de transf\u00e9rer les donn\u00e9es \u00e0 un autre contr\u00f4leur de donn\u00e9es lorsque cela est techniquement possible ;<\/li>\r\n<li>le droit de nous demander de cesser d&rsquo;utiliser vos donn\u00e9es pendant une certaine p\u00e9riode si vous estimez que nous ne les traitons pas conform\u00e9ment \u00e0 la loi.<\/li>\r\n<li>le droit de nous demander de supprimer vos donn\u00e9es dans les cas o\u00f9 nous les traitons sur la base de votre consentement ou sur la base de l&rsquo;int\u00e9r\u00eat l\u00e9gitime comme fondement juridique du traitement ou dans tout autre cas pr\u00e9vu par la loi.<\/li>\r\n<li>le droit de s&rsquo;opposer au traitement des donn\u00e9es \u00e0 caract\u00e8re personnel.<\/li>\r\n<\/ul>\r\n<p>&nbsp;<\/p>\r\n<p>Si vous souhaitez exercer l&rsquo;un des droits susmentionn\u00e9s, vous pouvez nous contacter aux coordonn\u00e9es ci-dessus.<\/p>\r\n<p><br \/>Si vous utilisez l&rsquo;un des droits ci-dessus de mani\u00e8re disproportionn\u00e9e et avec l&rsquo;intention \u00e9vidente d&rsquo;abuser, BOSOTINA d.o.o. se r\u00e9serve le droit de vous facturer des frais raisonnables pour le traitement de la demande ou de rejeter votre demande.<\/p>\r\n<p>&nbsp;<\/p>\r\n<p>&nbsp;<\/p>\r\n<h4>Le droit d&rsquo;opposition aupr\u00e8s de l&rsquo;Agence pour la protection des donn\u00e9es personnelles<\/h4>\r\n<p><br \/>Si vous avez une plainte \u00e0 formuler sur la fa\u00e7on dont nous utilisons vos donn\u00e9es, nous vous sugg\u00e9rons de nous contacter d&rsquo;abord pour r\u00e9soudre le probl\u00e8me, mais vous pouvez aussi contacter l&rsquo;Agence de protection des donn\u00e9es personnelles \u00e0 l&rsquo;adresse \u00e9lectronique suivante : azop@azop.hr.<\/p>\r\n<p>&nbsp;<\/p>\r\n<p>&nbsp;<\/p>\r\n<h4>Agence pour la protection des donn\u00e9es personnelles<\/h4>\r\n<p><br \/>Selska cesta 136<\/p>\r\n<p>HR \u2013 10000 ZAGREB<\/p>\r\n<p><br \/>Nous examinons r\u00e9guli\u00e8rement et, le cas \u00e9ch\u00e9ant, l&rsquo;\u00e9volution de nos services et de l&rsquo;utilisation des informations personnelles, et nous mettons p\u00e9riodiquement \u00e0 jour les pr\u00e9sentes R\u00e8gles. Si nous souhaitons utiliser vos informations personnelles d&rsquo;une mani\u00e8re non identifi\u00e9e pr\u00e9c\u00e9demment, nous vous contacterons pour vous fournir des informations et, si n\u00e9cessaire, demander votre consentement. Nous vous conseillons de consulter r\u00e9guli\u00e8rement ces R\u00e8gles afin d&rsquo;obtenir des informations actualis\u00e9es sur la mani\u00e8re dont nous traitons vos donn\u00e9es.<\/p>\r\n<p>&nbsp;<\/p>\r\n<p>&nbsp;<\/p>\r\n<p>Date de la derni\u00e8re mise \u00e0 jour du pr\u00e9sent r\u00e8glement : 30.06.2021.<\/p>\r\n<p><\/p>\r\n","protected":false},"excerpt":{"rendered":"<p>La pr\u00e9sente politique de confidentialit\u00e9 vous informe sur le traitement des donn\u00e9es que nous collectons lorsque vous visitez notre site web. Dans le cadre de la collecte et du traitement de ces donn\u00e9es, nous agissons en tant que responsable du traitement au sens d\u00e9fini par le r\u00e8glement g\u00e9n\u00e9ral sur la protection des donn\u00e9es. &nbsp; &nbsp; &hellip; <a href=\"https:\/\/life-platform.com\/fr\/privacy-policy\/\">Continued<\/a><\/p>\n","protected":false},"author":1,"featured_media":0,"parent":0,"menu_order":0,"comment_status":"closed","ping_status":"open","template":"views\/template-custom.blade.php","meta":{"arc_restricted_post":false},"yoast_head":"<!-- This site is optimized with the Yoast SEO plugin v19.10 - https:\/\/yoast.com\/wordpress\/plugins\/seo\/ -->\n<title>Politique de confidentialit\u00e9 - ChronoShield<\/title>\n<meta name=\"robots\" content=\"index, follow, max-snippet:-1, max-image-preview:large, max-video-preview:-1\" \/>\n<link rel=\"canonical\" href=\"https:\/\/life-platform.com\/fr\/privacy-policy\/\" \/>\n<meta property=\"og:locale\" content=\"fr_CA\" \/>\n<meta property=\"og:type\" content=\"article\" \/>\n<meta property=\"og:title\" content=\"Politique de confidentialit\u00e9 - ChronoShield\" \/>\n<meta property=\"og:description\" content=\"La pr\u00e9sente politique de confidentialit\u00e9 vous informe sur le traitement des donn\u00e9es que nous collectons lorsque vous visitez notre site web. Dans le cadre de la collecte et du traitement de ces donn\u00e9es, nous agissons en tant que responsable du traitement au sens d\u00e9fini par le r\u00e8glement g\u00e9n\u00e9ral sur la protection des donn\u00e9es. &nbsp; &nbsp; &hellip; Continued\" \/>\n<meta property=\"og:url\" content=\"https:\/\/life-platform.com\/fr\/privacy-policy\/\" \/>\n<meta property=\"og:site_name\" content=\"ChronoShield\" \/>\n<meta property=\"article:modified_time\" content=\"2022-10-28T18:14:48+00:00\" \/>\n<meta name=\"twitter:card\" content=\"summary_large_image\" \/>\n<meta name=\"twitter:label1\" content=\"Estimation du temps de lecture\" \/>\n\t<meta name=\"twitter:data1\" content=\"8 minutes\" \/>\n<script type=\"application\/ld+json\" class=\"yoast-schema-graph\">{\"@context\":\"https:\/\/schema.org\",\"@graph\":[{\"@type\":\"WebPage\",\"@id\":\"https:\/\/life-platform.com\/fr\/privacy-policy\/\",\"url\":\"https:\/\/life-platform.com\/fr\/privacy-policy\/\",\"name\":\"Politique de confidentialit\u00e9 - ChronoShield\",\"isPartOf\":{\"@id\":\"https:\/\/life-platform.com\/#website\"},\"datePublished\":\"2022-07-16T16:49:23+00:00\",\"dateModified\":\"2022-10-28T18:14:48+00:00\",\"breadcrumb\":{\"@id\":\"https:\/\/life-platform.com\/fr\/privacy-policy\/#breadcrumb\"},\"inLanguage\":\"fr-CA\",\"potentialAction\":[{\"@type\":\"ReadAction\",\"target\":[\"https:\/\/life-platform.com\/fr\/privacy-policy\/\"]}]},{\"@type\":\"BreadcrumbList\",\"@id\":\"https:\/\/life-platform.com\/fr\/privacy-policy\/#breadcrumb\",\"itemListElement\":[{\"@type\":\"ListItem\",\"position\":1,\"name\":\"Home\",\"item\":\"https:\/\/life-platform.com\/fr\/\"},{\"@type\":\"ListItem\",\"position\":2,\"name\":\"Politique de confidentialit\u00e9\"}]},{\"@type\":\"WebSite\",\"@id\":\"https:\/\/life-platform.com\/#website\",\"url\":\"https:\/\/life-platform.com\/\",\"name\":\"ChronoShield\",\"description\":\"\",\"publisher\":{\"@id\":\"https:\/\/life-platform.com\/#organization\"},\"potentialAction\":[{\"@type\":\"SearchAction\",\"target\":{\"@type\":\"EntryPoint\",\"urlTemplate\":\"https:\/\/life-platform.com\/?s={search_term_string}\"},\"query-input\":\"required name=search_term_string\"}],\"inLanguage\":\"fr-CA\"},{\"@type\":\"Organization\",\"@id\":\"https:\/\/life-platform.com\/#organization\",\"name\":\"Chronoshield\",\"url\":\"https:\/\/life-platform.com\/\",\"logo\":{\"@type\":\"ImageObject\",\"inLanguage\":\"fr-CA\",\"@id\":\"https:\/\/life-platform.com\/#\/schema\/logo\/image\/\",\"url\":\"https:\/\/life-platform.com\/wp-content\/uploads\/2022\/07\/logo.png\",\"contentUrl\":\"https:\/\/life-platform.com\/wp-content\/uploads\/2022\/07\/logo.png\",\"width\":345,\"height\":64,\"caption\":\"Chronoshield\"},\"image\":{\"@id\":\"https:\/\/life-platform.com\/#\/schema\/logo\/image\/\"}}]}<\/script>\n<!-- \/ Yoast SEO plugin. -->","yoast_head_json":{"title":"Politique de confidentialit\u00e9 - ChronoShield","robots":{"index":"index","follow":"follow","max-snippet":"max-snippet:-1","max-image-preview":"max-image-preview:large","max-video-preview":"max-video-preview:-1"},"canonical":"https:\/\/life-platform.com\/fr\/privacy-policy\/","og_locale":"fr_CA","og_type":"article","og_title":"Politique de confidentialit\u00e9 - ChronoShield","og_description":"La pr\u00e9sente politique de confidentialit\u00e9 vous informe sur le traitement des donn\u00e9es que nous collectons lorsque vous visitez notre site web. Dans le cadre de la collecte et du traitement de ces donn\u00e9es, nous agissons en tant que responsable du traitement au sens d\u00e9fini par le r\u00e8glement g\u00e9n\u00e9ral sur la protection des donn\u00e9es. &nbsp; &nbsp; &hellip; Continued","og_url":"https:\/\/life-platform.com\/fr\/privacy-policy\/","og_site_name":"ChronoShield","article_modified_time":"2022-10-28T18:14:48+00:00","twitter_card":"summary_large_image","twitter_misc":{"Estimation du temps de lecture":"8 minutes"},"schema":{"@context":"https:\/\/schema.org","@graph":[{"@type":"WebPage","@id":"https:\/\/life-platform.com\/fr\/privacy-policy\/","url":"https:\/\/life-platform.com\/fr\/privacy-policy\/","name":"Politique de confidentialit\u00e9 - ChronoShield","isPartOf":{"@id":"https:\/\/life-platform.com\/#website"},"datePublished":"2022-07-16T16:49:23+00:00","dateModified":"2022-10-28T18:14:48+00:00","breadcrumb":{"@id":"https:\/\/life-platform.com\/fr\/privacy-policy\/#breadcrumb"},"inLanguage":"fr-CA","potentialAction":[{"@type":"ReadAction","target":["https:\/\/life-platform.com\/fr\/privacy-policy\/"]}]},{"@type":"BreadcrumbList","@id":"https:\/\/life-platform.com\/fr\/privacy-policy\/#breadcrumb","itemListElement":[{"@type":"ListItem","position":1,"name":"Home","item":"https:\/\/life-platform.com\/fr\/"},{"@type":"ListItem","position":2,"name":"Politique de confidentialit\u00e9"}]},{"@type":"WebSite","@id":"https:\/\/life-platform.com\/#website","url":"https:\/\/life-platform.com\/","name":"ChronoShield","description":"","publisher":{"@id":"https:\/\/life-platform.com\/#organization"},"potentialAction":[{"@type":"SearchAction","target":{"@type":"EntryPoint","urlTemplate":"https:\/\/life-platform.com\/?s={search_term_string}"},"query-input":"required name=search_term_string"}],"inLanguage":"fr-CA"},{"@type":"Organization","@id":"https:\/\/life-platform.com\/#organization","name":"Chronoshield","url":"https:\/\/life-platform.com\/","logo":{"@type":"ImageObject","inLanguage":"fr-CA","@id":"https:\/\/life-platform.com\/#\/schema\/logo\/image\/","url":"https:\/\/life-platform.com\/wp-content\/uploads\/2022\/07\/logo.png","contentUrl":"https:\/\/life-platform.com\/wp-content\/uploads\/2022\/07\/logo.png","width":345,"height":64,"caption":"Chronoshield"},"image":{"@id":"https:\/\/life-platform.com\/#\/schema\/logo\/image\/"}}]}},"_links":{"self":[{"href":"https:\/\/life-platform.com\/fr\/wp-json\/wp\/v2\/pages\/1159"}],"collection":[{"href":"https:\/\/life-platform.com\/fr\/wp-json\/wp\/v2\/pages"}],"about":[{"href":"https:\/\/life-platform.com\/fr\/wp-json\/wp\/v2\/types\/page"}],"author":[{"embeddable":true,"href":"https:\/\/life-platform.com\/fr\/wp-json\/wp\/v2\/users\/1"}],"replies":[{"embeddable":true,"href":"https:\/\/life-platform.com\/fr\/wp-json\/wp\/v2\/comments?post=1159"}],"version-history":[{"count":4,"href":"https:\/\/life-platform.com\/fr\/wp-json\/wp\/v2\/pages\/1159\/revisions"}],"predecessor-version":[{"id":1492,"href":"https:\/\/life-platform.com\/fr\/wp-json\/wp\/v2\/pages\/1159\/revisions\/1492"}],"wp:attachment":[{"href":"https:\/\/life-platform.com\/fr\/wp-json\/wp\/v2\/media?parent=1159"}],"curies":[{"name":"wp","href":"https:\/\/api.w.org\/{rel}","templated":true}]}}