{"id":1171,"date":"2022-07-16T16:50:54","date_gmt":"2022-07-16T16:50:54","guid":{"rendered":"https:\/\/life-platform.com\/?page_id=1171"},"modified":"2022-07-16T16:50:54","modified_gmt":"2022-07-16T16:50:54","slug":"registration","status":"publish","type":"page","link":"https:\/\/life-platform.com\/fr\/registration\/","title":{"rendered":"Registration"},"content":{"rendered":"    <form method=\"post\" class=\"woocommerce-form woocommerce-form-register register\" >\n    <h2>Devenir membre<\/h2>\n    <div class=\"login-wrapper\">\n                    <p>Vous avez d\u00e9j\u00e0 un compte ?                                                    <a href=\"https:\/\/life-platform.com\/fr\/login\">Log in<\/a>\n                                            <\/p>\n                <\/div>\n                <div class=\"register-text\">\n                    <h4 class=\"register-info-title\">ChronoShield Longevity Club<\/h4>\n\t\t            <p class=\"register-info-title\">Un club exclusif d\u00e9di\u00e9 \u00e0 ceux qui font de leur sant\u00e9 leur priorit\u00e9 absolue.<\/p>\n                <\/div>\n        \n        \n        <p class=\"woocommerce-form-row woocommerce-form-row--wide form-row form-row-wide\">\n            <label for=\"reg_email\">Adresse courriel<\/label>\n            <input type=\"email\" class=\"woocommerce-Input woocommerce-Input--text input-text\" name=\"email\" id=\"reg_email\" autocomplete=\"email\" value=\"\" placeholder=\"Votre adresse e-mail\"\/>        <\/p>\n\n                \n        \n        <p class=\"form-row form-row-wide term-check\">\n            <span>\n                <input type=\"checkbox\" name=\"cel_news\" id=\"cel_news\" value=\"yes\" \/>\n                <label for=\"cel_news\">\n                                        J'accepte <a href=\"https:\/\/life-platform.com\/fr\/terms-conditions\/\" target=\"_blank\" class=\"woocommerce-terms-and-conditions-link\">Terms & Conditions<\/a> et <a href=\"https:\/\/life-platform.com\/privacy-policy\/\" target=\"_blank\" class=\"woocommerce-terms-and-conditions-link\">Politique de confidentialit\u00e9<\/a>\n                <\/label>\n            <\/span>\n        <\/p>\n\n\n        <div class=\"woocommerce-FormRow form-row submit-row\">\n            <input type=\"hidden\" id=\"woocommerce-register-nonce\" name=\"woocommerce-register-nonce\" value=\"90c2fbfe35\" \/><input type=\"hidden\" name=\"_wp_http_referer\" value=\"\/fr\/wp-json\/wp\/v2\/pages\/1171\" \/>            <div class=\"submit-wrapper\">\n                <button id=\"submit-registration\" type=\"submit\" class=\"woocommerce-Button woocommerce-button button woocommerce-form-register__submit\" name=\"register\" value=\"Inscription\">Devenir membre<\/button>\n                <script>\n                    const checkBoxes = document.querySelectorAll('input[type=\"checkbox\"]');\n                    const submitButton = document.getElementById('submit-registration');\n                    checkBoxes.forEach((cb) => {\n                          cb.addEventListener('change', checkButtonStatus);\n                        });\n                        function checkButtonStatus() {\n                              const checkedCount = [...checkBoxes].filter((cb) => cb.checked);\n                                submitButton.disabled = checkedCount.length !== checkBoxes.length\n                            }\n                        checkButtonStatus();  \n                <\/script>\n            <\/div>\n        <\/div>\n\n        \n        <div class=\"trigger-container\">\n\t\t<p class=\"not-trigger\">Besoin d'aide ?<\/p>\n\t\t<div class=\"contact-form-trigger\">\n\t\t\t<p>Contactez nous<\/p>\n\t\t<\/div>\n\t<\/div>\n  \n    <\/form>\n    <script>\n    jQuery(window).load(function(){\n        if (jQuery('.woocommerce-message').length) {\n            jQuery('.woocommerce-form-register').hide();\n        }\n    });\n    <\/script>\n        <div class=\"contact-wrapper\">\n        <div class=\"contact-inner\">\n            <div class=\"contact-inner-top\">\n                <h3>Contactez nous<\/h3>\n                <svg class=\"form-close\" width=\"32\" height=\"32\" fill=\"none\" xmlns=\"http:\/\/www.w3.org\/2000\/svg\">\n                    <path d=\"m16.001 14.115 6.6-6.6L24.486 9.4l-6.6 6.6 6.6 6.6-1.885 1.885-6.6-6.6-6.6 6.6L7.516 22.6l6.6-6.6-6.6-6.6L9.4 7.515l6.6 6.6Z\" fill=\"#A17B39\" \/>\n                <\/svg>\n            <\/div>\n                                            <div class=\"contact-text\">\n                    We\u2019d like to hear from you. If you prefer calling us, this is our phone number <a href=\"tel:+385916192209\">+385 91 619 2209<\/a>.                <\/div>\n                        <div role=\"form\" class=\"wpcf7\" id=\"wpcf7-f1184-o1\" lang=\"fr-CA\" dir=\"ltr\">\n<div class=\"screen-reader-response\"><p role=\"status\" aria-live=\"polite\" aria-atomic=\"true\"><\/p> <ul><\/ul><\/div>\n<form action=\"\/fr\/wp-json\/wp\/v2\/pages\/1171#wpcf7-f1184-o1\" method=\"post\" class=\"wpcf7-form init\" novalidate=\"novalidate\" data-status=\"init\">\n<div style=\"display: none;\">\n<input type=\"hidden\" name=\"_wpcf7\" value=\"1184\" \/>\n<input type=\"hidden\" name=\"_wpcf7_version\" value=\"5.6.4\" \/>\n<input type=\"hidden\" name=\"_wpcf7_locale\" value=\"fr_CA\" \/>\n<input type=\"hidden\" name=\"_wpcf7_unit_tag\" value=\"wpcf7-f1184-o1\" \/>\n<input type=\"hidden\" name=\"_wpcf7_container_post\" value=\"0\" \/>\n<input type=\"hidden\" name=\"_wpcf7_posted_data_hash\" value=\"\" \/>\n<\/div>\n<div class=\"name-email-wrapper\">\n<div class=\"name-wrapper\"><label> Nom complet<br \/>\n    <span class=\"wpcf7-form-control-wrap\" data-name=\"your-name\"><input type=\"text\" name=\"your-name\" value=\"\" size=\"40\" class=\"wpcf7-form-control wpcf7-text wpcf7-validates-as-required\" aria-required=\"true\" aria-invalid=\"false\" placeholder=\"Votre nom complet\" \/><\/span> <\/label><\/div>\n<div class=\"email-wrapper\"><label> Adresse e-mail<br \/>\n    <span class=\"wpcf7-form-control-wrap\" data-name=\"your-email\"><input type=\"email\" name=\"your-email\" value=\"\" size=\"40\" class=\"wpcf7-form-control wpcf7-text wpcf7-email wpcf7-validates-as-required wpcf7-validates-as-email\" aria-required=\"true\" aria-invalid=\"false\" placeholder=\"Votre adresse e-mail\" \/><\/span> <\/label>\n<\/div>\n<\/div>\n<div class=\"message-wrapper\"><label> Votre message<br \/>\n    <span class=\"wpcf7-form-control-wrap\" data-name=\"your-message\"><textarea name=\"your-message\" cols=\"40\" rows=\"10\" class=\"wpcf7-form-control wpcf7-textarea\" aria-invalid=\"false\" placeholder=\"Commencez \u00e0 taper votre message...\"><\/textarea><\/span> <\/label><\/div>\n<div class=\"submit-wrapper\"><input type=\"submit\" value=\"Envoyer un message\" class=\"wpcf7-form-control has-spinner wpcf7-submit\" \/><\/div>\n<div class=\"wpcf7-response-output\" aria-hidden=\"true\"><\/div><\/form><\/div>        <\/div>\n    <\/div>\n\n","protected":false},"excerpt":{"rendered":"","protected":false},"author":1,"featured_media":0,"parent":0,"menu_order":0,"comment_status":"closed","ping_status":"closed","template":"","meta":{"arc_restricted_post":false},"yoast_head":"<!-- This site is optimized with the Yoast SEO plugin v19.10 - https:\/\/yoast.com\/wordpress\/plugins\/seo\/ -->\n<title>Registration - ChronoShield<\/title>\n<meta name=\"robots\" content=\"index, follow, max-snippet:-1, max-image-preview:large, max-video-preview:-1\" \/>\n<link rel=\"canonical\" href=\"https:\/\/life-platform.com\/fr\/registration\/\" \/>\n<meta property=\"og:locale\" content=\"fr_CA\" \/>\n<meta property=\"og:type\" content=\"article\" \/>\n<meta property=\"og:title\" content=\"Registration - ChronoShield\" \/>\n<meta property=\"og:url\" content=\"https:\/\/life-platform.com\/fr\/registration\/\" \/>\n<meta property=\"og:site_name\" content=\"ChronoShield\" \/>\n<meta name=\"twitter:card\" content=\"summary_large_image\" \/>\n<script type=\"application\/ld+json\" class=\"yoast-schema-graph\">{\"@context\":\"https:\/\/schema.org\",\"@graph\":[{\"@type\":\"WebPage\",\"@id\":\"https:\/\/life-platform.com\/fr\/registration\/\",\"url\":\"https:\/\/life-platform.com\/fr\/registration\/\",\"name\":\"Registration - ChronoShield\",\"isPartOf\":{\"@id\":\"https:\/\/life-platform.com\/#website\"},\"datePublished\":\"2022-07-16T16:50:54+00:00\",\"dateModified\":\"2022-07-16T16:50:54+00:00\",\"breadcrumb\":{\"@id\":\"https:\/\/life-platform.com\/fr\/registration\/#breadcrumb\"},\"inLanguage\":\"fr-CA\",\"potentialAction\":[{\"@type\":\"ReadAction\",\"target\":[\"https:\/\/life-platform.com\/fr\/registration\/\"]}]},{\"@type\":\"BreadcrumbList\",\"@id\":\"https:\/\/life-platform.com\/fr\/registration\/#breadcrumb\",\"itemListElement\":[{\"@type\":\"ListItem\",\"position\":1,\"name\":\"Home\",\"item\":\"https:\/\/life-platform.com\/fr\/\"},{\"@type\":\"ListItem\",\"position\":2,\"name\":\"Registration\"}]},{\"@type\":\"WebSite\",\"@id\":\"https:\/\/life-platform.com\/#website\",\"url\":\"https:\/\/life-platform.com\/\",\"name\":\"ChronoShield\",\"description\":\"\",\"publisher\":{\"@id\":\"https:\/\/life-platform.com\/#organization\"},\"potentialAction\":[{\"@type\":\"SearchAction\",\"target\":{\"@type\":\"EntryPoint\",\"urlTemplate\":\"https:\/\/life-platform.com\/?s={search_term_string}\"},\"query-input\":\"required name=search_term_string\"}],\"inLanguage\":\"fr-CA\"},{\"@type\":\"Organization\",\"@id\":\"https:\/\/life-platform.com\/#organization\",\"name\":\"Chronoshield\",\"url\":\"https:\/\/life-platform.com\/\",\"logo\":{\"@type\":\"ImageObject\",\"inLanguage\":\"fr-CA\",\"@id\":\"https:\/\/life-platform.com\/#\/schema\/logo\/image\/\",\"url\":\"https:\/\/life-platform.com\/wp-content\/uploads\/2022\/07\/logo.png\",\"contentUrl\":\"https:\/\/life-platform.com\/wp-content\/uploads\/2022\/07\/logo.png\",\"width\":345,\"height\":64,\"caption\":\"Chronoshield\"},\"image\":{\"@id\":\"https:\/\/life-platform.com\/#\/schema\/logo\/image\/\"}}]}<\/script>\n<!-- \/ Yoast SEO plugin. -->","yoast_head_json":{"title":"Registration - ChronoShield","robots":{"index":"index","follow":"follow","max-snippet":"max-snippet:-1","max-image-preview":"max-image-preview:large","max-video-preview":"max-video-preview:-1"},"canonical":"https:\/\/life-platform.com\/fr\/registration\/","og_locale":"fr_CA","og_type":"article","og_title":"Registration - ChronoShield","og_url":"https:\/\/life-platform.com\/fr\/registration\/","og_site_name":"ChronoShield","twitter_card":"summary_large_image","schema":{"@context":"https:\/\/schema.org","@graph":[{"@type":"WebPage","@id":"https:\/\/life-platform.com\/fr\/registration\/","url":"https:\/\/life-platform.com\/fr\/registration\/","name":"Registration - ChronoShield","isPartOf":{"@id":"https:\/\/life-platform.com\/#website"},"datePublished":"2022-07-16T16:50:54+00:00","dateModified":"2022-07-16T16:50:54+00:00","breadcrumb":{"@id":"https:\/\/life-platform.com\/fr\/registration\/#breadcrumb"},"inLanguage":"fr-CA","potentialAction":[{"@type":"ReadAction","target":["https:\/\/life-platform.com\/fr\/registration\/"]}]},{"@type":"BreadcrumbList","@id":"https:\/\/life-platform.com\/fr\/registration\/#breadcrumb","itemListElement":[{"@type":"ListItem","position":1,"name":"Home","item":"https:\/\/life-platform.com\/fr\/"},{"@type":"ListItem","position":2,"name":"Registration"}]},{"@type":"WebSite","@id":"https:\/\/life-platform.com\/#website","url":"https:\/\/life-platform.com\/","name":"ChronoShield","description":"","publisher":{"@id":"https:\/\/life-platform.com\/#organization"},"potentialAction":[{"@type":"SearchAction","target":{"@type":"EntryPoint","urlTemplate":"https:\/\/life-platform.com\/?s={search_term_string}"},"query-input":"required name=search_term_string"}],"inLanguage":"fr-CA"},{"@type":"Organization","@id":"https:\/\/life-platform.com\/#organization","name":"Chronoshield","url":"https:\/\/life-platform.com\/","logo":{"@type":"ImageObject","inLanguage":"fr-CA","@id":"https:\/\/life-platform.com\/#\/schema\/logo\/image\/","url":"https:\/\/life-platform.com\/wp-content\/uploads\/2022\/07\/logo.png","contentUrl":"https:\/\/life-platform.com\/wp-content\/uploads\/2022\/07\/logo.png","width":345,"height":64,"caption":"Chronoshield"},"image":{"@id":"https:\/\/life-platform.com\/#\/schema\/logo\/image\/"}}]}},"_links":{"self":[{"href":"https:\/\/life-platform.com\/fr\/wp-json\/wp\/v2\/pages\/1171"}],"collection":[{"href":"https:\/\/life-platform.com\/fr\/wp-json\/wp\/v2\/pages"}],"about":[{"href":"https:\/\/life-platform.com\/fr\/wp-json\/wp\/v2\/types\/page"}],"author":[{"embeddable":true,"href":"https:\/\/life-platform.com\/fr\/wp-json\/wp\/v2\/users\/1"}],"replies":[{"embeddable":true,"href":"https:\/\/life-platform.com\/fr\/wp-json\/wp\/v2\/comments?post=1171"}],"version-history":[{"count":1,"href":"https:\/\/life-platform.com\/fr\/wp-json\/wp\/v2\/pages\/1171\/revisions"}],"predecessor-version":[{"id":1172,"href":"https:\/\/life-platform.com\/fr\/wp-json\/wp\/v2\/pages\/1171\/revisions\/1172"}],"wp:attachment":[{"href":"https:\/\/life-platform.com\/fr\/wp-json\/wp\/v2\/media?parent=1171"}],"curies":[{"name":"wp","href":"https:\/\/api.w.org\/{rel}","templated":true}]}}