{"id":1179,"date":"2022-07-16T16:51:58","date_gmt":"2022-07-16T16:51:58","guid":{"rendered":"https:\/\/life-platform.com\/?page_id=1179"},"modified":"2022-10-28T23:10:26","modified_gmt":"2022-10-28T23:10:26","slug":"terms-conditions","status":"publish","type":"page","link":"https:\/\/life-platform.com\/fr\/terms-conditions\/","title":{"rendered":"Termes et conditions"},"content":{"rendered":"<p><strong>1. Conditions d&rsquo;utilisation<\/strong><\/p>\n<p>&nbsp;<\/p>\n<p>Le site web CHRONOSHIELD (www.chrono-shield.com) est un site web de service d&rsquo;adh\u00e9sion. Toute personne qui ach\u00e8te une adh\u00e9sion \u00e0 Chronoshield re\u00e7oit le suppl\u00e9ment anti-\u00e2ge Chronoshield (&laquo; produit &raquo;) pour le nombre de mois achet\u00e9s. Ce produit n&rsquo;est pas vendu et n&rsquo;est pas disponible \u00e0 l&rsquo;achat sur ce site Web en dehors de l&rsquo;adh\u00e9sion.<\/p>\n<p>&nbsp;<\/p>\n<p>Le site Internet de CHRONOSHIELD (www.chrono-shield.com) peut \u00eatre utilis\u00e9 gratuitement pour un usage priv\u00e9. En utilisant la boutique en ligne www.chrono-shield.com (&laquo; Boutique en ligne &raquo;), vous acceptez de respecter les pr\u00e9sentes conditions g\u00e9n\u00e9rales de vente (&laquo; Conditions g\u00e9n\u00e9rales &raquo;).<\/p>\n<p>&nbsp;<\/p>\n<p>Veuillez lire attentivement les pr\u00e9sentes conditions g\u00e9n\u00e9rales avant d&rsquo;utiliser le site Web ou la boutique en ligne ou avant d&rsquo;acheter une adh\u00e9sion \u00e0 Bosotina d.o.o. par voie \u00e9lectronique. Lorsque vous visitez notre site Web pour vous informer sur notre adh\u00e9sion ou acc\u00e9der aux clients de notre adh\u00e9sion par le biais de la boutique en ligne ou acheter notre adh\u00e9sion par voie \u00e9lectronique, il est consid\u00e9r\u00e9 que vous avez lu et accept\u00e9 ces Conditions g\u00e9n\u00e9rales. Si vous n&rsquo;\u00eates pas d&rsquo;accord avec ces conditions g\u00e9n\u00e9rales, veuillez ne pas utiliser notre site web pour acheter une adh\u00e9sion ou vous informer \u00e0 ce sujet ou commander notre adh\u00e9sion par voie \u00e9lectronique.<\/p>\n<p>&nbsp;<\/p>\n<p>Les pr\u00e9sentes conditions g\u00e9n\u00e9rales ont \u00e9galement l&rsquo;effet d&rsquo;un avis pr\u00e9contractuel vis\u00e9 \u00e0 l&rsquo;article 57, paragraphe 1 de la loi sur la protection des consommateurs (Journal officiel 41\/14, 110\/15, 14\/19).<\/p>\n<p>&nbsp;<\/p>\n<p>&nbsp;<\/p>\n<p><strong>2. Conditions d&rsquo;achat<\/strong><\/p>\n<p>&nbsp;<\/p>\n<p>En effectuant des achats aupr\u00e8s de Bosotina d.o.o. par le biais de la boutique en ligne, il est consid\u00e9r\u00e9 que vous connaissez les pr\u00e9sentes Conditions g\u00e9n\u00e9rales et les prix d&rsquo;adh\u00e9sion en vigueur publi\u00e9s sur www.chrono-shield.com et que vous les acceptez. Bosotina d.o.o. n&rsquo;est pas responsable des litiges qui pourraient survenir parce que vous n&rsquo;avez pas lu les Conditions g\u00e9n\u00e9rales.<\/p>\n<p>&nbsp;<\/p>\n<p>Le fournisseur des produits command\u00e9s est :<\/p>\n<p>Bosotina d.o.o.<\/p>\n<p>Lovretska ulica 10<\/p>\n<p>21 000 SPLIT<\/p>\n<p>OIB: 33815044566<\/p>\n<p>&nbsp;<\/p>\n<p>Pour nos coordonn\u00e9es, veuillez consulter le menu &laquo; Contact &raquo;.<\/p>\n<p>&nbsp;<\/p>\n<p>Bosotina d.o.o. permet aux clients d&rsquo;acheter une adh\u00e9sion dans la boutique en ligne. Aux fins des pr\u00e9sentes conditions g\u00e9n\u00e9rales, est consid\u00e9r\u00e9e comme client toute personne qui ach\u00e8te par voie \u00e9lectronique au moins 3 mois d&rsquo;adh\u00e9sion et, dans le cas d&rsquo;un achat par le biais de la boutique en ligne, remplit les informations requises dans le formulaire d&rsquo;inscription. Tous les prix sont exprim\u00e9s en kunas (kn), TVA comprise.<\/p>\n<p>&nbsp;<\/p>\n<p>&nbsp;<\/p>\n<p><strong>3. Adh\u00e9sion aux achats<\/strong><\/p>\n<p>&nbsp;<\/p>\n<p>L&rsquo;adh\u00e9sion est vendue via la boutique en ligne. L&rsquo;achat d&rsquo;une adh\u00e9sion par le biais de la boutique en ligne commence par la s\u00e9lection de l&rsquo;option Ajouter au panier, qui enregistre automatiquement l&rsquo;offre d&rsquo;adh\u00e9sion s\u00e9lectionn\u00e9e dans le panier. Il est possible d&rsquo;acheter l&rsquo;adh\u00e9sion enregistr\u00e9e dans le panier en tant qu&rsquo;utilisateur enregistr\u00e9, apr\u00e8s avoir saisi les donn\u00e9es du client (donn\u00e9es de facturation) et l&rsquo;adresse de livraison, qui appara\u00eetront automatiquement dans le panier, en s\u00e9lectionnant l&rsquo;option Ajouter au panier.<\/p>\n<p>&nbsp;<\/p>\n<p>L&rsquo;adh\u00e9sion est consid\u00e9r\u00e9e comme achet\u00e9e au moment o\u00f9 le client compl\u00e8te l&rsquo;ensemble du processus de commande. Vous recevrez une confirmation de la r\u00e9ception de votre commande d&rsquo;adh\u00e9sion \u00e0 l&rsquo;adresse \u00e9lectronique que vous avez enregistr\u00e9e en tant que membre. La confirmation de la commande contient l&rsquo;adh\u00e9sion que vous avez command\u00e9e et le prix total de la commande, ainsi qu&rsquo;un lien vers les pr\u00e9sentes conditions g\u00e9n\u00e9rales, ce qui signifie que Bosotina d.o.o. a rempli l&rsquo;obligation de livrer le contrat \u00e0 l&rsquo;acheteur. Si vous ne recevez pas cette confirmation, veuillez v\u00e9rifier si l&rsquo;abonnement command\u00e9 se trouve dans votre panier apr\u00e8s l&rsquo;enregistrement. Si le panier est vide, veuillez nous contacter de l&rsquo;une des mani\u00e8res indiqu\u00e9es dans le menu Contact.<\/p>\n<p>&nbsp;<\/p>\n<p>&nbsp;<\/p>\n<p><strong>4. Paiement<\/strong><\/p>\n<p>&nbsp;<\/p>\n<p>L&rsquo;acheteur paie l&rsquo;adh\u00e9sion au prix sp\u00e9cifi\u00e9 dans la confirmation de commande de l&rsquo;adh\u00e9sion.<\/p>\n<p>&nbsp;<\/p>\n<p>Le client paie l&rsquo;abonnement command\u00e9 de l&rsquo;une des mani\u00e8res suivantes :<\/p>\n<p>&nbsp;<\/p>\n<ul>\n<li>carte de d\u00e9bit<\/li>\n<li>par carte de cr\u00e9dit<\/li>\n<li>par d\u00e9p\u00f4t bancaire direct<\/li>\n<\/ul>\n<p>&nbsp;<\/p>\n<p>Tous les prix sont exprim\u00e9s et sont pay\u00e9s en HRK.<\/p>\n<p>&nbsp;<\/p>\n<p>&nbsp;<\/p>\n<p><strong>5. Enqu\u00eates et plaintes<\/strong><\/p>\n<p>&nbsp;<\/p>\n<p>Si vous avez une demande ou une r\u00e9clamation concernant l&rsquo;achat d&rsquo;une adh\u00e9sion par voie \u00e9lectronique (boutique en ligne), veuillez l&rsquo;envoyer \u00e0 info@chrono-shield.com. Bosotina d.o.o. r\u00e9pondra \u00e0 votre demande ou \u00e0 votre plainte dans les meilleurs d\u00e9lais, et prendra toutes les mesures raisonnables pour \u00e9liminer les raisons pour lesquelles la plainte a \u00e9t\u00e9 envoy\u00e9e.<\/p>\n<p>&nbsp;<\/p>\n<p>&nbsp;<\/p>\n<p><strong>6. R\u00e9siliation unilat\u00e9rale du contrat<\/strong><\/p>\n<p>&nbsp;<\/p>\n<p>L&rsquo;acheteur a le droit, dans un d\u00e9lai de 14 jours \u00e0 compter de la date d&rsquo;achat de l&rsquo;adh\u00e9sion, de r\u00e9silier unilat\u00e9ralement le contrat d&rsquo;achat de l&rsquo;adh\u00e9sion via la boutique en ligne, sans donner de raison ( &raquo; r\u00e9siliation unilat\u00e9rale &laquo; ). \u00c0 l&rsquo;expiration de la p\u00e9riode sp\u00e9cifi\u00e9e, l&rsquo;acheteur perd son droit de r\u00e9siliation unilat\u00e9rale du contrat.<\/p>\n<p>&nbsp;<\/p>\n<p>L&rsquo;acheteur doit informer Bosotina d.o.o. de l&rsquo;utilisation du droit de r\u00e9siliation unilat\u00e9rale du contrat avant l&rsquo;expiration du d\u00e9lai de r\u00e9siliation unilat\u00e9rale par une d\u00e9claration \u00e9crite non ambigu\u00eb envoy\u00e9e par courrier recommand\u00e9 \u00e0 l&rsquo;adresse du si\u00e8ge de Bosotina d.o.o. ou par e-mail envoy\u00e9 \u00e0 info@chrono-shield.com, indiquant le nom, l&rsquo;adresse, le num\u00e9ro de t\u00e9l\u00e9phone de contact ou l&rsquo;adresse e-mail, la date de la commande et le nom pour lequel le client utilise le droit de r\u00e9siliation unilat\u00e9rale du contrat.<\/p>\n<p>&nbsp;<\/p>\n<p>Bosotina d.o.o. d\u00e9livrera sans d\u00e9lai, \u00e0 l&rsquo;adresse \u00e9lectronique indiqu\u00e9e par le client dans la d\u00e9claration de r\u00e9siliation unilat\u00e9rale du contrat ou, si le client ne l&rsquo;a pas indiqu\u00e9e dans la d\u00e9claration de r\u00e9siliation unilat\u00e9rale, \u00e0 l&rsquo;adresse \u00e9lectronique du client indiqu\u00e9e lors de la commande de l&rsquo;adh\u00e9sion, le re\u00e7u de la d\u00e9claration de r\u00e9siliation.<\/p>\n<p>&nbsp;<\/p>\n<p>En cas de r\u00e9siliation unilat\u00e9rale du contrat, les parties ne sont pas tenues de remplir leurs obligations en vertu du contrat d&rsquo;achat r\u00e9sili\u00e9, c&rsquo;est-\u00e0-dire qu&rsquo;elles sont tenues de se restituer mutuellement tout ce qu&rsquo;elles ont re\u00e7u sur la base du contrat r\u00e9sili\u00e9 unilat\u00e9ralement par l&rsquo;acheteur.<\/p>\n<p>&nbsp;<\/p>\n<p>L&rsquo;acheteur doit renvoyer le(s) produit(s) chronoshield gratuit(s) et non ouvert(s) donn\u00e9(s) dans le cadre de l&rsquo;adh\u00e9sion sans d\u00e9lai, et au plus tard 14 jours \u00e0 compter de l&rsquo;avis de r\u00e9siliation donn\u00e9 conform\u00e9ment aux pr\u00e9sentes conditions g\u00e9n\u00e9rales. L&rsquo;acheteur supporte les frais directs de renvoi du produit \u00e0 l&rsquo;adresse du si\u00e8ge de Bosotina d.o.o. Il est consid\u00e9r\u00e9 que l&rsquo;acheteur a rempli l&rsquo;obligation de renvoyer le produit dans les d\u00e9lais s&rsquo;il envoie le produit \u00e0 l&rsquo;adresse du si\u00e8ge de Bosotina d.o.o. avant l&rsquo;expiration de la p\u00e9riode susmentionn\u00e9e et soumet la preuve de l&rsquo;envoi du produit au si\u00e8ge de Bosotina d. o.o. par e-mail envoy\u00e9 \u00e0 info@chrono-shield.com ou si vous livrez le produit \u00e0 l&rsquo;adresse du si\u00e8ge de Bosotina d.o.o. Le client est responsable de toute d\u00e9t\u00e9rioration du produit r\u00e9sultant de la manipulation du produit, autre que celle qui \u00e9tait n\u00e9cessaire pour d\u00e9terminer la nature, les caract\u00e9ristiques et la fonctionnalit\u00e9 du produit.<\/p>\n<p>&nbsp;<\/p>\n<p>Bosotina d.o.o. remboursera le paiement de l&rsquo;adh\u00e9sion apr\u00e8s le retour des produits, c&rsquo;est-\u00e0-dire apr\u00e8s que l&rsquo;acheteur ait soumis \u00e0 info@chrono-shield.com la preuve que les produits ont \u00e9t\u00e9 envoy\u00e9s \u00e0 l&rsquo;adresse du si\u00e8ge de Bosotina d.o.o. si la preuve est soumise avant la r\u00e9ception du produit.<\/p>\n<p>&nbsp;<\/p>\n<p>Si le produit non ouvert est retourn\u00e9 d\u00e9fectueux, avec des dommages importants ou sans pi\u00e8ces et documentation et s&rsquo;il n&rsquo;est pas livr\u00e9 dans un d\u00e9lai ult\u00e9rieur de 8 jours, il est consid\u00e9r\u00e9 que l&rsquo;acheteur n&rsquo;a pas rempli son obligation de retourner le produit et Bosotina d.o.o. n&rsquo;est pas tenu de proc\u00e9der \u00e0 un remboursement complet. Un remboursement partiel sera accord\u00e9.<\/p>\n<p>&nbsp;<\/p>\n<p>Bosotina d.o.o. ne remboursera pas les frais suppl\u00e9mentaires r\u00e9sultant du choix explicite par le client d&rsquo;un mode de transport diff\u00e9rent du mode de transport standard des produits achet\u00e9s par voie \u00e9lectronique.<\/p>\n<p>&nbsp;<\/p>\n<p>Bosotina d.o.o. remboursera le paiement en utilisant le m\u00eame moyen de paiement que celui utilis\u00e9 par l&rsquo;acheteur lors du paiement, sauf si l&rsquo;acheteur accepte explicitement un autre moyen de paiement et si l&rsquo;acheteur n&rsquo;est pas oblig\u00e9 de payer des frais suppl\u00e9mentaires pour ce remboursement.<\/p>\n<p>&nbsp;<\/p>\n<p>L&rsquo;acheteur n&rsquo;a pas le droit de r\u00e9silier unilat\u00e9ralement le contrat si :<\/p>\n<p>&nbsp;<\/p>\n<p>Bosotina d.o.o. a compl\u00e8tement ex\u00e9cut\u00e9 le contrat et l&rsquo;ex\u00e9cution a commenc\u00e9 avec le consentement pr\u00e9alable explicite du client et avec la confirmation qu&rsquo;il est conscient du fait qu&rsquo;il perdra le droit de r\u00e9silier unilat\u00e9ralement le contrat si celui-ci a \u00e9t\u00e9 compl\u00e8tement ex\u00e9cut\u00e9.<\/p>\n<p>&nbsp;<\/p>\n<p>l&rsquo;objet du contrat de services dont le prix d\u00e9pend de changements sur le march\u00e9 financier qui \u00e9chappent \u00e0 l&rsquo;influence de Bosotina d.o.o., et qui peuvent se produire pendant la dur\u00e9e du droit de l&rsquo;acheteur \u00e0 la r\u00e9siliation unilat\u00e9rale du contrat<\/p>\n<p>&nbsp;<\/p>\n<p>l&rsquo;objet du contrat a scell\u00e9 des marchandises qui, pour des raisons de sant\u00e9 ou d&rsquo;hygi\u00e8ne, ne peuvent \u00eatre retourn\u00e9es et qui ont \u00e9t\u00e9 descell\u00e9es apr\u00e8s la livraison.<\/p>\n<p>&nbsp;<\/p>\n<p>l&rsquo;une des raisons pour lesquelles l&rsquo;acheteur est exclu du droit de r\u00e9siliation unilat\u00e9rale selon la loi sur la protection des consommateurs est remplie.<\/p>\n<p>&nbsp;<\/p>\n<p><strong>8. R\u00e8glement des litiges<\/strong><\/p>\n<p>&nbsp;<\/p>\n<p>En cas de litige d\u00e9coulant de l&rsquo;achat d&rsquo;une adh\u00e9sion par le biais de la boutique en ligne ou par voie \u00e9lectronique, il est possible de soumettre une demande au tribunal d&rsquo;honneur de la Chambre de commerce croate ou une proposition de conciliation aupr\u00e8s des centres de conciliation, conform\u00e9ment au r\u00e8glement int\u00e9rieur de ces organes.<\/p>\n<p>&nbsp;<\/p>\n<p>&nbsp;<\/p>\n<p><strong>9. Protection des donn\u00e9es \u00e0 caract\u00e8re personnel<\/strong><\/p>\n<p>&nbsp;<\/p>\n<p>Bosotina d.o.o. s&rsquo;engage \u00e0 prot\u00e9ger la vie priv\u00e9e et la confidentialit\u00e9 des donn\u00e9es personnelles de ses clients et des utilisateurs du site Web, y compris de la boutique en ligne. Bosotina d.o.o., en tant que responsable du traitement des donn\u00e9es, ne collecte que les donn\u00e9es personnelles que les clients\/utilisateurs fournissent eux-m\u00eames et qui sont n\u00e9cessaires pour atteindre le but pour lequel elles ont \u00e9t\u00e9 donn\u00e9es. Les donn\u00e9es personnelles collect\u00e9es sont utilis\u00e9es pour la vente d&rsquo;adh\u00e9sions par le biais de la boutique en ligne ou par voie \u00e9lectronique, la livraison de produits gratuits, la r\u00e9ponse aux demandes des clients\/utilisateurs, le contact avec les clients\/utilisateurs et l&rsquo;am\u00e9lioration de nos services, ainsi qu&rsquo;\u00e0 d&rsquo;autres fins similaires. En soumettant vos donn\u00e9es, vous d\u00e9clarez consentir \u00e0 leur collecte, leur traitement, leur utilisation et, lorsqu&rsquo;un niveau ad\u00e9quat de protection des donn\u00e9es personnelles est garanti, leur transmission dans le but pour lequel elles nous ont \u00e9t\u00e9 fournies, ainsi que dans le cadre des r\u00e9glementations nationales.<\/p>\n<p>&nbsp;<\/p>\n<p>Toutes les donn\u00e9es personnelles collect\u00e9es sont strictement conserv\u00e9es et ne sont accessibles qu&rsquo;aux employ\u00e9s et partenaires commerciaux qui ont besoin de ces donn\u00e9es aux fins susmentionn\u00e9es. Tous les employ\u00e9s et partenaires commerciaux sont responsables du respect des principes de protection de la vie priv\u00e9e et de la confidentialit\u00e9 des donn\u00e9es personnelles.<\/p>\n<p>&nbsp;<\/p>\n<p>Si vous nous avez fourni vos donn\u00e9es, vous disposez d&rsquo;un droit d&rsquo;acc\u00e8s et de rectification de ces donn\u00e9es, ainsi que d&rsquo;autres droits pr\u00e9vus par le r\u00e8glement g\u00e9n\u00e9ral sur la protection des donn\u00e9es. Pour plus d&rsquo;informations sur les droits et la mani\u00e8re dont Bosotina d.o.o. traite vos donn\u00e9es, consultez la Politique de confidentialit\u00e9 pour les visiteurs du site web de Bosotina d.o.o.<\/p>\n<p>&nbsp;<\/p>\n<p>&nbsp;<\/p>\n<p><strong>10. Inscription<\/strong><\/p>\n<p>&nbsp;<\/p>\n<p>L&rsquo;inscription \u00e0 la boutique en ligne et l&rsquo;achat d&rsquo;un abonnement par son interm\u00e9diaire ne sont possibles qu&rsquo;en soumettant une demande d&rsquo;adh\u00e9sion et en obtenant son approbation. Pour s&rsquo;inscrire sur la boutique en ligne et acheter par son interm\u00e9diaire, il faut \u00eatre \u00e2g\u00e9 d&rsquo;au moins 18 ans et avoir la capacit\u00e9 juridique. Le client est responsable de l&rsquo;exactitude et de l&rsquo;exhaustivit\u00e9 des donn\u00e9es saisies dans le formulaire d&rsquo;inscription. Si vous modifiez les informations que vous avez saisies lors de l&rsquo;inscription, vous \u00eates tenu de mettre \u00e0 jour votre compte pour nous informer des changements.<\/p>\n<p>&nbsp;<\/p>\n<p>&nbsp;<\/p>\n<p><strong>11. S\u00e9curit\u00e9<\/strong><\/p>\n<p>&nbsp;<\/p>\n<p>Lors de votre inscription sur la boutique en ligne, il vous sera demand\u00e9 de cr\u00e9er un nom d&rsquo;utilisateur et un mot de passe que vous conserverez et ne partagerez pas avec d&rsquo;autres personnes. Vous \u00eates responsable de toutes les actions et commandes pass\u00e9es sous votre mot de passe. Si vous savez ou soup\u00e7onnez qu&rsquo;une autre personne utilise votre mot de passe, vous devez nous en informer.<\/p>\n<p>&nbsp;<\/p>\n<p>&nbsp;<\/p>\n<p><strong>12. Changements<\/strong><\/p>\n<p>&nbsp;<\/p>\n<p>Bosotina d.o.o. se r\u00e9serve le droit de modifier les pr\u00e9sentes conditions g\u00e9n\u00e9rales. Nous informerons tous les utilisateurs enregistr\u00e9s de la modification des Conditions g\u00e9n\u00e9rales par le biais des adresses e-mail qu&rsquo;ils ont saisies lors de leur enregistrement. Si vous n&rsquo;\u00eates pas d&rsquo;accord et n&rsquo;acceptez pas ces conditions g\u00e9n\u00e9rales, veuillez nous contacter par e-mail et, dans l&rsquo;intervalle, n&rsquo;utilisez pas les services de la boutique en ligne CHRONOSHIELD ou la possibilit\u00e9 de commander nos produits par e-mail.<\/p>\n<p>&nbsp;<\/p>\n<p>&nbsp;<\/p>\n<p><strong>13. Disponibilit\u00e9 de la boutique en ligne Chronoshield<\/strong><\/p>\n<p>&nbsp;<\/p>\n<p>Bosotina d.o.o. s&rsquo;efforce de vous fournir le meilleur service possible, mais nous ne pouvons pas garantir qu&rsquo;il r\u00e9pondra \u00e0 vos besoins. En outre, Bosotina d.o.o. ne peut garantir que le service sera ex\u00e9cut\u00e9 sans erreurs \u00e9ventuelles. Si une erreur se produit, veuillez la signaler par e-mail \u00e0 info@chrono-shield.com afin que nous puissions la corriger dans les meilleurs d\u00e9lais. L&rsquo;acc\u00e8s \u00e0 la boutique en ligne CHRONOSHIELD peut parfois \u00eatre indisponible en raison de travaux techniques.<\/p>\n<p>&nbsp;<\/p>\n<p>&nbsp;<\/p>\n<p><strong>14. Liens<\/strong><\/p>\n<p>&nbsp;<\/p>\n<p>Si l&rsquo;un des liens du site chrono-shield.com vous conduit vers un autre site, Bosotina d.o.o. ne contr\u00f4le pas le contenu de ce dernier et nous ne sommes pas responsables de son contenu.<\/p>\n","protected":false},"excerpt":{"rendered":"<p>1. Conditions d&rsquo;utilisation &nbsp; Le site web CHRONOSHIELD (www.chrono-shield.com) est un site web de service d&rsquo;adh\u00e9sion. Toute personne qui ach\u00e8te une adh\u00e9sion \u00e0 Chronoshield re\u00e7oit le suppl\u00e9ment anti-\u00e2ge Chronoshield (&laquo; produit &raquo;) pour le nombre de mois achet\u00e9s. Ce produit n&rsquo;est pas vendu et n&rsquo;est pas disponible \u00e0 l&rsquo;achat sur ce site Web en dehors &hellip; <a href=\"https:\/\/life-platform.com\/fr\/terms-conditions\/\">Continued<\/a><\/p>\n","protected":false},"author":1,"featured_media":0,"parent":0,"menu_order":0,"comment_status":"closed","ping_status":"closed","template":"views\/template-custom.blade.php","meta":{"arc_restricted_post":false},"yoast_head":"<!-- This site is optimized with the Yoast SEO plugin v19.10 - https:\/\/yoast.com\/wordpress\/plugins\/seo\/ -->\n<title>Termes et conditions - ChronoShield<\/title>\n<meta name=\"robots\" content=\"index, follow, max-snippet:-1, max-image-preview:large, max-video-preview:-1\" \/>\n<link rel=\"canonical\" href=\"https:\/\/life-platform.com\/fr\/terms-conditions\/\" \/>\n<meta property=\"og:locale\" content=\"fr_CA\" \/>\n<meta property=\"og:type\" content=\"article\" \/>\n<meta property=\"og:title\" content=\"Termes et conditions - ChronoShield\" \/>\n<meta property=\"og:description\" content=\"1. Conditions d&rsquo;utilisation &nbsp; Le site web CHRONOSHIELD (www.chrono-shield.com) est un site web de service d&rsquo;adh\u00e9sion. Toute personne qui ach\u00e8te une adh\u00e9sion \u00e0 Chronoshield re\u00e7oit le suppl\u00e9ment anti-\u00e2ge Chronoshield (&laquo; produit &raquo;) pour le nombre de mois achet\u00e9s. Ce produit n&rsquo;est pas vendu et n&rsquo;est pas disponible \u00e0 l&rsquo;achat sur ce site Web en dehors &hellip; Continued\" \/>\n<meta property=\"og:url\" content=\"https:\/\/life-platform.com\/fr\/terms-conditions\/\" \/>\n<meta property=\"og:site_name\" content=\"ChronoShield\" \/>\n<meta property=\"article:modified_time\" content=\"2022-10-28T23:10:26+00:00\" \/>\n<meta name=\"twitter:card\" content=\"summary_large_image\" \/>\n<meta name=\"twitter:label1\" content=\"Estimation du temps de lecture\" \/>\n\t<meta name=\"twitter:data1\" content=\"12 minutes\" \/>\n<script type=\"application\/ld+json\" class=\"yoast-schema-graph\">{\"@context\":\"https:\/\/schema.org\",\"@graph\":[{\"@type\":\"WebPage\",\"@id\":\"https:\/\/life-platform.com\/fr\/terms-conditions\/\",\"url\":\"https:\/\/life-platform.com\/fr\/terms-conditions\/\",\"name\":\"Termes et conditions - ChronoShield\",\"isPartOf\":{\"@id\":\"https:\/\/life-platform.com\/#website\"},\"datePublished\":\"2022-07-16T16:51:58+00:00\",\"dateModified\":\"2022-10-28T23:10:26+00:00\",\"breadcrumb\":{\"@id\":\"https:\/\/life-platform.com\/fr\/terms-conditions\/#breadcrumb\"},\"inLanguage\":\"fr-CA\",\"potentialAction\":[{\"@type\":\"ReadAction\",\"target\":[\"https:\/\/life-platform.com\/fr\/terms-conditions\/\"]}]},{\"@type\":\"BreadcrumbList\",\"@id\":\"https:\/\/life-platform.com\/fr\/terms-conditions\/#breadcrumb\",\"itemListElement\":[{\"@type\":\"ListItem\",\"position\":1,\"name\":\"Home\",\"item\":\"https:\/\/life-platform.com\/fr\/\"},{\"@type\":\"ListItem\",\"position\":2,\"name\":\"Termes et conditions\"}]},{\"@type\":\"WebSite\",\"@id\":\"https:\/\/life-platform.com\/#website\",\"url\":\"https:\/\/life-platform.com\/\",\"name\":\"ChronoShield\",\"description\":\"\",\"publisher\":{\"@id\":\"https:\/\/life-platform.com\/#organization\"},\"potentialAction\":[{\"@type\":\"SearchAction\",\"target\":{\"@type\":\"EntryPoint\",\"urlTemplate\":\"https:\/\/life-platform.com\/?s={search_term_string}\"},\"query-input\":\"required name=search_term_string\"}],\"inLanguage\":\"fr-CA\"},{\"@type\":\"Organization\",\"@id\":\"https:\/\/life-platform.com\/#organization\",\"name\":\"Chronoshield\",\"url\":\"https:\/\/life-platform.com\/\",\"logo\":{\"@type\":\"ImageObject\",\"inLanguage\":\"fr-CA\",\"@id\":\"https:\/\/life-platform.com\/#\/schema\/logo\/image\/\",\"url\":\"https:\/\/life-platform.com\/wp-content\/uploads\/2022\/07\/logo.png\",\"contentUrl\":\"https:\/\/life-platform.com\/wp-content\/uploads\/2022\/07\/logo.png\",\"width\":345,\"height\":64,\"caption\":\"Chronoshield\"},\"image\":{\"@id\":\"https:\/\/life-platform.com\/#\/schema\/logo\/image\/\"}}]}<\/script>\n<!-- \/ Yoast SEO plugin. -->","yoast_head_json":{"title":"Termes et conditions - ChronoShield","robots":{"index":"index","follow":"follow","max-snippet":"max-snippet:-1","max-image-preview":"max-image-preview:large","max-video-preview":"max-video-preview:-1"},"canonical":"https:\/\/life-platform.com\/fr\/terms-conditions\/","og_locale":"fr_CA","og_type":"article","og_title":"Termes et conditions - ChronoShield","og_description":"1. Conditions d&rsquo;utilisation &nbsp; Le site web CHRONOSHIELD (www.chrono-shield.com) est un site web de service d&rsquo;adh\u00e9sion. Toute personne qui ach\u00e8te une adh\u00e9sion \u00e0 Chronoshield re\u00e7oit le suppl\u00e9ment anti-\u00e2ge Chronoshield (&laquo; produit &raquo;) pour le nombre de mois achet\u00e9s. Ce produit n&rsquo;est pas vendu et n&rsquo;est pas disponible \u00e0 l&rsquo;achat sur ce site Web en dehors &hellip; Continued","og_url":"https:\/\/life-platform.com\/fr\/terms-conditions\/","og_site_name":"ChronoShield","article_modified_time":"2022-10-28T23:10:26+00:00","twitter_card":"summary_large_image","twitter_misc":{"Estimation du temps de lecture":"12 minutes"},"schema":{"@context":"https:\/\/schema.org","@graph":[{"@type":"WebPage","@id":"https:\/\/life-platform.com\/fr\/terms-conditions\/","url":"https:\/\/life-platform.com\/fr\/terms-conditions\/","name":"Termes et conditions - ChronoShield","isPartOf":{"@id":"https:\/\/life-platform.com\/#website"},"datePublished":"2022-07-16T16:51:58+00:00","dateModified":"2022-10-28T23:10:26+00:00","breadcrumb":{"@id":"https:\/\/life-platform.com\/fr\/terms-conditions\/#breadcrumb"},"inLanguage":"fr-CA","potentialAction":[{"@type":"ReadAction","target":["https:\/\/life-platform.com\/fr\/terms-conditions\/"]}]},{"@type":"BreadcrumbList","@id":"https:\/\/life-platform.com\/fr\/terms-conditions\/#breadcrumb","itemListElement":[{"@type":"ListItem","position":1,"name":"Home","item":"https:\/\/life-platform.com\/fr\/"},{"@type":"ListItem","position":2,"name":"Termes et conditions"}]},{"@type":"WebSite","@id":"https:\/\/life-platform.com\/#website","url":"https:\/\/life-platform.com\/","name":"ChronoShield","description":"","publisher":{"@id":"https:\/\/life-platform.com\/#organization"},"potentialAction":[{"@type":"SearchAction","target":{"@type":"EntryPoint","urlTemplate":"https:\/\/life-platform.com\/?s={search_term_string}"},"query-input":"required name=search_term_string"}],"inLanguage":"fr-CA"},{"@type":"Organization","@id":"https:\/\/life-platform.com\/#organization","name":"Chronoshield","url":"https:\/\/life-platform.com\/","logo":{"@type":"ImageObject","inLanguage":"fr-CA","@id":"https:\/\/life-platform.com\/#\/schema\/logo\/image\/","url":"https:\/\/life-platform.com\/wp-content\/uploads\/2022\/07\/logo.png","contentUrl":"https:\/\/life-platform.com\/wp-content\/uploads\/2022\/07\/logo.png","width":345,"height":64,"caption":"Chronoshield"},"image":{"@id":"https:\/\/life-platform.com\/#\/schema\/logo\/image\/"}}]}},"_links":{"self":[{"href":"https:\/\/life-platform.com\/fr\/wp-json\/wp\/v2\/pages\/1179"}],"collection":[{"href":"https:\/\/life-platform.com\/fr\/wp-json\/wp\/v2\/pages"}],"about":[{"href":"https:\/\/life-platform.com\/fr\/wp-json\/wp\/v2\/types\/page"}],"author":[{"embeddable":true,"href":"https:\/\/life-platform.com\/fr\/wp-json\/wp\/v2\/users\/1"}],"replies":[{"embeddable":true,"href":"https:\/\/life-platform.com\/fr\/wp-json\/wp\/v2\/comments?post=1179"}],"version-history":[{"count":4,"href":"https:\/\/life-platform.com\/fr\/wp-json\/wp\/v2\/pages\/1179\/revisions"}],"predecessor-version":[{"id":1503,"href":"https:\/\/life-platform.com\/fr\/wp-json\/wp\/v2\/pages\/1179\/revisions\/1503"}],"wp:attachment":[{"href":"https:\/\/life-platform.com\/fr\/wp-json\/wp\/v2\/media?parent=1179"}],"curies":[{"name":"wp","href":"https:\/\/api.w.org\/{rel}","templated":true}]}}