{"id":510,"date":"2022-06-23T20:10:18","date_gmt":"2022-06-23T20:10:18","guid":{"rendered":"https:\/\/life-platform.com\/?page_id=510"},"modified":"2022-10-28T18:06:10","modified_gmt":"2022-10-28T18:06:10","slug":"privacy-policy","status":"publish","type":"page","link":"https:\/\/life-platform.com\/hr\/privacy-policy\/","title":{"rendered":"Pravilo privatnosti"},"content":{"rendered":"\r\n<h2><\/h2>\r\n<p><\/p>\r\n<p>Ova Pravila privatnosti informiraju vas o obradi podataka koje prikupljamo kada posjetite na\u0161u web stranicu. U prikupljanju i obradi ovih podataka djelujemo kao voditelj obrade u smislu definiranom Op\u0107om uredbom o za\u0161titi podataka.<\/p>\r\n<p>&nbsp;<\/p>\r\n<p>&nbsp;<\/p>\r\n<h4>Op\u0107e informacije<\/h4>\r\n<p><br \/>Za obradu osobnih podataka odgovorna je tvrtka Bosotina d.o.o., Lovretska ulica 10, 21 000 SPLIT, OIB: 33815044566.<\/p>\r\n<p><br \/>Kontakt podaci putem kojih se mogu dobiti sve informacije u vezi obrade i kori\u0161tenja osobnih podataka su:<\/p>\r\n<p>&nbsp;<\/p>\r\n<ul>\r\n<li>putem e-po\u0161te: info@chrono-shield.com<\/li>\r\n<li>ili ako nas \u017eelite kontaktirati putem po\u0161te mo\u017eete to u\u010diniti na:<br \/>Bosotina d.o.o.<br \/>Lovretska ulica 10,<br \/>21 000 SPLIT<\/li>\r\n<\/ul>\r\n<p>&nbsp;<\/p>\r\n<p>&nbsp;<\/p>\r\n<h4>Obrada osobnih podataka<\/h4>\r\n<p><br \/>Tvrtka Bosotina d.o.o. (dalje u tekstu: BOSOTINA) razumije da Vam je Va\u0161a privatnost va\u017ena. Po\u0161tujemo va\u0161u privatnost i \u0161titimo va\u0161e osobne podatke. To mo\u017ee uklju\u010divati \u200b\u200bsve informacije koje bi mogle dovesti do vas kao pojedinca. BOSOTINA obra\u0111uje osobne podatke koje ste nam povjerili prilikom registracije u webshop, kroz recenzije na\u0161ih usluga i povezanih proizvoda ili postavljanjem upita na neki od predvi\u0111enih kontakt kanala.<\/p>\r\n<p>&nbsp;<\/p>\r\n<h4>Webshop<\/h4>\r\n<p>&nbsp;<\/p>\r\n<p>Za realizaciju kupoprodajnog ugovora i isporuke chrono shield dodatka mo\u017eemo prikupljati sljede\u0107e osobne podatke:<\/p>\r\n<p>&nbsp;<\/p>\r\n<ul>\r\n<li>Ime\u00a0 i preyime<\/li>\r\n<li>Adresa<\/li>\r\n<li>Dr\u017eava<\/li>\r\n<li>Telefonski broj<\/li>\r\n<li>E-mail<\/li>\r\n<\/ul>\r\n<p>&nbsp;<\/p>\r\n<p>&nbsp;<\/p>\r\n<h4>Informacije o pla\u0107anju<\/h4>\r\n<p>&nbsp;<\/p>\r\n<p>Pravni temelj za obradu osobnih podataka prikupljenih putem webshopa je provedba ugovora u kojem je ispitanik strana (\u010dlanak 6. stavak 1. to\u010dka b) Op\u0107e uredbe o za\u0161titi podataka).<\/p>\r\n<p>&nbsp;<\/p>\r\n<h4>Recenzije<\/h4>\r\n<p><br \/>BOSOTINA koristi razli\u010dite metode u prikupljanju informacija o zadovoljstvu korisnika kori\u0161tenjem njezinih usluga. Jedna od najva\u017enijih metoda u tu svrhu je izravno prikupljanje va\u0161eg mi\u0161ljenja o proizvodima i uslugama koje koristite kao na\u0161 klijent. Kako bismo pobolj\u0161ali svoje usluge ili rije\u0161ili pritu\u017ebe, mo\u017eemo prikupljati sljede\u0107e podatke:<\/p>\r\n<p>&nbsp;<\/p>\r\n<ul>\r\n<li>Ime i prezime<\/li>\r\n<li>E-mail<\/li>\r\n<\/ul>\r\n<p>&nbsp;<\/p>\r\n<p>Pravna osnova za obradu osobnih podataka je na\u0161 legitimni interes (\u010dlanak 6. stavak 1. to\u010dka f) Op\u0107e uredbe o za\u0161titi podataka) za pra\u0107enje zadovoljstva korisnika radi pobolj\u0161anja i prilago\u0111avanja na\u0161ih proizvoda i usluga.<br \/>Odre\u0111ene recenzije mo\u017eemo objaviti na na\u0161im web stranicama ili dru\u0161tvenim mre\u017eama, pri \u010demu osobni podaci korisnika ne\u0107e biti vidljivi.<\/p>\r\n<p>&nbsp;<\/p>\r\n<p>&nbsp;<\/p>\r\n<h4>Kontakt forme<\/h4>\r\n<p><br \/>Kako biste saznali vi\u0161e o na\u0161im uslugama, mo\u017eete nas kontaktirati putem dostupnih obrazaca na na\u0161oj web stranici. U tom slu\u010daju tako\u0111er \u0107emo prikupljati va\u0161e osobne podatke kao \u0161to su:<\/p>\r\n<p>&nbsp;<\/p>\r\n<ul>\r\n<li>Ime i prezime<\/li>\r\n<li>Adresa<\/li>\r\n<li>Tvrtka u kojoj radite<\/li>\r\n<li>E-mail<\/li>\r\n<li>Telefonski broj<\/li>\r\n<\/ul>\r\n<p><br \/>Pravna osnova za obradu osobnih podataka je na\u0161 legitimni interes (\u010dlanak 6. stavak 1. to\u010dka f) Op\u0107e uredbe o za\u0161titi podataka) da odgovorimo na va\u0161e upite i pru\u017eimo vam potrebne informacije o na\u0161im uslugama.<\/p>\r\n<p><br \/>Mo\u017eemo Vas kontaktirati nekoliko puta putem e-po\u0161te ili telefona nakon \u0161to primimo Va\u0161 upit kako bismo bili sigurni da ste primili potrebne informacije, odnosno da ste zadovoljni dobivenim odgovorom.<\/p>\r\n<p><br \/>Va\u0161e podatke primljene upitom\/recenzijom\/pritu\u017ebom \u010duvat \u0107emo na na\u0161im stranicama dok me\u0111usobno komuniciramo u vezi s davanjem odgovora, odnosno davanjem informacija o na\u0161im uslugama i povezanim proizvodima. Nakon 60 mjeseci od zadnje komunikacije, izbrisat \u0107emo sve va\u0161e podatke. To ne utje\u010de na va\u0161e pravo da u bilo kojem trenutku unaprijed zatra\u017eite brisanje va\u0161ih osobnih podataka iz na\u0161e evidencije.<\/p>\r\n<p>&nbsp;<\/p>\r\n<p>&nbsp;<\/p>\r\n<h4>Svrha, na\u010din obrade i \u010duvanje osobnih podataka<\/h4>\r\n<p><br \/>Svi osobni podaci koriste se isklju\u010divo u svrhe za koje su prikupljeni i za koje postoji valjana zakonska osnova te se ni na koji na\u010din ne\u0107e u\u010diniti dostupnima tre\u0107im osobama, osim u svrhu propisanu zakonom.<\/p>\r\n<p><br \/>Iznimno, kada je to potrebno za pru\u017eanje odre\u0111ene usluge, podaci se mogu staviti na raspolaganje na\u0161im dobavlja\u010dima (primjerice za dostavu) koji tada djeluju kao izvr\u0161itelji obrade. U svakom takvom slu\u010daju BOSOTINA d.o.o. \u0107e osigurati odgovaraju\u0107u za\u0161titu Va\u0161ih podataka sklapanjem ugovora o obradi podataka s navedenim tvrtkama i osobama.<\/p>\r\n<p><br \/>Prestankom svrhe za koju su podaci prikupljeni ili istekom roka privole ili raskida ugovornog odnosa, a najkasnije do isteka svih zakonskih obveza vezanih uz pohranu osobnih podataka, prikupljene osobne podatke \u0107emo izbrisati ili anonimizirati.<\/p>\r\n<p><br \/>Automatizirano individualno odlu\u010divanje i prijenos podataka izvan EU<\/p>\r\n<p><br \/>Imate pravo ne podlijegati odluci koja se temelji isklju\u010divo na automatiziranoj obradi, uklju\u010duju\u0107i profiliranje, koja proizvodi pravne u\u010dinke na vas ili zna\u010dajno utje\u010de na vas.<\/p>\r\n<p><br \/>Trenutno ne koristimo automatizirano pojedina\u010dno dono\u0161enje odluka na web stranicama u na\u0161em vlasni\u0161tvu ili u uslugama koje pru\u017eamo.<\/p>\r\n<p><br \/>Va\u0161e podatke ne prenosimo izvan Europske unije, odnosno u zemlje koje se prema Op\u0107oj uredbi o za\u0161titi podataka smatraju \u201etre\u0107im zemljama\u201c.<\/p>\r\n<p>&nbsp;<\/p>\r\n<p>&nbsp;<\/p>\r\n<h4>Kori\u0161tenje kola\u010di\u0107a<\/h4>\r\n<p><br \/>Kada posjetite na\u0161u web stranicu kako biste saznali vi\u0161e o nama i na\u0161im proizvodima ili kako biste vidjeli informacije koje postavljamo na stranicu, koristimo kola\u010di\u0107e kako bismo osigurali optimalno funkcioniranje stranice, prikupljamo korisne informacije o posjetiteljima koje \u0107e nam omogu\u0107iti da dodatno pobolj\u0161amo na\u0161e usluge i pobolj\u0161ati korisni\u010dko iskustvo op\u0107enito.<br \/>Kola\u010di\u0107e na Va\u0161 preglednik mo\u017ee instalirati BOSOTINA d.o.o. ili od strane tre\u0107e strane, kao \u0161to je ogla\u0161iva\u010d.<br \/>Za vi\u0161e informacija o tome kako i kako koristiti kola\u010di\u0107e, predla\u017eemo da pogledate na\u0161u Politiku kola\u010di\u0107a.<\/p>\r\n<p>&nbsp;<\/p>\r\n<p>&nbsp;<\/p>\r\n<h4>Va\u0161a prava u vezi s osobnim podacima<\/h4>\r\n<p><br \/>U svakom trenutku imate sljede\u0107a prava:<\/p>\r\n<p>&nbsp;<\/p>\r\n<ul>\r\n<li>pravo od nas zatra\u017eiti informaciju da obra\u0111ujemo Va\u0161e osobne podatke (uklju\u010duju\u0107i i dobivanje kopije tih podataka) kao i ispraviti iste ako su navedeni podaci neto\u010dni.<\/li>\r\n<li>u svakom trenutku povu\u0107i privolu ako Va\u0161e osobne podatke obra\u0111ujemo na temelju privole kao pravne osnove za obradu. Napominjemo da povla\u010denje privole ne utje\u010de na zakonitost obrade podataka na temelju privole prije njenog povla\u010denja.<\/li>\r\n<li>pravo na prijenos podataka drugom voditelju obrade kada je to tehni\u010dki izvedivo;<\/li>\r\n<li>pravo tra\u017eiti od nas da prestanemo koristiti va\u0161e podatke na odre\u0111eno razdoblje ako smatrate da ih ne obra\u0111ujemo u skladu sa zakonom.<\/li>\r\n<li>pravo tra\u017eiti brisanje Va\u0161ih podataka u slu\u010dajevima kada ih obra\u0111ujemo na temelju Va\u0161e privole ili na temelju legitimnog interesa kao pravne osnove za obradu ili u bilo kojem drugom slu\u010daju predvi\u0111enom zakonom.<\/li>\r\n<li>pravo na prigovor na obradu osobnih podataka.<\/li>\r\n<\/ul>\r\n<p>&nbsp;<\/p>\r\n<p>Ako \u017eelite ostvariti bilo koje od gore navedenih prava, mo\u017eete nas kontaktirati na gore navedene kontakt podatke.<\/p>\r\n<p><br \/>Ukoliko bilo koje od gore navedenih prava koristite nerazmjerno \u010desto i s o\u010ditom namjerom zlouporabe, BOSOTINA d.o.o. zadr\u017eava pravo naplatiti vam razumnu naknadu za obradu zahtjeva ili odbiti va\u0161 zahtjev.<\/p>\r\n<p>&nbsp;<\/p>\r\n<p>&nbsp;<\/p>\r\n<h4>Pravo na prigovor Agenciji za za\u0161titu osobnih podataka<\/h4>\r\n<p><br \/>Ukoliko imate pritu\u017ebu na na\u010din na koji koristimo va\u0161e podatke, predla\u017eemo da nam se prvo obratite kako bismo rije\u0161ili problem, ali se mo\u017eete obratiti Agenciji za za\u0161titu osobnih podataka na e-mail adresu: azop@azop.hr<\/p>\r\n<p>&nbsp;<\/p>\r\n<p>&nbsp;<\/p>\r\n<h4>Agencija za za\u0161titu osobnih podataka<\/h4>\r\n<p><br \/>Selska cesta 136<\/p>\r\n<p>HR \u2013 10000 ZAGREB<\/p>\r\n<p><br \/>Redovito pregledavamo i, prema potrebi, kako se razvijaju na\u0161e usluge i kori\u0161tenje osobnih podataka, te povremeno a\u017euriramo ova Pravila. Ako \u017eelimo koristiti va\u0161e osobne podatke na na\u010din koji prethodno nije identificiran, kontaktirat \u0107emo vas kako bismo vam pru\u017eili podatke i, ako je potrebno, zatra\u017eiti va\u0161 pristanak. Savjetujemo vam da redovito posje\u0107ujete ova Pravila kako biste mogli dobiti a\u017eurne informacije o tome kako obra\u0111ujemo va\u0161e podatke.<\/p>\r\n<p>&nbsp;<\/p>\r\n<p>&nbsp;<\/p>\r\n<p>Datum posljednjeg a\u017euriranja ovih Pravila: 30.06.2021.<\/p>\r\n<h2><\/h2>\r\n","protected":false},"excerpt":{"rendered":"","protected":false},"author":1,"featured_media":0,"parent":0,"menu_order":0,"comment_status":"closed","ping_status":"open","template":"views\/template-custom.blade.php","meta":{"arc_restricted_post":false},"yoast_head":"<!-- This site is optimized with the Yoast SEO plugin v19.10 - https:\/\/yoast.com\/wordpress\/plugins\/seo\/ -->\n<title>Pravilo privatnosti - ChronoShield<\/title>\n<meta name=\"robots\" content=\"index, follow, max-snippet:-1, max-image-preview:large, max-video-preview:-1\" \/>\n<link rel=\"canonical\" href=\"https:\/\/life-platform.com\/hr\/privacy-policy\/\" \/>\n<meta property=\"og:locale\" content=\"hr_HR\" \/>\n<meta property=\"og:type\" content=\"article\" \/>\n<meta property=\"og:title\" content=\"Pravilo privatnosti - ChronoShield\" \/>\n<meta property=\"og:url\" content=\"https:\/\/life-platform.com\/hr\/privacy-policy\/\" \/>\n<meta property=\"og:site_name\" content=\"ChronoShield\" \/>\n<meta property=\"article:modified_time\" content=\"2022-10-28T18:06:10+00:00\" \/>\n<meta name=\"twitter:card\" content=\"summary_large_image\" \/>\n<meta name=\"twitter:label1\" content=\"Procijenjeno vrijeme \u010ditanja\" \/>\n\t<meta name=\"twitter:data1\" content=\"6 minuta\" \/>\n<script type=\"application\/ld+json\" class=\"yoast-schema-graph\">{\"@context\":\"https:\/\/schema.org\",\"@graph\":[{\"@type\":\"WebPage\",\"@id\":\"https:\/\/life-platform.com\/hr\/privacy-policy\/\",\"url\":\"https:\/\/life-platform.com\/hr\/privacy-policy\/\",\"name\":\"Pravilo privatnosti - ChronoShield\",\"isPartOf\":{\"@id\":\"https:\/\/life-platform.com\/#website\"},\"datePublished\":\"2022-06-23T20:10:18+00:00\",\"dateModified\":\"2022-10-28T18:06:10+00:00\",\"breadcrumb\":{\"@id\":\"https:\/\/life-platform.com\/hr\/privacy-policy\/#breadcrumb\"},\"inLanguage\":\"hr\",\"potentialAction\":[{\"@type\":\"ReadAction\",\"target\":[\"https:\/\/life-platform.com\/hr\/privacy-policy\/\"]}]},{\"@type\":\"BreadcrumbList\",\"@id\":\"https:\/\/life-platform.com\/hr\/privacy-policy\/#breadcrumb\",\"itemListElement\":[{\"@type\":\"ListItem\",\"position\":1,\"name\":\"Home\",\"item\":\"https:\/\/life-platform.com\/hr\/\"},{\"@type\":\"ListItem\",\"position\":2,\"name\":\"Pravilo privatnosti\"}]},{\"@type\":\"WebSite\",\"@id\":\"https:\/\/life-platform.com\/#website\",\"url\":\"https:\/\/life-platform.com\/\",\"name\":\"ChronoShield\",\"description\":\"\",\"publisher\":{\"@id\":\"https:\/\/life-platform.com\/#organization\"},\"potentialAction\":[{\"@type\":\"SearchAction\",\"target\":{\"@type\":\"EntryPoint\",\"urlTemplate\":\"https:\/\/life-platform.com\/?s={search_term_string}\"},\"query-input\":\"required name=search_term_string\"}],\"inLanguage\":\"hr\"},{\"@type\":\"Organization\",\"@id\":\"https:\/\/life-platform.com\/#organization\",\"name\":\"Chronoshield\",\"url\":\"https:\/\/life-platform.com\/\",\"logo\":{\"@type\":\"ImageObject\",\"inLanguage\":\"hr\",\"@id\":\"https:\/\/life-platform.com\/#\/schema\/logo\/image\/\",\"url\":\"https:\/\/life-platform.com\/wp-content\/uploads\/2022\/07\/logo.png\",\"contentUrl\":\"https:\/\/life-platform.com\/wp-content\/uploads\/2022\/07\/logo.png\",\"width\":345,\"height\":64,\"caption\":\"Chronoshield\"},\"image\":{\"@id\":\"https:\/\/life-platform.com\/#\/schema\/logo\/image\/\"}}]}<\/script>\n<!-- \/ Yoast SEO plugin. -->","yoast_head_json":{"title":"Pravilo privatnosti - ChronoShield","robots":{"index":"index","follow":"follow","max-snippet":"max-snippet:-1","max-image-preview":"max-image-preview:large","max-video-preview":"max-video-preview:-1"},"canonical":"https:\/\/life-platform.com\/hr\/privacy-policy\/","og_locale":"hr_HR","og_type":"article","og_title":"Pravilo privatnosti - ChronoShield","og_url":"https:\/\/life-platform.com\/hr\/privacy-policy\/","og_site_name":"ChronoShield","article_modified_time":"2022-10-28T18:06:10+00:00","twitter_card":"summary_large_image","twitter_misc":{"Procijenjeno vrijeme \u010ditanja":"6 minuta"},"schema":{"@context":"https:\/\/schema.org","@graph":[{"@type":"WebPage","@id":"https:\/\/life-platform.com\/hr\/privacy-policy\/","url":"https:\/\/life-platform.com\/hr\/privacy-policy\/","name":"Pravilo privatnosti - ChronoShield","isPartOf":{"@id":"https:\/\/life-platform.com\/#website"},"datePublished":"2022-06-23T20:10:18+00:00","dateModified":"2022-10-28T18:06:10+00:00","breadcrumb":{"@id":"https:\/\/life-platform.com\/hr\/privacy-policy\/#breadcrumb"},"inLanguage":"hr","potentialAction":[{"@type":"ReadAction","target":["https:\/\/life-platform.com\/hr\/privacy-policy\/"]}]},{"@type":"BreadcrumbList","@id":"https:\/\/life-platform.com\/hr\/privacy-policy\/#breadcrumb","itemListElement":[{"@type":"ListItem","position":1,"name":"Home","item":"https:\/\/life-platform.com\/hr\/"},{"@type":"ListItem","position":2,"name":"Pravilo privatnosti"}]},{"@type":"WebSite","@id":"https:\/\/life-platform.com\/#website","url":"https:\/\/life-platform.com\/","name":"ChronoShield","description":"","publisher":{"@id":"https:\/\/life-platform.com\/#organization"},"potentialAction":[{"@type":"SearchAction","target":{"@type":"EntryPoint","urlTemplate":"https:\/\/life-platform.com\/?s={search_term_string}"},"query-input":"required name=search_term_string"}],"inLanguage":"hr"},{"@type":"Organization","@id":"https:\/\/life-platform.com\/#organization","name":"Chronoshield","url":"https:\/\/life-platform.com\/","logo":{"@type":"ImageObject","inLanguage":"hr","@id":"https:\/\/life-platform.com\/#\/schema\/logo\/image\/","url":"https:\/\/life-platform.com\/wp-content\/uploads\/2022\/07\/logo.png","contentUrl":"https:\/\/life-platform.com\/wp-content\/uploads\/2022\/07\/logo.png","width":345,"height":64,"caption":"Chronoshield"},"image":{"@id":"https:\/\/life-platform.com\/#\/schema\/logo\/image\/"}}]}},"_links":{"self":[{"href":"https:\/\/life-platform.com\/hr\/wp-json\/wp\/v2\/pages\/510"}],"collection":[{"href":"https:\/\/life-platform.com\/hr\/wp-json\/wp\/v2\/pages"}],"about":[{"href":"https:\/\/life-platform.com\/hr\/wp-json\/wp\/v2\/types\/page"}],"author":[{"embeddable":true,"href":"https:\/\/life-platform.com\/hr\/wp-json\/wp\/v2\/users\/1"}],"replies":[{"embeddable":true,"href":"https:\/\/life-platform.com\/hr\/wp-json\/wp\/v2\/comments?post=510"}],"version-history":[{"count":5,"href":"https:\/\/life-platform.com\/hr\/wp-json\/wp\/v2\/pages\/510\/revisions"}],"predecessor-version":[{"id":1490,"href":"https:\/\/life-platform.com\/hr\/wp-json\/wp\/v2\/pages\/510\/revisions\/1490"}],"wp:attachment":[{"href":"https:\/\/life-platform.com\/hr\/wp-json\/wp\/v2\/media?parent=510"}],"curies":[{"name":"wp","href":"https:\/\/api.w.org\/{rel}","templated":true}]}}