{"id":518,"date":"2022-06-23T20:11:36","date_gmt":"2022-06-23T20:11:36","guid":{"rendered":"https:\/\/life-platform.com\/?page_id=518"},"modified":"2022-10-28T23:03:17","modified_gmt":"2022-10-28T23:03:17","slug":"terms-and-conditions","status":"publish","type":"page","link":"https:\/\/life-platform.com\/hr\/terms-and-conditions\/","title":{"rendered":"Uvjeti i odredbe"},"content":{"rendered":"<p><strong>1. Uvjeti kori\u0161tenja<br \/>\n<\/strong><\/p>\n<p>&nbsp;<\/p>\n<p>Web stranica CHRONOSHIELD (www.chrono-shield.com) je web stranica usluge za \u010dlanstvo. Svatko tko kupi chronoshield \u010dlanstvo dobiva Chronoshield dodatak protiv starenja (&#8216;proizvod&#8217;) za kupljeni broj mjeseci. Ovaj proizvod se ne prodaje i nije dostupan za kupnju na ovoj web stranici izvan \u010dlanstva.<\/p>\n<p>&nbsp;<\/p>\n<p>Web stranica CHRONOSHIELD (www.chrono-shield.com) mo\u017ee se koristiti za privatnu upotrebu bez naknade. Kori\u0161tenjem internetske trgovine www.chrono-shield.com (\u201eOnline trgovina\u201d) prihva\u0107ate da \u0107ete se pridr\u017eavati ovih Op\u0107ih uvjeta prodaje (\u201eOp\u0107i uvjeti\u201d).<\/p>\n<p>&nbsp;<\/p>\n<p>Molimo Vas da pa\u017eljivo pro\u010ditate ove Op\u0107e uvjete prije kori\u0161tenja web stranice ili internetske trgovine ili prije elektroni\u010dke kupnje \u010dlanstva od Bosotina d.o.o. Kada posjetite na\u0161u web stranicu kako biste se informirali o na\u0161em \u010dlanstvu ili pristupili korisnicima na\u0161eg \u010dlanstva putem internetske trgovine ili kupnjom na\u0161eg \u010dlanstva elektroni\u010dkim putem, smatra se da ste pro\u010ditali i da ste suglasni s ovim Op\u0107im uvjetima. U slu\u010daju da se ne sla\u017eete s ovim Op\u0107im uvjetima, molimo da ne koristite na\u0161u web stranicu za kupnju \u010dlanstva ili da se informirate o tome ili naru\u010dite na\u0161e \u010dlanstvo elektroni\u010dkim putem.<\/p>\n<p>&nbsp;<\/p>\n<p>Ovi Op\u0107i uvjeti imaju i u\u010dinak predugovorne obavijesti iz \u010dlanka 57. stavka 1. Zakona o za\u0161titi potro\u0161a\u010da (Narodne novine 41\/14, 110\/15, 14\/19).<\/p>\n<p>&nbsp;<\/p>\n<p>&nbsp;<\/p>\n<p><strong>2. Uvjeti kupnje<br \/>\n<\/strong><\/p>\n<p>&nbsp;<\/p>\n<p>Kupnjom od Bosotina d.o.o. kori\u0161tenjem Internet trgovine smatra se da ste upoznati s ovim Op\u0107im uvjetima i va\u017ee\u0107im \u010dlanskim cijenama objavljenim na www.chrono-shield.com te da ih prihva\u0107ate. Tvrtka Bosotina d.o.o. nije odgovoran za eventualne sporove koji mogu nastati zbog nepro\u010ditanja Op\u0107ih uvjeta poslovanja.<\/p>\n<p>&nbsp;<\/p>\n<p>Dobavlja\u010d naru\u010denih proizvoda je:<\/p>\n<p>Bosotina d.o.o.<\/p>\n<p>Lovretska ulica 10<\/p>\n<p>21 000 SPLIT<\/p>\n<p>OIB: 33815044566<\/p>\n<p>&nbsp;<\/p>\n<p>Za na\u0161e kontakt informacije pogledajte izbornik Kontakt.<\/p>\n<p>&nbsp;<\/p>\n<p>Tvrtka Bosotina d.o.o. omogu\u0107uje kupcima kupnju \u010dlanstva u Online trgovini. Za ove Op\u0107e uvjete kupcem se smatra svaka osoba koja elektroni\u010dkim putem kupi najmanje 3 mjeseca \u010dlanstva, au slu\u010daju kupnje putem Internet trgovine ispuni tra\u017eene podatke u obrascu za registraciju. Sve cijene izra\u017eene su u kunama (kn) s PDV-om.<\/p>\n<p>&nbsp;<\/p>\n<p>&nbsp;<\/p>\n<p><strong>3. Kupnja \u010dlanstva<br \/>\n<\/strong><\/p>\n<p>&nbsp;<\/p>\n<p>\u010clanstvo se prodaje putem Internet trgovine. Kupnja \u010dlanstva putem online trgovine zapo\u010dinje odabirom opcije Dodaj u ko\u0161aricu koja automatski sprema odabrani \u010dlanski paket u ko\u0161aricu. \u010clanstvo spremljeno u ko\u0161arici mogu\u0107e je kupiti kao registrirani korisnik, nakon unosa podataka o kupcu (podaci za naplatu) i adrese dostave, koja \u0107e se automatski pojaviti u ko\u0161arici, odabirom opcije Dodaj u ko\u0161aricu.<\/p>\n<p>&nbsp;<\/p>\n<p>\u010clanstvo se smatra kupljenim u trenutku kada kupac zavr\u0161i cijeli proces narud\u017ebe. Potvrdu o zaprimanju naloga za \u010dlanstvo dobit \u0107ete na e-mail adresu na koju ste se prijavili kao \u010dlan. Potvrda narud\u017ebe sadr\u017ei \u010dlanstvo koje ste naru\u010dili i ukupnu cijenu narud\u017ebe te poveznicu na ove Op\u0107e uvjete, \u0161to zna\u010di da Bosotina d.o.o. ispunio obvezu predaje ugovora kupcu. Ukoliko ne primite ovu potvrdu, provjerite je li naru\u010deno \u010dlanstvo u va\u0161oj ko\u0161arici nakon registracije. Ukoliko je ko\u0161arica prazna, kontaktirajte nas na jedan od na\u010dina navedenih u izborniku Kontakt.<\/p>\n<p>&nbsp;<\/p>\n<p>&nbsp;<\/p>\n<p><strong>4. Pla\u0107anje<\/strong><\/p>\n<p>&nbsp;<\/p>\n<p>Kupac pla\u0107a \u010dlanstvo po cijeni navedenoj u potvrdi naloga za \u010dlanstvo.<\/p>\n<p>&nbsp;<\/p>\n<p>Kupac pla\u0107a naru\u010denu \u010dlanarinu na jedan od sljede\u0107ih na\u010dina:<\/p>\n<p>&nbsp;<\/p>\n<ul>\n<li>debitnom karticom<\/li>\n<li>kreditnom karticom<\/li>\n<li>izravnim bankovnim depozitom<\/li>\n<\/ul>\n<p>&nbsp;<\/p>\n<p>Sve cijene su izra\u017eene i pla\u0107aju se u kunama.<\/p>\n<p>&nbsp;<\/p>\n<p>&nbsp;<\/p>\n<p><strong>5. Upiti i reklamacije<br \/>\n<\/strong><\/p>\n<p>&nbsp;<\/p>\n<p>U slu\u010daju da imate upit ili pritu\u017ebu u vezi s kupnjom \u010dlanstva elektroni\u010dkim putem (Online trgovina), molimo da ga po\u0161aljete na info@chrono-shield.com. Tvrtka Bosotina d.o.o. \u0107e odgovoriti na va\u0161 upit ili prigovor u najkra\u0107em mogu\u0107em roku, kao i poduzeti sve razumne mjere za otklanjanje razloga zbog kojih je prigovor poslan.<\/p>\n<p>&nbsp;<\/p>\n<p>&nbsp;<\/p>\n<p><strong>6. Jednostrani raskid ugovora<br \/>\n<\/strong><\/p>\n<p>&nbsp;<\/p>\n<p>Kupac ima pravo u roku od 14 dana od dana kupnje \u010dlanstva jednostrano raskinuti ugovor o kupnji \u010dlanstva putem Internet trgovine, bez navo\u0111enja razloga (\u201cjednostrani raskid\u201d). Istekom navedenog roka kupac gubi pravo na jednostrani raskid ugovora.<\/p>\n<p>&nbsp;<\/p>\n<p>Kupac mora obavijestiti Bosotinu d.o.o. o kori\u0161tenju prava na jednostrani raskid ugovora prije isteka roka za jednostrani raskid nedvosmislenom pisanom izjavom preporu\u010denom po\u0161tom na adresu sjedi\u0161ta Bosotine d.o.o. ili e-mailom na info@chrono-shield.com, uz navo\u0111enje imena, adrese, kontakt telefona ili e-mail adrese, datuma narud\u017ebe i imena za koje kupac koristi pravo na jednostrani raskid ugovora.<\/p>\n<p>&nbsp;<\/p>\n<p>Tvrtka Bosotina d.o.o. \u0107e bez odgode, na e-mail adresu koju je kupac naveo u izjavi o jednostranom raskidu ugovora ili, ukoliko to nije naveo u izjavi o jednostranom raskidu, na e-mail adresu koju je kupac naveo prilikom naru\u010divanja \u010dlanstva, dostaviti potvrdu o primitku izjave o raskidu.<\/p>\n<p>&nbsp;<\/p>\n<p>U slu\u010daju jednostranog raskida ugovora, ugovorne strane nisu du\u017ene ispuniti svoje obveze iz raskinutog kupoprodajnog ugovora, odnosno du\u017ene su jedna drugoj vratiti sve \u0161to su primile na temelju jednostrano raskinutog ugovora od strane kupca.<\/p>\n<p>&nbsp;<\/p>\n<p>Kupac mora vratiti besplatni neotvoreni chronoshield proizvod\/e dobiven u sklopu \u010dlanstva bez odga\u0111anja, a najkasnije u roku od 14 dana od obavijesti o raskidu dane prema ovim Op\u0107im uvjetima. Kupac snosi izravne tro\u0161kove povrata proizvoda na adresu sjedi\u0161ta tvrtke Bosotina d.o.o. Smatra se da je Kupac izvr\u0161io obvezu povrata proizvoda na vrijeme ukoliko proizvod po\u0161alje na adresu sjedi\u0161ta tvrtke Bosotina d.o.o. prije isteka navedenog roka i dostavi dokaz o slanju proizvoda u sjedi\u0161te tvrtke Bosotina d.o.o. e-mailom na info@chrono-shield.com ili ukoliko proizvod dostavite na adresu sjedi\u0161ta tvrtke Bosotina d.o.o. Kupac je odgovoran za svako o\u0161te\u0107enje proizvoda koje proizlazi iz rukovanja proizvodom, osim onog koje je bilo potrebno za utvr\u0111ivanje prirode, karakteristika i funkcionalnosti proizvoda.<\/p>\n<p>&nbsp;<\/p>\n<p>Tvrtka Bosotina d.o.o. \u0107e izvr\u0161iti povrat upla\u0107ene \u010dlanarine nakon povrata proizvoda, odnosno nakon \u0161to kupac na info@chrono-shield.com dostavi dokaz da su proizvodi poslani na adresu sjedi\u0161ta tvrtke Bosotina d.o.o. ako je dokaz dostavljen prije primitka proizvoda.<\/p>\n<p>&nbsp;<\/p>\n<p>Ukoliko se neotvoreni proizvod vrati neispravan, s ve\u0107im o\u0161te\u0107enjem ili bez dijelova i dokumentacije te isti ne bude isporu\u010den u naknadnom roku od 8 dana, smatra se da kupac nije izvr\u0161io svoju obvezu povrata proizvoda te Bosotina d.o.o. nije du\u017ean izvr\u0161iti puni povrat novca. Dodijelit \u0107e se djelomi\u010dni povrat novca.<\/p>\n<p>&nbsp;<\/p>\n<p>Tvrtka Bosotina d.o.o. ne\u0107e nadoknaditi dodatne tro\u0161kove proiza\u0161le iz kup\u010devog izri\u010ditog odabira na\u010dina prijevoza koji se razlikuje od standardnog na\u010dina prijevoza proizvoda kupljenih elektroni\u010dkim putem.<\/p>\n<p>&nbsp;<\/p>\n<p>Tvrtka Bosotina d.o.o. \u0107e izvr\u0161iti povrat sredstava istim sredstvom pla\u0107anja koje je kupac koristio pri pla\u0107anju, osim ako kupac izri\u010dito pristane na neko drugo sredstvo pla\u0107anja i ako kupac nije du\u017ean platiti dodatne tro\u0161kove za takav povrat.<\/p>\n<p>&nbsp;<\/p>\n<p>Kupac nema pravo na jednostrani raskid ugovora ako:<\/p>\n<p>&nbsp;<\/p>\n<p>Tvrtka Bosotina d.o.o. u cijelosti ispunio ugovor, a ispunjenje je zapo\u010delo uz izri\u010ditu prethodnu suglasnost kupca i uz potvrdu da je upoznat s \u010dinjenicom da gubi pravo na jednostrani raskid ugovora ako je ugovor u cijelosti ispunjen<\/p>\n<p>&nbsp;<\/p>\n<p>predmet ugovora usluge \u010dija cijena ovisi o promjenama na financijskom tr\u017ei\u0161tu koje su izvan utjecaja Bosotine d.o.o., a koje mogu nastupiti tijekom trajanja prava kupca na jednostrani raskid ugovora<\/p>\n<p>&nbsp;<\/p>\n<p>predmet ugovora je zape\u010da\u0107ena roba koja zbog zdravstvenih ili higijenskih razloga nije prikladna za povrat te je nakon isporuke otpe\u010da\u0107ena<\/p>\n<p>&nbsp;<\/p>\n<p>ispunjen bilo koji od razloga zbog kojih je kupac isklju\u010den iz prava na jednostrani raskid prema Zakonu o za\u0161titi potro\u0161a\u010da.<\/p>\n<p>&nbsp;<\/p>\n<p><strong>8. Rje\u0161avanje sporova<br \/>\n<\/strong><\/p>\n<p>&nbsp;<\/p>\n<p>U slu\u010daju spora proiza\u0161log iz ili u vezi s kupnjom \u010dlanstva putem Internet trgovine ili elektroni\u010dkim putem, mo\u017ee se podnijeti zahtjev Sudu \u010dasti Hrvatske gospodarske komore ili prijedlog za mirenje u centrima za mirenje, po poslovnika o radu tih tijela.<\/p>\n<p>&nbsp;<\/p>\n<p>&nbsp;<\/p>\n<p><strong>9. Za\u0161tita osobnih podataka<br \/>\n<\/strong><\/p>\n<p>&nbsp;<\/p>\n<p>Tvrtka Bosotina d.o.o. se obvezuje \u0161tititi privatnost i povjerljivost osobnih podataka svojih kupaca i korisnika web stranice, uklju\u010duju\u0107i i Internet trgovinu. Bosotina d.o.o., kao voditelj obrade podataka, prikuplja samo one osobne podatke koje kupci\/korisnici sami dostave, a koji su nu\u017eni za postizanje svrhe za koju su dani. Prikupljene osobne podatke koristimo za prodaju \u010dlanstva putem Internet trgovine ili elektroni\u010dkim putem, dostavu besplatnih proizvoda, odgovaranje na upite kupaca\/korisnika, kontaktiranje kupaca\/korisnika i pobolj\u0161anje na\u0161ih usluga, kao i za druge sli\u010dne svrhe. Dostavljanjem svojih podataka pristajete na njihovo prikupljanje, obradu, kori\u0161tenje i, kada je zajam\u010dena odgovaraju\u0107a razina za\u0161tite osobnih podataka, proslje\u0111ivanje u svrhu za koju su nam dostavljeni, kao i prema nacionalnim propisima.<\/p>\n<p>&nbsp;<\/p>\n<p>Svi prikupljeni osobni podaci strogo se \u010duvaju i dostupni su samo djelatnicima i poslovnim partnerima kojima su ti podaci potrebni za gore navedene svrhe. Svi zaposlenici i poslovni partneri odgovorni su za po\u0161tivanje na\u010dela za\u0161tite privatnosti i povjerljivosti osobnih podataka.<\/p>\n<p>&nbsp;<\/p>\n<p>Ukoliko ste nam dostavili svoje podatke, imate pravo pristupa i ispravka tih podataka, kao i druga prava predvi\u0111ena Op\u0107om uredbom o za\u0161titi podataka. Za vi\u0161e informacija o pravima i na\u010dinu na koji Bosotina d.o.o. obra\u0111uje Va\u0161e podatke, pogledajte Politiku privatnosti za posjetitelje web stranice Bosotina d.o.o.<\/p>\n<p>&nbsp;<\/p>\n<p>&nbsp;<\/p>\n<p><strong>10. Registracija<\/strong><\/p>\n<p>&nbsp;<\/p>\n<p>Registracija na Internet trgovini i kupnja \u010dlanstva putem iste mogu\u0107a je isklju\u010divo podno\u0161enjem zahtjeva za \u010dlanstvo i dobivanjem suglasnosti. Za registraciju na Internet trgovinu i kupnju putem nje morate imati najmanje 18 godina i biti poslovno sposobni. Kupac je odgovoran za to\u010dnost i potpunost podataka unesenih u prijavnicu. Ako promijenite podatke koje ste unijeli tijekom registracije, morate a\u017eurirati svoj ra\u010dun kako biste nas obavijestili o svim promjenama.<\/p>\n<p>&nbsp;<\/p>\n<p>&nbsp;<\/p>\n<p><strong>11. Sigurnost<\/strong><\/p>\n<p>&nbsp;<\/p>\n<p>Prilikom registracije na Internet trgovini od vas \u0107e se tra\u017eiti da kreirate korisni\u010dko ime i lozinku koje \u010duvate i ne dijelite ih s drugim osobama. Vi ste odgovorni za sve radnje i naloge naru\u010dene pod va\u0161om lozinkom. Ako znate ili sumnjate da netko drugi koristi va\u0161u lozinku, morate nas obavijestiti.<\/p>\n<p>&nbsp;<\/p>\n<p>&nbsp;<\/p>\n<p><strong>12. Promjene<\/strong><\/p>\n<p>&nbsp;<\/p>\n<p>Tvrtka Bosotina d.o.o. zadr\u017eava pravo izmjene ovih Op\u0107ih uvjeta poslovanja. Sve registrirane korisnike o promjeni Op\u0107ih uvjeta obavijestit \u0107emo putem e-mail adresa koje su unijeli prilikom registracije. Ukoliko se ne sla\u017eete i ne prihva\u0107ate ove Op\u0107e uvjete, molimo da nas kontaktirate putem e-po\u0161te i u me\u0111uvremenu ne koristite usluge CHRONOSHIELD Internet trgovine niti mogu\u0107nost naru\u010divanja na\u0161ih proizvoda putem e-po\u0161te.<\/p>\n<p>&nbsp;<\/p>\n<p>&nbsp;<\/p>\n<p><strong>13. Dostupnost Chronoshield internet trgovine<br \/>\n<\/strong><\/p>\n<p>&nbsp;<\/p>\n<p>Tvrtka Bosotina d.o.o. nastoji vam pru\u017eiti najbolju mogu\u0107u uslugu, ali ne mo\u017eemo jam\u010diti da \u0107e ona odgovarati va\u0161im potrebama. Osim toga, Bosotina d.o.o. ne mo\u017ee jam\u010diti da \u0107e usluga biti obavljena bez mogu\u0107ih gre\u0161aka. Ako se pojavi pogre\u0161ka, prijavite je e-po\u0161tom na info@chrono-shield.com kako bismo je \u0161to prije mogli popraviti. Pristup internetskoj trgovini CHRONOSHIELD ponekad mo\u017ee biti nedostupan zbog tehni\u010dkih radova.<\/p>\n<p>&nbsp;<\/p>\n<p>&nbsp;<\/p>\n<p><strong>14. Linkovi<\/strong><\/p>\n<p>&nbsp;<\/p>\n<p>Ukoliko Vas neki od linkova na web stranici chrono-shield.com odvede na drugu stranicu, Bosotina d.o.o. ne kontrolira sadr\u017eaj na istima i ne odgovaramo za njihov sadr\u017eaj.<\/p>\n","protected":false},"excerpt":{"rendered":"<p>1. Uvjeti kori\u0161tenja &nbsp; Web stranica CHRONOSHIELD (www.chrono-shield.com) je web stranica usluge za \u010dlanstvo. Svatko tko kupi chronoshield \u010dlanstvo dobiva Chronoshield dodatak protiv starenja (&#8216;proizvod&#8217;) za kupljeni broj mjeseci. Ovaj proizvod se ne prodaje i nije dostupan za kupnju na ovoj web stranici izvan \u010dlanstva. &nbsp; Web stranica CHRONOSHIELD (www.chrono-shield.com) mo\u017ee se koristiti za privatnu &hellip; <a href=\"https:\/\/life-platform.com\/hr\/terms-and-conditions\/\">Continued<\/a><\/p>\n","protected":false},"author":1,"featured_media":0,"parent":0,"menu_order":0,"comment_status":"closed","ping_status":"closed","template":"views\/template-custom.blade.php","meta":{"arc_restricted_post":false},"yoast_head":"<!-- This site is optimized with the Yoast SEO plugin v19.10 - https:\/\/yoast.com\/wordpress\/plugins\/seo\/ -->\n<title>Uvjeti i odredbe - ChronoShield<\/title>\n<meta name=\"robots\" content=\"index, follow, max-snippet:-1, max-image-preview:large, max-video-preview:-1\" \/>\n<link rel=\"canonical\" href=\"https:\/\/life-platform.com\/hr\/terms-and-conditions\/\" \/>\n<meta property=\"og:locale\" content=\"hr_HR\" \/>\n<meta property=\"og:type\" content=\"article\" \/>\n<meta property=\"og:title\" content=\"Uvjeti i odredbe - ChronoShield\" \/>\n<meta property=\"og:description\" content=\"1. Uvjeti kori\u0161tenja &nbsp; Web stranica CHRONOSHIELD (www.chrono-shield.com) je web stranica usluge za \u010dlanstvo. Svatko tko kupi chronoshield \u010dlanstvo dobiva Chronoshield dodatak protiv starenja (&#8216;proizvod&#8217;) za kupljeni broj mjeseci. Ovaj proizvod se ne prodaje i nije dostupan za kupnju na ovoj web stranici izvan \u010dlanstva. &nbsp; Web stranica CHRONOSHIELD (www.chrono-shield.com) mo\u017ee se koristiti za privatnu &hellip; Continued\" \/>\n<meta property=\"og:url\" content=\"https:\/\/life-platform.com\/hr\/terms-and-conditions\/\" \/>\n<meta property=\"og:site_name\" content=\"ChronoShield\" \/>\n<meta property=\"article:modified_time\" content=\"2022-10-28T23:03:17+00:00\" \/>\n<meta name=\"twitter:card\" content=\"summary_large_image\" \/>\n<meta name=\"twitter:label1\" content=\"Procijenjeno vrijeme \u010ditanja\" \/>\n\t<meta name=\"twitter:data1\" content=\"10 minuta\" \/>\n<script type=\"application\/ld+json\" class=\"yoast-schema-graph\">{\"@context\":\"https:\/\/schema.org\",\"@graph\":[{\"@type\":\"WebPage\",\"@id\":\"https:\/\/life-platform.com\/hr\/terms-and-conditions\/\",\"url\":\"https:\/\/life-platform.com\/hr\/terms-and-conditions\/\",\"name\":\"Uvjeti i odredbe - ChronoShield\",\"isPartOf\":{\"@id\":\"https:\/\/life-platform.com\/#website\"},\"datePublished\":\"2022-06-23T20:11:36+00:00\",\"dateModified\":\"2022-10-28T23:03:17+00:00\",\"breadcrumb\":{\"@id\":\"https:\/\/life-platform.com\/hr\/terms-and-conditions\/#breadcrumb\"},\"inLanguage\":\"hr\",\"potentialAction\":[{\"@type\":\"ReadAction\",\"target\":[\"https:\/\/life-platform.com\/hr\/terms-and-conditions\/\"]}]},{\"@type\":\"BreadcrumbList\",\"@id\":\"https:\/\/life-platform.com\/hr\/terms-and-conditions\/#breadcrumb\",\"itemListElement\":[{\"@type\":\"ListItem\",\"position\":1,\"name\":\"Home\",\"item\":\"https:\/\/life-platform.com\/hr\/\"},{\"@type\":\"ListItem\",\"position\":2,\"name\":\"Uvjeti i odredbe\"}]},{\"@type\":\"WebSite\",\"@id\":\"https:\/\/life-platform.com\/#website\",\"url\":\"https:\/\/life-platform.com\/\",\"name\":\"ChronoShield\",\"description\":\"\",\"publisher\":{\"@id\":\"https:\/\/life-platform.com\/#organization\"},\"potentialAction\":[{\"@type\":\"SearchAction\",\"target\":{\"@type\":\"EntryPoint\",\"urlTemplate\":\"https:\/\/life-platform.com\/?s={search_term_string}\"},\"query-input\":\"required name=search_term_string\"}],\"inLanguage\":\"hr\"},{\"@type\":\"Organization\",\"@id\":\"https:\/\/life-platform.com\/#organization\",\"name\":\"Chronoshield\",\"url\":\"https:\/\/life-platform.com\/\",\"logo\":{\"@type\":\"ImageObject\",\"inLanguage\":\"hr\",\"@id\":\"https:\/\/life-platform.com\/#\/schema\/logo\/image\/\",\"url\":\"https:\/\/life-platform.com\/wp-content\/uploads\/2022\/07\/logo.png\",\"contentUrl\":\"https:\/\/life-platform.com\/wp-content\/uploads\/2022\/07\/logo.png\",\"width\":345,\"height\":64,\"caption\":\"Chronoshield\"},\"image\":{\"@id\":\"https:\/\/life-platform.com\/#\/schema\/logo\/image\/\"}}]}<\/script>\n<!-- \/ Yoast SEO plugin. -->","yoast_head_json":{"title":"Uvjeti i odredbe - ChronoShield","robots":{"index":"index","follow":"follow","max-snippet":"max-snippet:-1","max-image-preview":"max-image-preview:large","max-video-preview":"max-video-preview:-1"},"canonical":"https:\/\/life-platform.com\/hr\/terms-and-conditions\/","og_locale":"hr_HR","og_type":"article","og_title":"Uvjeti i odredbe - ChronoShield","og_description":"1. Uvjeti kori\u0161tenja &nbsp; Web stranica CHRONOSHIELD (www.chrono-shield.com) je web stranica usluge za \u010dlanstvo. Svatko tko kupi chronoshield \u010dlanstvo dobiva Chronoshield dodatak protiv starenja (&#8216;proizvod&#8217;) za kupljeni broj mjeseci. Ovaj proizvod se ne prodaje i nije dostupan za kupnju na ovoj web stranici izvan \u010dlanstva. &nbsp; Web stranica CHRONOSHIELD (www.chrono-shield.com) mo\u017ee se koristiti za privatnu &hellip; Continued","og_url":"https:\/\/life-platform.com\/hr\/terms-and-conditions\/","og_site_name":"ChronoShield","article_modified_time":"2022-10-28T23:03:17+00:00","twitter_card":"summary_large_image","twitter_misc":{"Procijenjeno vrijeme \u010ditanja":"10 minuta"},"schema":{"@context":"https:\/\/schema.org","@graph":[{"@type":"WebPage","@id":"https:\/\/life-platform.com\/hr\/terms-and-conditions\/","url":"https:\/\/life-platform.com\/hr\/terms-and-conditions\/","name":"Uvjeti i odredbe - ChronoShield","isPartOf":{"@id":"https:\/\/life-platform.com\/#website"},"datePublished":"2022-06-23T20:11:36+00:00","dateModified":"2022-10-28T23:03:17+00:00","breadcrumb":{"@id":"https:\/\/life-platform.com\/hr\/terms-and-conditions\/#breadcrumb"},"inLanguage":"hr","potentialAction":[{"@type":"ReadAction","target":["https:\/\/life-platform.com\/hr\/terms-and-conditions\/"]}]},{"@type":"BreadcrumbList","@id":"https:\/\/life-platform.com\/hr\/terms-and-conditions\/#breadcrumb","itemListElement":[{"@type":"ListItem","position":1,"name":"Home","item":"https:\/\/life-platform.com\/hr\/"},{"@type":"ListItem","position":2,"name":"Uvjeti i odredbe"}]},{"@type":"WebSite","@id":"https:\/\/life-platform.com\/#website","url":"https:\/\/life-platform.com\/","name":"ChronoShield","description":"","publisher":{"@id":"https:\/\/life-platform.com\/#organization"},"potentialAction":[{"@type":"SearchAction","target":{"@type":"EntryPoint","urlTemplate":"https:\/\/life-platform.com\/?s={search_term_string}"},"query-input":"required name=search_term_string"}],"inLanguage":"hr"},{"@type":"Organization","@id":"https:\/\/life-platform.com\/#organization","name":"Chronoshield","url":"https:\/\/life-platform.com\/","logo":{"@type":"ImageObject","inLanguage":"hr","@id":"https:\/\/life-platform.com\/#\/schema\/logo\/image\/","url":"https:\/\/life-platform.com\/wp-content\/uploads\/2022\/07\/logo.png","contentUrl":"https:\/\/life-platform.com\/wp-content\/uploads\/2022\/07\/logo.png","width":345,"height":64,"caption":"Chronoshield"},"image":{"@id":"https:\/\/life-platform.com\/#\/schema\/logo\/image\/"}}]}},"_links":{"self":[{"href":"https:\/\/life-platform.com\/hr\/wp-json\/wp\/v2\/pages\/518"}],"collection":[{"href":"https:\/\/life-platform.com\/hr\/wp-json\/wp\/v2\/pages"}],"about":[{"href":"https:\/\/life-platform.com\/hr\/wp-json\/wp\/v2\/types\/page"}],"author":[{"embeddable":true,"href":"https:\/\/life-platform.com\/hr\/wp-json\/wp\/v2\/users\/1"}],"replies":[{"embeddable":true,"href":"https:\/\/life-platform.com\/hr\/wp-json\/wp\/v2\/comments?post=518"}],"version-history":[{"count":4,"href":"https:\/\/life-platform.com\/hr\/wp-json\/wp\/v2\/pages\/518\/revisions"}],"predecessor-version":[{"id":1501,"href":"https:\/\/life-platform.com\/hr\/wp-json\/wp\/v2\/pages\/518\/revisions\/1501"}],"wp:attachment":[{"href":"https:\/\/life-platform.com\/hr\/wp-json\/wp\/v2\/media?parent=518"}],"curies":[{"name":"wp","href":"https:\/\/api.w.org\/{rel}","templated":true}]}}